{"id":6999,"date":"2026-05-13T15:29:37","date_gmt":"2026-05-13T13:29:37","guid":{"rendered":"https:\/\/www.van-away.com\/vente-vans\/?post_type=product&#038;p=6999"},"modified":"2026-05-13T16:22:44","modified_gmt":"2026-05-13T14:22:44","slug":"tente-de-toit-naitup-duo-2","status":"publish","type":"product","link":"https:\/\/www.van-away.com\/vente-vans\/p\/tente-de-toit-naitup-duo-2","title":{"rendered":"Tente de toit Naitup Duo"},"content":{"rendered":"<p>Tente de toit occasion, 2025. Garantie 9 ans.<\/p>\n<p>\u00c9tat neuf. Pas de d\u00e9fauts<\/p>\n<p>Options :<\/p>\n<ul>\n<li>Sous matelas<\/li>\n<li>Crochet des deux c\u00f4t\u00e9s<\/li>\n<\/ul>\n<p>Installation offerte sur votre v\u00e9hicule.<\/p>\n<p>Prix neuf : 2790\u20ac<\/p>\n","protected":false},"excerpt":{"rendered":"<p>L\u2019agence VAN-AWAY Toulouse vous propose des accessoires et am\u00e9nagements de qualit\u00e9 pour transformer vos voitures, ludospaces ou vans en v\u00e9hicules de loisir !<\/p>\n<p>Tentes de toit, malles de voyages, kits d&rsquo;am\u00e9nagement d\u00e9montables : nous vous proposons toutes les solutions du march\u00e9 pour vos vacances, adaptables sur votre v\u00e9hicule.<\/p>\n<p>Nous pouvons dans notre show room vous faire la pr\u00e9sentation et d\u00e9monstration de nos produits, et \u00e9tudier avec vous l&rsquo;option la plus compatible avec votre v\u00e9hicule, et avec vos projets de voyage ! Pour cela, merci de nous contacter pour prendre rendez vous !<\/p>\n","protected":false},"featured_media":5304,"template":"","meta":{"_acf_changed":false,"_seopress_robots_primary_cat":"","_seopress_titles_title":"","_seopress_titles_desc":"","_seopress_robots_index":"","inline_featured_image":false},"product_brand":[],"product_cat":[32,62],"product_tag":[],"options":[124,132,129,134,119,126,120,121],"class_list":{"0":"post-6999","1":"product","2":"type-product","3":"status-publish","4":"has-post-thumbnail","6":"product_cat-accessoires-amenagements","7":"product_cat-tente-de-toit","9":"first","10":"instock","11":"taxable","12":"shipping-taxable","13":"purchasable","14":"product-type-simple"},"acf":[],"_links":{"self":[{"href":"https:\/\/www.van-away.com\/vente-vans\/wp-json\/wp\/v2\/product\/6999","targetHints":{"allow":["GET"]}}],"collection":[{"href":"https:\/\/www.van-away.com\/vente-vans\/wp-json\/wp\/v2\/product"}],"about":[{"href":"https:\/\/www.van-away.com\/vente-vans\/wp-json\/wp\/v2\/types\/product"}],"wp:featuredmedia":[{"embeddable":true,"href":"https:\/\/www.van-away.com\/vente-vans\/wp-json\/wp\/v2\/media\/5304"}],"wp:attachment":[{"href":"https:\/\/www.van-away.com\/vente-vans\/wp-json\/wp\/v2\/media?parent=6999"}],"wp:term":[{"taxonomy":"product_brand","embeddable":true,"href":"https:\/\/www.van-away.com\/vente-vans\/wp-json\/wp\/v2\/product_brand?post=6999"},{"taxonomy":"product_cat","embeddable":true,"href":"https:\/\/www.van-away.com\/vente-vans\/wp-json\/wp\/v2\/product_cat?post=6999"},{"taxonomy":"product_tag","embeddable":true,"href":"https:\/\/www.van-away.com\/vente-vans\/wp-json\/wp\/v2\/product_tag?post=6999"},{"taxonomy":"options","embeddable":true,"href":"https:\/\/www.van-away.com\/vente-vans\/wp-json\/wp\/v2\/options?post=6999"}],"curies":[{"name":"wp","href":"https:\/\/api.w.org\/{rel}","templated":true}]}}