{"id":6832,"date":"2026-04-07T09:31:07","date_gmt":"2026-04-07T07:31:07","guid":{"rendered":"https:\/\/www.van-away.com\/vente-vans\/?post_type=product&#038;p=6832"},"modified":"2026-04-07T09:35:48","modified_gmt":"2026-04-07T07:35:48","slug":"opel-vivaro-2026-kit-nord-vanmania","status":"publish","type":"product","link":"https:\/\/www.van-away.com\/vente-vans\/p\/opel-vivaro-2026-kit-nord-vanmania","title":{"rendered":"Opel VIVARO 2026 \u2013 Kit NORD VanMania"},"content":{"rendered":"<p data-start=\"116\" data-end=\"376\">D\u00e9couvrez notre <strong><span class=\"hover:entity-accent entity-underline inline cursor-pointer align-baseline\"><span class=\"whitespace-normal\">Opel Vivaro<\/span><\/span><\/strong> d\u2019occasion, <strong>version L2 2.0 Diesel 150 ch bo\u00eete automatique<\/strong>, \u00e9quip\u00e9 du kit d\u2019am\u00e9nagement VanMania. Un fourgon polyvalent qui se transforme en v\u00e9ritable van am\u00e9nag\u00e9, pens\u00e9 pour l\u2019aventure en toute simplicit\u00e9.<\/p>\n<p data-start=\"378\" data-end=\"802\">Cet am\u00e9nagement amovible, pratique et intelligent, comprend <strong>un lit 2 places confortable<\/strong>, une <strong>cuisine fonctionnelle<\/strong> utilisable aussi bien depuis l\u2019int\u00e9rieur que l\u2019ext\u00e9rieur, de nombreux rangements optimis\u00e9s, une table pliante ainsi que plusieurs \u00e9quipements d\u00e9di\u00e9s au confort. Id\u00e9al pour la vanlife, les road trips ou les escapades du week-end, ce Vivaro am\u00e9nag\u00e9 est parfaitement adapt\u00e9 pour voyager l\u00e9ger, en solo ou \u00e0 deux.<\/p>\n<p data-start=\"804\" data-end=\"1053\">Et toute sa force est l\u00e0 : une fois le kit retir\u00e9 (en seulement 15 minutes), le v\u00e9hicule retrouve pleinement sa fonction d\u2019utilitaire avec un volume de chargement optimal. <strong>Un vrai v\u00e9hicule 2-en-1, aussi \u00e0 l\u2019aise pour le travail que pour les loisirs<\/strong>.<\/p>\n<p data-start=\"1055\" data-end=\"1121\"><strong>OPEL VIVARO L2 \u2013 2.0 DIESEL 150 CH \u2013 BO\u00ceTE AUTOMATIQUE\u00a0<\/strong><\/p>\n<p data-start=\"1123\" data-end=\"1715\">V\u00e9hicule tr\u00e8s bien \u00e9quip\u00e9, offrant un excellent compromis entre confort, s\u00e9curit\u00e9 et technologie : ABS, airbags, allumage automatique des phares et des essuie-vitres, r\u00e9gulateur et limiteur de vitesse, cam\u00e9ra de recul, aide au stationnement arri\u00e8re, capteur de pluie, assistance au maintien dans la voie, freinage automatique d\u2019urgence, reconnaissance des panneaux de signalisation, d\u00e9tection de fatigue conducteur, ordinateur de bord avec <strong>CarPlay<\/strong>, syst\u00e8me audio avec commandes au volant, ports USB et Jack, climatisation, vitres \u00e9lectriques, r\u00e9troviseurs \u00e9lectriques et chauffants, fermeture centralis\u00e9e.<\/p>\n<p data-start=\"1717\" data-end=\"1927\">Le v\u00e9hicule dispose \u00e9galement d\u2019un hayon arri\u00e8re vitr\u00e9 avec essuie-vitre, de vitres lat\u00e9rales coulissantes surteint\u00e9es, d\u2019une porte lat\u00e9rale coulissante, ainsi que d\u2019un pack connectivit\u00e9 avec services int\u00e9gr\u00e9s.<\/p>\n<p data-start=\"1929\" data-end=\"1982\">Garantie 1 an \u00a0incluse avec possibilit\u00e9 d\u2019extension.<\/p>\n","protected":false},"excerpt":{"rendered":"<p data-start=\"69\" data-end=\"368\">Si vous recherchez un v\u00e9hicule adapt\u00e9 \u00e0 vos besoins, nous proposons \u00e9galement d\u2019autres mod\u00e8les pouvant parfaitement correspondre \u00e0 votre projet, que ce soit pour un usage utilitaire, loisirs ou vanlife.<\/p>\n<p data-start=\"69\" data-end=\"368\">N\u2019h\u00e9sitez pas \u00e0 nous contacter pour b\u00e9n\u00e9ficier de conseils personnalis\u00e9s ou obtenir plus de renseignements. Il est \u00e9galement possible de venir essayer nos v\u00e9hicules afin de vous assurer de faire le bon choix en toute s\u00e9r\u00e9nit\u00e9.<\/p>\n<p data-start=\"69\" data-end=\"368\">Benoit.<\/p>\n","protected":false},"featured_media":6842,"template":"","meta":{"_acf_changed":false,"_seopress_robots_primary_cat":"none","_seopress_titles_title":"Opel Vivaro am\u00e9nag\u00e9 150ch \u2013 Kit VanMania Nord","_seopress_titles_desc":"Opel Vivaro am\u00e9nag\u00e9 VanMania L2 150ch BVA. Lit 2 places, cuisine, modulable en utilitaire en 15 min. Id\u00e9al vanlife. Garantie 1 an incluse.","_seopress_robots_index":"","inline_featured_image":false},"product_brand":[166],"product_cat":[35],"product_tag":[],"options":[103,95],"class_list":{"0":"post-6832","1":"product","2":"type-product","3":"status-publish","4":"has-post-thumbnail","6":"product_brand-kit-van-mania","7":"product_cat-van","9":"first","10":"instock","11":"taxable","12":"shipping-taxable","13":"purchasable","14":"product-type-simple"},"acf":[],"_links":{"self":[{"href":"https:\/\/www.van-away.com\/vente-vans\/wp-json\/wp\/v2\/product\/6832","targetHints":{"allow":["GET"]}}],"collection":[{"href":"https:\/\/www.van-away.com\/vente-vans\/wp-json\/wp\/v2\/product"}],"about":[{"href":"https:\/\/www.van-away.com\/vente-vans\/wp-json\/wp\/v2\/types\/product"}],"wp:featuredmedia":[{"embeddable":true,"href":"https:\/\/www.van-away.com\/vente-vans\/wp-json\/wp\/v2\/media\/6842"}],"wp:attachment":[{"href":"https:\/\/www.van-away.com\/vente-vans\/wp-json\/wp\/v2\/media?parent=6832"}],"wp:term":[{"taxonomy":"product_brand","embeddable":true,"href":"https:\/\/www.van-away.com\/vente-vans\/wp-json\/wp\/v2\/product_brand?post=6832"},{"taxonomy":"product_cat","embeddable":true,"href":"https:\/\/www.van-away.com\/vente-vans\/wp-json\/wp\/v2\/product_cat?post=6832"},{"taxonomy":"product_tag","embeddable":true,"href":"https:\/\/www.van-away.com\/vente-vans\/wp-json\/wp\/v2\/product_tag?post=6832"},{"taxonomy":"options","embeddable":true,"href":"https:\/\/www.van-away.com\/vente-vans\/wp-json\/wp\/v2\/options?post=6832"}],"curies":[{"name":"wp","href":"https:\/\/api.w.org\/{rel}","templated":true}]}}