{"id":6817,"date":"2026-03-26T16:42:07","date_gmt":"2026-03-26T15:42:07","guid":{"rendered":"https:\/\/www.van-away.com\/vente-vans\/?post_type=product&#038;p=6817"},"modified":"2026-03-26T16:47:51","modified_gmt":"2026-03-26T15:47:51","slug":"renault-trafic-iii-kit-sud-vasp-vanmania-595","status":"publish","type":"product","link":"https:\/\/www.van-away.com\/vente-vans\/p\/renault-trafic-iii-kit-sud-vasp-vanmania-595","title":{"rendered":"Renault Trafic III \u2013 Kit SUD VASP VanMania \u2013 595"},"content":{"rendered":"<div class=\"flex flex-col gap-4\">\n<p class=\"p1\">\u00c0 l\u2019agence VAN-AWAY Remouill\u00e9, Antoine et toute son \u00e9quipe vous accueillent avec passion et authenticit\u00e9. V\u00e9ritable artisan du voyage, Antoine est un baroudeur dans l\u2019\u00e2me qui a sillonn\u00e9 les routes d\u2019Europe et d\u2019Oc\u00e9anie en van am\u00e9nag\u00e9. Il met aujourd\u2019hui cette exp\u00e9rience au service de vos projets d\u2019\u00e9vasion, avec une approche humaine et sur-mesure.<\/p>\n<p class=\"p1\">Depuis 2016, Antoine explore toutes les facettes de l\u2019univers du van am\u00e9nag\u00e9. Son savoir-faire unique et son \u00e9quipe compos\u00e9e de passionn\u00e9es de la vanille,<span class=\"Apple-converted-space\">\u00a0 <\/span>garantissent des v\u00e9hicules pens\u00e9s dans les moindres d\u00e9tails.<\/p>\n<p class=\"p1\">Tous nos vans sont des occasions r\u00e9centes, soigneusement entretenues et r\u00e9vis\u00e9es, pr\u00eates \u00e0 prendre la route en toute s\u00e9r\u00e9nit\u00e9. Lors de la remise des cl\u00e9s, l\u2019\u00e9quipe prend le temps de vous faire une pr\u00e9sentation compl\u00e8te du v\u00e9hicule, afin que vous partiez en toute confiance.<\/p>\n<p class=\"p1\">Et parce que l\u2019accompagnement ne s\u2019arr\u00eate pas au d\u00e9part, l\u2019\u00e9quipe de l\u2019agence VAN-AWAY Remouill\u00e9 reste disponible et \u00e0 votre \u00e9coute pour r\u00e9pondre \u00e0 vos questions et vous conseiller, avant comme apr\u00e8s votre achat.<\/p>\n<p class=\"p1\">Avec VAN-AWAY Remouill\u00e9, partez l\u2019esprit libre : vous \u00eates entre de bonnes mains !<\/p>\n<p>D\u00e9couvrez notre Renault Trafic am\u00e9nag\u00e9 Van Mania Sud : id\u00e9al pour partir \u00e0 4, ce van modulable dispose d\u2019un toit relevable, d\u2019une banquette convertible homologu\u00e9e, et d\u2019une cuisine amovible utilisable dedans comme dehors. Avec ses nombreux rangements, ses couchages confortables et son espace optimis\u00e9, profitez de la libert\u00e9\u2026 en solo ou \u00e0 plusieurs !<\/p>\n<p><span class=\"OYPEnA font-feature-liga-off font-feature-clig-off font-feature-calt-off text-decoration-none text-strikethrough-none\">Renault Trafic L1H1 DCI150 BVM<\/span><\/p>\n<ul>\n<li class=\"cvGsUA direction-ltr align-end para-style-body\"><strong><span class=\"OYPEnA font-feature-liga-off font-feature-clig-off font-feature-calt-off text-decoration-none text-strikethrough-none\">Pack Grand Confort\u00a0<\/span><\/strong><span class=\"OYPEnA font-feature-liga-off font-feature-clig-off font-feature-calt-off text-decoration-none text-strikethrough-none\">: Syst\u00e8me multimedia Easy Link avec \u00e9cran tactile 8\u2032 et r\u00e9plication smartphone \u2013 Climatisation manuelle \u2013 Radar de recul,\u2026<\/span><\/li>\n<li><strong><span class=\"OYPEnA font-feature-liga-off font-feature-clig-off font-feature-calt-off text-decoration-none text-strikethrough-none\">Pack Visibilit\u00e9<\/span><\/strong><span class=\"OYPEnA font-feature-liga-off font-feature-clig-off font-feature-calt-off text-decoration-none text-strikethrough-none\"> : Anti Brouillard<\/span><\/li>\n<li class=\"cvGsUA direction-ltr align-end para-style-body\"><strong><span class=\"OYPEnA font-feature-liga-off font-feature-clig-off font-feature-calt-off text-decoration-none text-strikethrough-none\">Pack Easy Park Plus<\/span><\/strong><span class=\"OYPEnA font-feature-liga-off font-feature-clig-off font-feature-calt-off text-decoration-none text-strikethrough-none\"> : Cam\u00e9ra de recul \u2013 Miroir grand angle \u2013 Radars avant, arri\u00e8re et lat\u00e9raux<\/span><\/li>\n<\/ul>\n<p>REF : 595<\/p>\n<\/div>\n","protected":false},"excerpt":{"rendered":"<p class=\"p1\">\u00c0 l\u2019agence VAN-AWAY Remouill\u00e9, Antoine et son \u00e9quipe vous accueillent avec passion et authenticit\u00e9. Baroudeur dans l\u2019\u00e2me, Antoine a parcouru l\u2019Europe et l\u2019Oc\u00e9anie en van am\u00e9nag\u00e9 et met aujourd\u2019hui son exp\u00e9rience au service de vos projets d\u2019\u00e9vasion.<\/p>\n<p class=\"p1\">Depuis 2016, il explore toutes les facettes de l\u2019univers du van am\u00e9nag\u00e9. Son savoir-faire et son \u00e9quipe de passionn\u00e9s du van garantissent des v\u00e9hicules pens\u00e9s dans les moindres d\u00e9tails, r\u00e9cents, entretenus et pr\u00eats \u00e0 prendre la route.<\/p>\n<p class=\"p1\">Lors de la remise des cl\u00e9s, l\u2019\u00e9quipe prend le temps de vous pr\u00e9senter le v\u00e9hicule afin que vous partiez en toute confiance. Et parce que l\u2019accompagnement continue apr\u00e8s le d\u00e9part, VAN-AWAY Remouill\u00e9 reste \u00e0 votre \u00e9coute avant comme apr\u00e8s votre achat.<\/p>\n<p class=\"p1\">Avec VAN-AWAY Remouill\u00e9, partez l\u2019esprit libre !<\/p>\n","protected":false},"featured_media":6818,"template":"","meta":{"_acf_changed":false,"_seopress_robots_primary_cat":"none","_seopress_titles_title":"","_seopress_titles_desc":"","_seopress_robots_index":"","inline_featured_image":false},"product_brand":[],"product_cat":[35,31],"product_tag":[],"options":[],"class_list":{"0":"post-6817","1":"product","2":"type-product","3":"status-publish","4":"has-post-thumbnail","6":"product_cat-van","7":"product_cat-vehicules","9":"first","10":"instock","11":"sale","12":"taxable","13":"shipping-taxable","14":"purchasable","15":"product-type-simple"},"acf":[],"_links":{"self":[{"href":"https:\/\/www.van-away.com\/vente-vans\/wp-json\/wp\/v2\/product\/6817","targetHints":{"allow":["GET"]}}],"collection":[{"href":"https:\/\/www.van-away.com\/vente-vans\/wp-json\/wp\/v2\/product"}],"about":[{"href":"https:\/\/www.van-away.com\/vente-vans\/wp-json\/wp\/v2\/types\/product"}],"wp:featuredmedia":[{"embeddable":true,"href":"https:\/\/www.van-away.com\/vente-vans\/wp-json\/wp\/v2\/media\/6818"}],"wp:attachment":[{"href":"https:\/\/www.van-away.com\/vente-vans\/wp-json\/wp\/v2\/media?parent=6817"}],"wp:term":[{"taxonomy":"product_brand","embeddable":true,"href":"https:\/\/www.van-away.com\/vente-vans\/wp-json\/wp\/v2\/product_brand?post=6817"},{"taxonomy":"product_cat","embeddable":true,"href":"https:\/\/www.van-away.com\/vente-vans\/wp-json\/wp\/v2\/product_cat?post=6817"},{"taxonomy":"product_tag","embeddable":true,"href":"https:\/\/www.van-away.com\/vente-vans\/wp-json\/wp\/v2\/product_tag?post=6817"},{"taxonomy":"options","embeddable":true,"href":"https:\/\/www.van-away.com\/vente-vans\/wp-json\/wp\/v2\/options?post=6817"}],"curies":[{"name":"wp","href":"https:\/\/api.w.org\/{rel}","templated":true}]}}