{"id":6802,"date":"2026-03-26T15:10:00","date_gmt":"2026-03-26T14:10:00","guid":{"rendered":"https:\/\/www.van-away.com\/vente-vans\/?post_type=product&#038;p=6802"},"modified":"2026-03-26T17:00:35","modified_gmt":"2026-03-26T16:00:35","slug":"opel-vivaro-kit-nord-vanmania-998","status":"publish","type":"product","link":"https:\/\/www.van-away.com\/vente-vans\/p\/opel-vivaro-kit-nord-vanmania-998","title":{"rendered":"Opel VIVARO &#8211; Kit NORD VanMania &#8211; 998"},"content":{"rendered":"<p>D\u00e9couvrez notre Opel Vivaro d&rsquo;occasion \u00e9quip\u00e9 du Kit Nord VanMania. Un am\u00e9nagement amovible et malin, pens\u00e9 pour l\u2019aventure en toute simplicit\u00e9. Il comprend un lit 2 places confortable, une cuisine utilisable depuis l\u2019int\u00e9rieur ou l\u2019ext\u00e9rieur, de nombreux rangements, une table pliante, ainsi que diverses options de confort. Polyvalent, modulable et efficace, c\u2019est le compagnon id\u00e9al pour voyager l\u00e9ger, en solo ou \u00e0 deux.<\/p>\n<p>Et une fois le kit retir\u00e9 (en 15 minutes top chrono !), le v\u00e9hicule retrouve pleinement son usage utilitaire !<\/p>\n<p class=\"p1\"><b>OPEL VIVARO L2 &#8211; VIVARO L2 2.0D 120 PACK CLIM<\/b><\/p>\n<p class=\"cvGsUA direction-ltr align-start para-style-body\"><span class=\"a_GcMg font-feature-liga-off font-feature-clig-off font-feature-calt-off text-decoration-none text-strikethrough-none\">ABS, AIRBAGS, ALLUMAGE AUTO DES PHARES, <\/span><span class=\"a_GcMg font-feature-liga-off font-feature-clig-off font-feature-calt-off text-decoration-none text-strikethrough-none\">BOITE 6 VITESSES, CAMERA DE RECUL, CAPTEUR DE PLUIE, EXTENSION GARANTIE POSSIBLE, GARANTIE 6 MOIS INCLUS, ORDINATEUR DE BORD, PORT JACK, <\/span><span class=\"a_GcMg font-feature-liga-off font-feature-clig-off font-feature-calt-off text-decoration-none text-strikethrough-none\">PORT USB, AIDE AU STATIONNEMENT AR RADIO, RETROVISEURS ELECTRIQUES, SELLERIE CUIR ET TISSU, VERROUILLAGE CENTRALISE, VITRES ELECTRIQUES<\/span><\/p>\n<p>REF : 998<\/p>\n","protected":false},"excerpt":{"rendered":"<p class=\"p1\">\u00c0 l\u2019agence VAN-AWAY Remouill\u00e9, Antoine et son \u00e9quipe vous accueillent avec passion et authenticit\u00e9. Baroudeur dans l\u2019\u00e2me, Antoine a parcouru l\u2019Europe et l\u2019Oc\u00e9anie en van am\u00e9nag\u00e9 et met aujourd\u2019hui son exp\u00e9rience au service de vos projets d\u2019\u00e9vasion.<\/p>\n<p class=\"p1\">Depuis 2016, il explore toutes les facettes de l\u2019univers du van am\u00e9nag\u00e9. Son savoir-faire et son \u00e9quipe de passionn\u00e9s du van garantissent des v\u00e9hicules pens\u00e9s dans les moindres d\u00e9tails, r\u00e9cents, entretenus et pr\u00eats \u00e0 prendre la route.<\/p>\n<p class=\"p1\">Lors de la remise des cl\u00e9s, l\u2019\u00e9quipe prend le temps de vous pr\u00e9senter le v\u00e9hicule afin que vous partiez en toute confiance. Et parce que l\u2019accompagnement continue apr\u00e8s le d\u00e9part, VAN-AWAY Remouill\u00e9 reste \u00e0 votre \u00e9coute avant comme apr\u00e8s votre achat.<\/p>\n<p class=\"p1\">Avec VAN-AWAY Remouill\u00e9, partez l\u2019esprit libre !<\/p>\n","protected":false},"featured_media":6803,"template":"","meta":{"_acf_changed":false,"_seopress_robots_primary_cat":"none","_seopress_titles_title":"","_seopress_titles_desc":"","_seopress_robots_index":"","inline_featured_image":false},"product_brand":[],"product_cat":[35,31],"product_tag":[],"options":[],"class_list":{"0":"post-6802","1":"product","2":"type-product","3":"status-publish","4":"has-post-thumbnail","6":"product_cat-van","7":"product_cat-vehicules","9":"first","10":"instock","11":"taxable","12":"shipping-taxable","13":"purchasable","14":"product-type-simple"},"acf":[],"_links":{"self":[{"href":"https:\/\/www.van-away.com\/vente-vans\/wp-json\/wp\/v2\/product\/6802","targetHints":{"allow":["GET"]}}],"collection":[{"href":"https:\/\/www.van-away.com\/vente-vans\/wp-json\/wp\/v2\/product"}],"about":[{"href":"https:\/\/www.van-away.com\/vente-vans\/wp-json\/wp\/v2\/types\/product"}],"wp:featuredmedia":[{"embeddable":true,"href":"https:\/\/www.van-away.com\/vente-vans\/wp-json\/wp\/v2\/media\/6803"}],"wp:attachment":[{"href":"https:\/\/www.van-away.com\/vente-vans\/wp-json\/wp\/v2\/media?parent=6802"}],"wp:term":[{"taxonomy":"product_brand","embeddable":true,"href":"https:\/\/www.van-away.com\/vente-vans\/wp-json\/wp\/v2\/product_brand?post=6802"},{"taxonomy":"product_cat","embeddable":true,"href":"https:\/\/www.van-away.com\/vente-vans\/wp-json\/wp\/v2\/product_cat?post=6802"},{"taxonomy":"product_tag","embeddable":true,"href":"https:\/\/www.van-away.com\/vente-vans\/wp-json\/wp\/v2\/product_tag?post=6802"},{"taxonomy":"options","embeddable":true,"href":"https:\/\/www.van-away.com\/vente-vans\/wp-json\/wp\/v2\/options?post=6802"}],"curies":[{"name":"wp","href":"https:\/\/api.w.org\/{rel}","templated":true}]}}