{"id":6742,"date":"2026-03-16T11:07:40","date_gmt":"2026-03-16T10:07:40","guid":{"rendered":"https:\/\/www.van-away.com\/vente-vans\/?post_type=product&#038;p=6742"},"modified":"2026-04-26T09:55:10","modified_gmt":"2026-04-26T07:55:10","slug":"tente-de-toit-naitup-quattro","status":"publish","type":"product","link":"https:\/\/www.van-away.com\/vente-vans\/p\/tente-de-toit-naitup-quattro","title":{"rendered":"Tente de toit Naitup Quattro"},"content":{"rendered":"<p>Tente Naitup fabriqu\u00e9 en France!<\/p>\n<p>Elle s&rsquo;ouvre et se ferme en 30 secondes et se fixe rapidement gr\u00e2ce au syst\u00e8me NuFix.<\/p>\n<p>Son design inclut une grande porte, une grande fen\u00eatre avec moustiquaires et deux fen\u00eatres lat\u00e9rales cristal avec volet pour une a\u00e9ration optimale.<\/p>\n<p>Compacte ferm\u00e9e (125x215x28 cm) et ultra spacieuse ouverte (210x220x145 cm), elle offre un volume exceptionnel. Son matelas offre un couchage confortable pour deux adultes et deux enfants.<\/p>\n<p>&nbsp;<\/p>\n<p>Prix neuve: 4390\u20ac R\u00e9duction 15%! Prix de vente: 3731\u20ac<\/p>\n","protected":false},"excerpt":{"rendered":"<p>Cette tente est disponible dans votre agence Van Away Tours!<\/p>\n<p>En tant que professionnels passionn\u00e9s, nous prenons le temps de vous accompagner pleinement dans votre achat : explications d\u00e9taill\u00e9es, mise en main compl\u00e8te, conseils personnalis\u00e9s\u2026 Tout est fait pour que vous partiez sereins, avec toutes les cl\u00e9s en main. Et m\u00eame apr\u00e8s l\u2019achat, nous restons disponibles pour r\u00e9pondre \u00e0 toutes vos questions.<\/p>\n<p>&nbsp;<\/p>\n<p>Vous souhaitez venir voir le v\u00e9hicule ou finaliser votre achat sur place ? Nous vous accueillons avec plaisir et pouvons m\u00eame venir vous chercher gratuitement \u00e0 la gare ou \u00e0 l\u2019a\u00e9roport de Tours.<\/p>\n<p>&nbsp;<\/p>\n<p>\u00c0 tr\u00e8s bient\u00f4t chez Van Away Tours !<\/p>\n","protected":false},"featured_media":6746,"template":"","meta":{"_acf_changed":false,"_seopress_robots_primary_cat":"none","_seopress_titles_title":"","_seopress_titles_desc":"","_seopress_robots_index":"","inline_featured_image":false},"product_brand":[],"product_cat":[32,62],"product_tag":[],"options":[132,129,134,119,126,120,121],"class_list":{"0":"post-6742","1":"product","2":"type-product","3":"status-publish","4":"has-post-thumbnail","6":"product_cat-accessoires-amenagements","7":"product_cat-tente-de-toit","9":"first","10":"instock","11":"taxable","12":"shipping-taxable","13":"purchasable","14":"product-type-simple"},"acf":[],"_links":{"self":[{"href":"https:\/\/www.van-away.com\/vente-vans\/wp-json\/wp\/v2\/product\/6742","targetHints":{"allow":["GET"]}}],"collection":[{"href":"https:\/\/www.van-away.com\/vente-vans\/wp-json\/wp\/v2\/product"}],"about":[{"href":"https:\/\/www.van-away.com\/vente-vans\/wp-json\/wp\/v2\/types\/product"}],"wp:featuredmedia":[{"embeddable":true,"href":"https:\/\/www.van-away.com\/vente-vans\/wp-json\/wp\/v2\/media\/6746"}],"wp:attachment":[{"href":"https:\/\/www.van-away.com\/vente-vans\/wp-json\/wp\/v2\/media?parent=6742"}],"wp:term":[{"taxonomy":"product_brand","embeddable":true,"href":"https:\/\/www.van-away.com\/vente-vans\/wp-json\/wp\/v2\/product_brand?post=6742"},{"taxonomy":"product_cat","embeddable":true,"href":"https:\/\/www.van-away.com\/vente-vans\/wp-json\/wp\/v2\/product_cat?post=6742"},{"taxonomy":"product_tag","embeddable":true,"href":"https:\/\/www.van-away.com\/vente-vans\/wp-json\/wp\/v2\/product_tag?post=6742"},{"taxonomy":"options","embeddable":true,"href":"https:\/\/www.van-away.com\/vente-vans\/wp-json\/wp\/v2\/options?post=6742"}],"curies":[{"name":"wp","href":"https:\/\/api.w.org\/{rel}","templated":true}]}}