{"id":6663,"date":"2026-03-11T10:37:22","date_gmt":"2026-03-11T09:37:22","guid":{"rendered":"https:\/\/www.van-away.com\/vente-vans\/?post_type=product&#038;p=6663"},"modified":"2026-03-11T10:38:16","modified_gmt":"2026-03-11T09:38:16","slug":"fiat-ducato-mc-louis-menfys-s-line-max-boite-auto-copie","status":"publish","type":"product","link":"https:\/\/www.van-away.com\/vente-vans\/p\/fiat-ducato-mc-louis-menfys-s-line-max-boite-auto-copie","title":{"rendered":"Fiat Ducato MC LOUIS MENFYS S-LINE MAX  &#8211; BOITE AUTO"},"content":{"rendered":"<p>En vente dans notre agence VAN AWAY BORDEAUX un Fourgon MC LOUIS sur base Fiat Ducato\u00a0 en 140CH en <strong>boite automatique<\/strong><\/p>\n<p>Immatriculation 15\/02\/2024<\/p>\n<p>Dimensions et poids Longueur : 5,99 m Largeur : 2,05 m Hauteur : 2,66 m Poids \u00e0 vide : 2 850 kg PTAC : 3 500 kg R\u00e9servoir eaux propres : 100 l R\u00e9servoir eaux us\u00e9es : 90 l<\/p>\n<p>V\u00e9hicule \u00e9quip\u00e9 d&rsquo;un panneau solaire, un store lat\u00e9ral, attelage<\/p>\n<p>Chauffage Webasto, Eau chaude au gaz, Frigo TRIMIX (sur secteur, au gaz ou sur batterie auxiliaire)<\/p>\n<p><strong>4 couchages<\/strong> avec ses 2 grands lits doubles superpos\u00e9s<\/p>\n<p>1ere r\u00e9vision effectu\u00e9e en septembre 2025- Pneus avants neufs de juillet 2025<\/p>\n<p>47800 KMS<\/p>\n<p>V\u00e9hicule disponible de suite<\/p>\n<p>&nbsp;<\/p>\n","protected":false},"excerpt":{"rendered":"<p>L\u2019agence VAN-AWAY Bordeaux vous propose des v\u00e9hicules r\u00e9cents enti\u00e8rement r\u00e9vis\u00e9s et sous garantie constructeur !<\/p>\n<p>Tous nos v\u00e9hicules sont des occasions r\u00e9centes parfaitement entretenus et vendus dans un \u00e9tat proche du neuf.<\/p>\n<p>Nous connaissons bien nos vans et nos fourgons; Autonomie, fonctionnement, choses \u00e0 faire et \u00e0 ne pas faire : nous prendrons au minimum une heure ensemble pour que vous maitrisiez l\u2019utilisation et l\u2019entretien de votre v\u00e9hicule, afin d\u2019en faire le meilleur usage ! Et en cas de question apr\u00e8s l\u2019achat\u2026 nous sommes l\u00e0 !<\/p>\n","protected":false},"featured_media":3813,"template":"","meta":{"_acf_changed":false,"_seopress_robots_primary_cat":"none","_seopress_titles_title":"","_seopress_titles_desc":"","_seopress_robots_index":"","inline_featured_image":false},"product_brand":[],"product_cat":[36,31],"product_tag":[],"options":[],"class_list":{"0":"post-6663","1":"product","2":"type-product","3":"status-publish","4":"has-post-thumbnail","6":"product_cat-fourgon","7":"product_cat-vehicules","9":"first","10":"instock","11":"taxable","12":"shipping-taxable","13":"purchasable","14":"product-type-simple"},"acf":[],"_links":{"self":[{"href":"https:\/\/www.van-away.com\/vente-vans\/wp-json\/wp\/v2\/product\/6663","targetHints":{"allow":["GET"]}}],"collection":[{"href":"https:\/\/www.van-away.com\/vente-vans\/wp-json\/wp\/v2\/product"}],"about":[{"href":"https:\/\/www.van-away.com\/vente-vans\/wp-json\/wp\/v2\/types\/product"}],"wp:featuredmedia":[{"embeddable":true,"href":"https:\/\/www.van-away.com\/vente-vans\/wp-json\/wp\/v2\/media\/3813"}],"wp:attachment":[{"href":"https:\/\/www.van-away.com\/vente-vans\/wp-json\/wp\/v2\/media?parent=6663"}],"wp:term":[{"taxonomy":"product_brand","embeddable":true,"href":"https:\/\/www.van-away.com\/vente-vans\/wp-json\/wp\/v2\/product_brand?post=6663"},{"taxonomy":"product_cat","embeddable":true,"href":"https:\/\/www.van-away.com\/vente-vans\/wp-json\/wp\/v2\/product_cat?post=6663"},{"taxonomy":"product_tag","embeddable":true,"href":"https:\/\/www.van-away.com\/vente-vans\/wp-json\/wp\/v2\/product_tag?post=6663"},{"taxonomy":"options","embeddable":true,"href":"https:\/\/www.van-away.com\/vente-vans\/wp-json\/wp\/v2\/options?post=6663"}],"curies":[{"name":"wp","href":"https:\/\/api.w.org\/{rel}","templated":true}]}}