{"id":6616,"date":"2026-03-07T13:10:25","date_gmt":"2026-03-07T12:10:25","guid":{"rendered":"https:\/\/www.van-away.com\/vente-vans\/?post_type=product&#038;p=6616"},"modified":"2026-03-17T16:49:05","modified_gmt":"2026-03-17T15:49:05","slug":"nouveau-california-t7","status":"publish","type":"product","link":"https:\/\/www.van-away.com\/vente-vans\/p\/nouveau-california-t7","title":{"rendered":"Nouveau California T7"},"content":{"rendered":"<p>Nouveau Volkswagen California T7 Coast bo\u00eete automatique 150 CV, id\u00e9alement configur\u00e9 1\u00e8re main immatricul\u00e9 27\/12\/2025 Garantie 5 ans<\/p>\n<p>ETAT IMPECCABLE COMME NEUF FAIBLE KILOMETRAGE<\/p>\n<p>(Semi-covering en option selon vos souhaits)<\/p>\n<p>&nbsp;<\/p>\n<p>&nbsp;<\/p>\n","protected":false},"excerpt":{"rendered":"<p>Nouveau <strong>Volkswagen California T7 Coast<\/strong> : encore plus de confort et d\u2019innovation, avec <strong>cuisine donnant sur l\u2019ext\u00e9rieur<\/strong> !<\/p>\n<p>Ce van allie le charme iconique du California \u00e0 des <strong>technologies modernes<\/strong>, un <strong>confort de route remarquable<\/strong> et des <strong>finitions et mat\u00e9riaux soign\u00e9s<\/strong>.<\/p>\n<p>Le gros plus : <strong>garantie 5 ans dans tout le r\u00e9seau Volkswagen<\/strong>.<\/p>\n<p><strong>\u00c9tat impeccable garanti pour la livraison<\/strong><br \/>\nNettoyage professionnel inclus.<\/p>\n<p><strong>Essai possible \u00e0 la location<\/strong>, rembours\u00e9 en cas d\u2019achat<br \/>\n(jusqu\u2019\u00e0 <strong>3 jours<\/strong>).<\/p>\n<p>Nous disposons actuellement de <strong>4 finitions diff\u00e9rentes<\/strong>, en versions <strong>Coast et Ocean<\/strong>.<\/p>\n<p>D\u2019autres mod\u00e8les seront <strong>prochainement disponibles \u00e0 la vente<\/strong>, avec des tarifs compris <strong>entre 60 900 \u20ac et 72 000 \u20ac<\/strong>.<\/p>\n<p><strong>Plus de photos sur demande.<\/strong><br \/>\nNous pouvons \u00e9galement vous proposer des <strong>visios pour d\u00e9couvrir ce van \u00e0 distance<\/strong>.<\/p>\n<p>N\u2019h\u00e9sitez pas \u00e0 <strong>nous contacter afin de d\u00e9finir le mod\u00e8le qui correspondra le mieux \u00e0 vos besoins<\/strong>.<\/p>\n","protected":false},"featured_media":6622,"template":"","meta":{"_acf_changed":false,"_seopress_robots_primary_cat":"none","_seopress_titles_title":"","_seopress_titles_desc":"","_seopress_robots_index":"","inline_featured_image":false},"product_brand":[],"product_cat":[35,31],"product_tag":[],"options":[],"class_list":{"0":"post-6616","1":"product","2":"type-product","3":"status-publish","4":"has-post-thumbnail","6":"product_cat-van","7":"product_cat-vehicules","9":"first","10":"instock","11":"sale","12":"taxable","13":"shipping-taxable","14":"purchasable","15":"product-type-simple"},"acf":[],"_links":{"self":[{"href":"https:\/\/www.van-away.com\/vente-vans\/wp-json\/wp\/v2\/product\/6616","targetHints":{"allow":["GET"]}}],"collection":[{"href":"https:\/\/www.van-away.com\/vente-vans\/wp-json\/wp\/v2\/product"}],"about":[{"href":"https:\/\/www.van-away.com\/vente-vans\/wp-json\/wp\/v2\/types\/product"}],"wp:featuredmedia":[{"embeddable":true,"href":"https:\/\/www.van-away.com\/vente-vans\/wp-json\/wp\/v2\/media\/6622"}],"wp:attachment":[{"href":"https:\/\/www.van-away.com\/vente-vans\/wp-json\/wp\/v2\/media?parent=6616"}],"wp:term":[{"taxonomy":"product_brand","embeddable":true,"href":"https:\/\/www.van-away.com\/vente-vans\/wp-json\/wp\/v2\/product_brand?post=6616"},{"taxonomy":"product_cat","embeddable":true,"href":"https:\/\/www.van-away.com\/vente-vans\/wp-json\/wp\/v2\/product_cat?post=6616"},{"taxonomy":"product_tag","embeddable":true,"href":"https:\/\/www.van-away.com\/vente-vans\/wp-json\/wp\/v2\/product_tag?post=6616"},{"taxonomy":"options","embeddable":true,"href":"https:\/\/www.van-away.com\/vente-vans\/wp-json\/wp\/v2\/options?post=6616"}],"curies":[{"name":"wp","href":"https:\/\/api.w.org\/{rel}","templated":true}]}}