{"id":6573,"date":"2026-02-28T13:38:37","date_gmt":"2026-02-28T12:38:37","guid":{"rendered":"https:\/\/www.van-away.com\/vente-vans\/?post_type=product&#038;p=6573"},"modified":"2026-02-28T14:09:12","modified_gmt":"2026-02-28T13:09:12","slug":"volkswagen-california-t7-coast","status":"publish","type":"product","link":"https:\/\/www.van-away.com\/vente-vans\/p\/volkswagen-california-t7-coast","title":{"rendered":"Volkswagen California T7 Coast"},"content":{"rendered":"<p>Vente occasion tr\u00e8s r\u00e9cente d\u2019un tout nouveau van Volkswagen Multivan California Coast (g\u00e9n\u00e9ration T7) avec encore plus de 4 ans de garantie. V\u00e9hicule tr\u00e8s \u00e9quip\u00e9, et tr\u00e8s moderne. Ce v\u00e9hicule est vendu dans un \u00e9tat proche du neuf, sans d\u00e9fauts de carrosserie.<\/p>\n<p>&nbsp;<\/p>\n","protected":false},"excerpt":{"rendered":"<p>L\u2019agence VAN-AWAY Pierrelatte vous propose des v\u00e9hicules sous garantie constructeur !<\/p>\n<p>Tous nos vans sont des occasions r\u00e9centes parfaitement entretenus et vendus dans un \u00e9tat proche du neuf : pas de chocs de porti\u00e8re ou de rayures !<\/p>\n<p>Nous connaissons nos vans par coeur ! Autonomie, fonctionnement, choses \u00e0 faire et \u00e0 ne pas faire : nous prendrons au minimum une heure ensemble pour que vous maitrisiez l\u2019utilisation et l\u2019entretien de votre v\u00e9hicule, afin d\u2019en faire le meilleur usage ! Et en cas de question apr\u00e8s l\u2019achat\u2026 nous sommes l\u00e0 !<\/p>\n<p>Vous venez de loin pour voir ou acheter un van ? Nous pouvons venir vous r\u00e9cup\u00e9rer \u00e0 la gare ou Pierrelatte, puis prendre le temps de vous montrer nos diff\u00e9rents v\u00e9hicules !<\/p>\n<p>La table ext\u00e9rieure est neuve, elle n\u2019a pas \u00e9t\u00e9 utilis\u00e9e lors de la location. Le v\u00e9hicule n\u2019a jamais \u00e9t\u00e9 accident\u00e9, ou n\u2019a jamais subi de panne !<\/p>\n","protected":false},"featured_media":6596,"template":"","meta":{"_acf_changed":false,"_seopress_robots_primary_cat":"none","_seopress_titles_title":"Volkswagen California T7 Coast , VAN AWAY 2025","_seopress_titles_desc":"D\u00e9couvrez ce Volkswagen California T7 d\u2019occasion r\u00e9cente, van am\u00e9nag\u00e9 fiable et en parfait \u00e9tat, pr\u00eat \u00e0 partir \u00e0 l\u2019aventure.\r\nAgence de Van Away Pierrelatte","_seopress_robots_index":"","inline_featured_image":false},"product_brand":[],"product_cat":[35],"product_tag":[],"options":[],"class_list":{"0":"post-6573","1":"product","2":"type-product","3":"status-publish","4":"has-post-thumbnail","6":"product_cat-van","8":"first","9":"instock","10":"taxable","11":"shipping-taxable","12":"purchasable","13":"product-type-simple"},"acf":[],"_links":{"self":[{"href":"https:\/\/www.van-away.com\/vente-vans\/wp-json\/wp\/v2\/product\/6573","targetHints":{"allow":["GET"]}}],"collection":[{"href":"https:\/\/www.van-away.com\/vente-vans\/wp-json\/wp\/v2\/product"}],"about":[{"href":"https:\/\/www.van-away.com\/vente-vans\/wp-json\/wp\/v2\/types\/product"}],"wp:featuredmedia":[{"embeddable":true,"href":"https:\/\/www.van-away.com\/vente-vans\/wp-json\/wp\/v2\/media\/6596"}],"wp:attachment":[{"href":"https:\/\/www.van-away.com\/vente-vans\/wp-json\/wp\/v2\/media?parent=6573"}],"wp:term":[{"taxonomy":"product_brand","embeddable":true,"href":"https:\/\/www.van-away.com\/vente-vans\/wp-json\/wp\/v2\/product_brand?post=6573"},{"taxonomy":"product_cat","embeddable":true,"href":"https:\/\/www.van-away.com\/vente-vans\/wp-json\/wp\/v2\/product_cat?post=6573"},{"taxonomy":"product_tag","embeddable":true,"href":"https:\/\/www.van-away.com\/vente-vans\/wp-json\/wp\/v2\/product_tag?post=6573"},{"taxonomy":"options","embeddable":true,"href":"https:\/\/www.van-away.com\/vente-vans\/wp-json\/wp\/v2\/options?post=6573"}],"curies":[{"name":"wp","href":"https:\/\/api.w.org\/{rel}","templated":true}]}}