{"id":6490,"date":"2025-02-17T09:48:50","date_gmt":"2025-02-17T08:48:50","guid":{"rendered":"https:\/\/www.van-away.com\/vente-vans\/?post_type=product&#038;p=6490"},"modified":"2026-03-01T09:36:58","modified_gmt":"2026-03-01T08:36:58","slug":"renault-hanroad-trek-5-extreme-edition","status":"publish","type":"product","link":"https:\/\/www.van-away.com\/vente-vans\/p\/renault-hanroad-trek-5-extreme-edition","title":{"rendered":"Renault Hanroad Trek 5 Extreme Edition"},"content":{"rendered":"<p>R\u00e9servez d\u00e8s \u00e0 pr\u00e9sent l&rsquo;un de nos Renault Trafic Hanroad sur-\u00e9quip\u00e9s en finition Trek 5 Extreme, pour vos prochaines aventures avec le van compact qui propose la grande autonomie du march\u00e9 (eau, \u00e9lectricit\u00e9, rangements&#8230;) ! V\u00e9hicules disponibles \u00e0 partir d&rsquo;Octobre 2026, vendus avec 2 ans de garantie constructeur, et dans un \u00e9tat neuf (pas de d\u00e9fauts de carrosserie ni de dommages int\u00e9rieurs).<\/p>\n","protected":false},"excerpt":{"rendered":"<p>L&rsquo;agence VAN-AWAY Toulouse vous propose des v\u00e9hicules r\u00e9cents enti\u00e8rement r\u00e9vis\u00e9s et sous garantie constructeur !<\/p>\n<p>Tous nos vans sont des occasions r\u00e9centes parfaitement entretenus et vendus dans un \u00e9tat proche du neuf : pas de chocs de porti\u00e8re ou de rayures !<\/p>\n<p>Nous connaissons nos vans par coeur ! Autonomie, fonctionnement, choses \u00e0 faire et \u00e0 ne pas faire : nous prendrons au minimum une heure ensemble pour que vous maitrisiez l&rsquo;utilisation et l&rsquo;entretien de votre v\u00e9hicule, afin d&rsquo;en faire le meilleur usage ! Et en cas de question apr\u00e8s l&rsquo;achat&#8230; nous sommes l\u00e0 !<\/p>\n<p>Vous venez de loin pour voir ou acheter un van ? Nous pouvons venir vous r\u00e9cup\u00e9rer \u00e0 la gare ou a\u00e9roport de Toulouse, puis prendre le temps de vous montrer nos diff\u00e9rents v\u00e9hicules !<\/p>\n<p>Ce Renault Trafic Hanroad est SUPER EQUIPE ! C&rsquo;est le van du march\u00e9 qui propose le plus d&rsquo;autonomie pour accueillir un couple ou une famille, jusqu&rsquo;\u00e0 5 ! Capacit\u00e9 eaux propres, autonomie \u00e9lectrique, rangements : vous ne trouverez pas mieux ailleurs ! Et tout \u00e7a dans un format compact inf\u00e9rieur \u00e0 2m de haut !<\/p>\n<p>Il est livr\u00e9 avec la premi\u00e8re r\u00e9vision Renault et une garantie de 2 ans ! Et bien s\u00fbr, dans un \u00e9tat impeccable, comme neuf : c&rsquo;est l&rsquo;engagement de la marque VAN-AWAY !<\/p>\n","protected":false},"featured_media":6502,"template":"","meta":{"_acf_changed":false,"_seopress_robots_primary_cat":"none","_seopress_titles_title":"Renault Trafic Hanroad Extreme Edition Trek 5 occasion r\u00e9cente","_seopress_titles_desc":"Superbe renault Trafic Hanroad Trek 5 extreme edition equip\u00e9 pouvant accueillir jusqu'\u00e0 5 personnes avec le maximum d'autonomie dans un format tr\u00e8s compact. Panneau solaire, eau chaude, convertisseur, chauffage avec kit altitude","_seopress_robots_index":"","inline_featured_image":false},"product_brand":[],"product_cat":[35,31],"product_tag":[],"options":[93,113,110,92,105,104,94,95,101],"class_list":{"0":"post-6490","1":"product","2":"type-product","3":"status-publish","4":"has-post-thumbnail","6":"product_cat-van","7":"product_cat-vehicules","9":"first","10":"instock","11":"taxable","12":"shipping-taxable","13":"purchasable","14":"product-type-simple"},"acf":[],"_links":{"self":[{"href":"https:\/\/www.van-away.com\/vente-vans\/wp-json\/wp\/v2\/product\/6490","targetHints":{"allow":["GET"]}}],"collection":[{"href":"https:\/\/www.van-away.com\/vente-vans\/wp-json\/wp\/v2\/product"}],"about":[{"href":"https:\/\/www.van-away.com\/vente-vans\/wp-json\/wp\/v2\/types\/product"}],"wp:featuredmedia":[{"embeddable":true,"href":"https:\/\/www.van-away.com\/vente-vans\/wp-json\/wp\/v2\/media\/6502"}],"wp:attachment":[{"href":"https:\/\/www.van-away.com\/vente-vans\/wp-json\/wp\/v2\/media?parent=6490"}],"wp:term":[{"taxonomy":"product_brand","embeddable":true,"href":"https:\/\/www.van-away.com\/vente-vans\/wp-json\/wp\/v2\/product_brand?post=6490"},{"taxonomy":"product_cat","embeddable":true,"href":"https:\/\/www.van-away.com\/vente-vans\/wp-json\/wp\/v2\/product_cat?post=6490"},{"taxonomy":"product_tag","embeddable":true,"href":"https:\/\/www.van-away.com\/vente-vans\/wp-json\/wp\/v2\/product_tag?post=6490"},{"taxonomy":"options","embeddable":true,"href":"https:\/\/www.van-away.com\/vente-vans\/wp-json\/wp\/v2\/options?post=6490"}],"curies":[{"name":"wp","href":"https:\/\/api.w.org\/{rel}","templated":true}]}}