{"id":6486,"date":"2026-02-17T09:32:45","date_gmt":"2026-02-17T08:32:45","guid":{"rendered":"https:\/\/www.van-away.com\/vente-vans\/?post_type=product&#038;p=6486"},"modified":"2026-02-17T09:32:52","modified_gmt":"2026-02-17T08:32:52","slug":"opel-vivaro-et-peugeot-expert-amenages-avec-kit-van-mania-nord","status":"publish","type":"product","link":"https:\/\/www.van-away.com\/vente-vans\/p\/opel-vivaro-et-peugeot-expert-amenages-avec-kit-van-mania-nord","title":{"rendered":"Opel Vivaro et Peugeot Expert am\u00e9nag\u00e9s avec kit VAN-MANIA Nord"},"content":{"rendered":"<p>Vente occasion r\u00e9cente d&rsquo;un superbe van Opel Vivaro 145cv et d&rsquo;un Peugeot Expert boite auto 8 rapports, dot\u00e9 d&rsquo;un am\u00e9nagement VAN-MANIA mod\u00e8le Nord (garanti \u00e0 vie !). V\u00e9hicules tr\u00e8s compacts et tr\u00e8s confortables pour 2, avec une belle autonomie \u00e9lectrique (batterie auxiliaire et panneau solaire). Vendu dans un \u00e9tat neuf, sans d\u00e9fauts de carrosserie !<\/p>\n","protected":false},"excerpt":{"rendered":"<p>L&rsquo;agence VAN-AWAY Toulouse vous propose des v\u00e9hicules r\u00e9cents enti\u00e8rement r\u00e9vis\u00e9s et sous garantie constructeur !<\/p>\n<p>Tous nos vans sont des occasions r\u00e9centes parfaitement entretenus et vendus dans un \u00e9tat proche du neuf : pas de chocs de porti\u00e8re ou de rayures !<\/p>\n<p>Nous connaissons nos vans par coeur ! Autonomie, fonctionnement, choses \u00e0 faire et \u00e0 ne pas faire : nous prendrons au minimum une heure ensemble pour que vous maitrisiez l&rsquo;utilisation et l&rsquo;entretien de votre v\u00e9hicule, afin d&rsquo;en faire le meilleur usage ! Et en cas de question apr\u00e8s l&rsquo;achat&#8230; nous sommes l\u00e0 !<\/p>\n<p>Vous venez de loin pour voir ou acheter un van ? Nous pouvons venir vous r\u00e9cup\u00e9rer \u00e0 la gare ou a\u00e9roport de Toulouse, puis prendre le temps de vous montrer nos diff\u00e9rents v\u00e9hicules !<\/p>\n<p>Ce Peugeot Expert ou Opel Vivaro est le plus compact des vans am\u00e9nag\u00e9s. Son am\u00e9nagement amovible permet tour \u00e0 tour de l&rsquo;utiliser comme un van am\u00e9nag\u00e9, ou comme un utilitaire vide ! Tr\u00e8s pratique !!! L&rsquo;am\u00e9nagement est extr\u00eamement confortable (lit, acc\u00e8s et circulation) et son look chaleureux (bambou, moquette) vous fera sentir comme \u00e0 la maison !<\/p>\n<p>Il est livr\u00e9 avec la premi\u00e8re r\u00e9vision Peugeot \/ Opel et un contr\u00f4le rigoureux effectu\u00e9 par nous m\u00eame.\u00a0 Il est couvert par la garantie constructeur 2 ans sur le porteur, et \u00e0 vie sur l&rsquo;am\u00e9nagement !<\/p>\n","protected":false},"featured_media":3965,"template":"","meta":{"_acf_changed":false,"_seopress_robots_primary_cat":"none","_seopress_titles_title":"Opel vivaro peugeot expert 2 places am\u00e9nag\u00e9 avec chauffage","_seopress_titles_desc":"Superbe opel vivaro ou peugeot expert avec am\u00e9nagement d\u00e9montable VAN-MANIA, boite automatique, chauffage gazole, 2 places. V\u00e9hicule compact pour des aventures \u00e0 2. Espaces de rangement importants","_seopress_robots_index":"","inline_featured_image":false},"product_brand":[],"product_cat":[35,31],"product_tag":[],"options":[93,113,110,92,104,94],"class_list":{"0":"post-6486","1":"product","2":"type-product","3":"status-publish","4":"has-post-thumbnail","6":"product_cat-van","7":"product_cat-vehicules","9":"first","10":"instock","11":"taxable","12":"shipping-taxable","13":"purchasable","14":"product-type-simple"},"acf":[],"_links":{"self":[{"href":"https:\/\/www.van-away.com\/vente-vans\/wp-json\/wp\/v2\/product\/6486","targetHints":{"allow":["GET"]}}],"collection":[{"href":"https:\/\/www.van-away.com\/vente-vans\/wp-json\/wp\/v2\/product"}],"about":[{"href":"https:\/\/www.van-away.com\/vente-vans\/wp-json\/wp\/v2\/types\/product"}],"wp:featuredmedia":[{"embeddable":true,"href":"https:\/\/www.van-away.com\/vente-vans\/wp-json\/wp\/v2\/media\/3965"}],"wp:attachment":[{"href":"https:\/\/www.van-away.com\/vente-vans\/wp-json\/wp\/v2\/media?parent=6486"}],"wp:term":[{"taxonomy":"product_brand","embeddable":true,"href":"https:\/\/www.van-away.com\/vente-vans\/wp-json\/wp\/v2\/product_brand?post=6486"},{"taxonomy":"product_cat","embeddable":true,"href":"https:\/\/www.van-away.com\/vente-vans\/wp-json\/wp\/v2\/product_cat?post=6486"},{"taxonomy":"product_tag","embeddable":true,"href":"https:\/\/www.van-away.com\/vente-vans\/wp-json\/wp\/v2\/product_tag?post=6486"},{"taxonomy":"options","embeddable":true,"href":"https:\/\/www.van-away.com\/vente-vans\/wp-json\/wp\/v2\/options?post=6486"}],"curies":[{"name":"wp","href":"https:\/\/api.w.org\/{rel}","templated":true}]}}