{"id":6367,"date":"2026-01-20T16:50:51","date_gmt":"2026-01-20T15:50:51","guid":{"rendered":"https:\/\/www.van-away.com\/vente-vans\/?post_type=product&#038;p=6367"},"modified":"2026-04-03T10:35:51","modified_gmt":"2026-04-03T08:35:51","slug":"volkswagen-transporter-t6-1-amenagement-van-mania-copie","status":"publish","type":"product","link":"https:\/\/www.van-away.com\/vente-vans\/p\/volkswagen-transporter-t6-1-amenagement-van-mania-copie","title":{"rendered":"Volkswagen Transporter T6.1 am\u00e9nagement Van Mania"},"content":{"rendered":"<p>A vendre, magnifique van am\u00e9nag\u00e9 sur base VW Transporter T6.1. Id\u00e9al pour les aventuriers cherchant un v\u00e9hicule fiable, polyvalent et pr\u00eat \u00e0 partir. Il est \u00e9quip\u00e9 d\u2019un am\u00e9nagement Van Mania North reconnu pour sa simplicit\u00e9 d\u2019utilisation et sa robustesse. Tr\u00e8s pratique, il est enti\u00e8rement d\u00e9montable en seulement 30 minutes permettant de retrouver l\u2019usage utilitaire du v\u00e9hicule. Entretien suivi rigoureux en concession Volkswagen, r\u00e9vision faite r\u00e9cemment. (factures \u00e0 l\u2019appui). Aucun frais \u00e0 pr\u00e9voir. V\u00e9hicule en tr\u00e8s bon \u00e9tat g\u00e9n\u00e9ral.<\/p>\n","protected":false},"excerpt":{"rendered":"<p>Nous connaissons nos vans par c\u0153ur ! Autonomie, fonctionnement, ce qu\u2019il faut faire et ne pas faire: \u00a0nous prendrons au minimum une heure ensemble pour que vous ma\u00eetrisiez l\u2019utilisation et l\u2019entretien de votre v\u00e9hicule, afin d\u2019en faire le meilleur usage ! Et en cas de besoin apr\u00e8s l\u2019achat\u2026 Nous serons \u00e0 votre disposition pour vous aider !<\/p>\n<p>Le v\u00e9hicule n\u2019a jamais \u00e9t\u00e9 accident\u00e9 et n\u2019a jamais subi de panne. En exclusivit\u00e9 Van-Away, il dispose d\u2019une douche chaude \u00e0 l\u2019arri\u00e8re !<\/p>\n<p>Parfaitement entretenu et contr\u00f4l\u00e9 rigoureusement par Volkswagen et nous-m\u00eames.<br \/>\nIl n\u2019attends que son nouveau propri\u00e9taire pour \u00ab rouler \u00bb des jours heureux \ud83d\ude42<\/p>\n","protected":false},"featured_media":6337,"template":"","meta":{"_acf_changed":false,"_seopress_robots_primary_cat":"none","_seopress_titles_title":"","_seopress_titles_desc":"","_seopress_robots_index":"","inline_featured_image":false},"product_brand":[166],"product_cat":[35,31],"product_tag":[],"options":[],"class_list":{"0":"post-6367","1":"product","2":"type-product","3":"status-publish","4":"has-post-thumbnail","6":"product_brand-kit-van-mania","7":"product_cat-van","8":"product_cat-vehicules","10":"first","11":"instock","12":"taxable","13":"shipping-taxable","14":"purchasable","15":"product-type-simple"},"acf":[],"_links":{"self":[{"href":"https:\/\/www.van-away.com\/vente-vans\/wp-json\/wp\/v2\/product\/6367","targetHints":{"allow":["GET"]}}],"collection":[{"href":"https:\/\/www.van-away.com\/vente-vans\/wp-json\/wp\/v2\/product"}],"about":[{"href":"https:\/\/www.van-away.com\/vente-vans\/wp-json\/wp\/v2\/types\/product"}],"wp:featuredmedia":[{"embeddable":true,"href":"https:\/\/www.van-away.com\/vente-vans\/wp-json\/wp\/v2\/media\/6337"}],"wp:attachment":[{"href":"https:\/\/www.van-away.com\/vente-vans\/wp-json\/wp\/v2\/media?parent=6367"}],"wp:term":[{"taxonomy":"product_brand","embeddable":true,"href":"https:\/\/www.van-away.com\/vente-vans\/wp-json\/wp\/v2\/product_brand?post=6367"},{"taxonomy":"product_cat","embeddable":true,"href":"https:\/\/www.van-away.com\/vente-vans\/wp-json\/wp\/v2\/product_cat?post=6367"},{"taxonomy":"product_tag","embeddable":true,"href":"https:\/\/www.van-away.com\/vente-vans\/wp-json\/wp\/v2\/product_tag?post=6367"},{"taxonomy":"options","embeddable":true,"href":"https:\/\/www.van-away.com\/vente-vans\/wp-json\/wp\/v2\/options?post=6367"}],"curies":[{"name":"wp","href":"https:\/\/api.w.org\/{rel}","templated":true}]}}