{"id":6143,"date":"2026-01-10T11:52:39","date_gmt":"2026-01-10T10:52:39","guid":{"rendered":"https:\/\/www.van-away.com\/vente-vans\/?post_type=product&#038;p=6143"},"modified":"2026-03-12T11:18:26","modified_gmt":"2026-03-12T10:18:26","slug":"opel-vivaro-kit-nord-vanmania-562","status":"publish","type":"product","link":"https:\/\/www.van-away.com\/vente-vans\/p\/opel-vivaro-kit-nord-vanmania-562","title":{"rendered":"Renault TRAFIC &#8211; Kit NORD VanMania &#8211; 562"},"content":{"rendered":"<p>D\u00e9couvrez notre Renault Trafic d&rsquo;occasion \u00e9quip\u00e9 du Kit Nord VanMania. Un am\u00e9nagement amovible et malin, pens\u00e9 pour l\u2019aventure en toute simplicit\u00e9. Il comprend un lit 2 places confortable, une cuisine utilisable depuis l\u2019int\u00e9rieur ou l\u2019ext\u00e9rieur, de nombreux rangements, une table pliante, ainsi que diverses options de confort. Polyvalent, modulable et efficace, c\u2019est le compagnon id\u00e9al pour voyager l\u00e9ger, en solo ou \u00e0 deux.<\/p>\n<p>Et une fois le kit retir\u00e9 (en 15 minutes top chrono !), le v\u00e9hicule retrouve pleinement son usage utilitaire !<\/p>\n<p><span class=\"OYPEnA font-feature-liga-off font-feature-clig-off font-feature-calt-off text-decoration-none text-strikethrough-none\">Renault TRAFIC L1H1 2.0 DCI 120 ch BVM<\/span><\/p>\n<ul>\n<li>Options : abs, airbags, bluetooth, boite 6 vitesses, climatisation, extension garantie possible, galerie, garantie 6 mois inclus, gps, kit bois, limiteur de vitesse, ordinateur de bord, phares antibrouillard, port jack, port usb, aide au stationnement ar, radio, regulateur de vitesse, retroviseurs electriques, retroviseur electrochrome, verrouillage centralise, vitres electriques.<\/li>\n<\/ul>\n<p>REF : 562<\/p>\n","protected":false},"excerpt":{"rendered":"<p class=\"p1\">\u00c0 l\u2019agence VAN-AWAY Remouill\u00e9, Antoine et son \u00e9quipe vous accueillent avec passion et authenticit\u00e9. Baroudeur dans l\u2019\u00e2me, Antoine a parcouru l\u2019Europe et l\u2019Oc\u00e9anie en van am\u00e9nag\u00e9 et met aujourd\u2019hui son exp\u00e9rience au service de vos projets d\u2019\u00e9vasion.<\/p>\n<p class=\"p1\">Depuis 2016, il explore toutes les facettes de l\u2019univers du van am\u00e9nag\u00e9. Son savoir-faire et son \u00e9quipe de passionn\u00e9s du van garantissent des v\u00e9hicules pens\u00e9s dans les moindres d\u00e9tails, r\u00e9cents, entretenus et pr\u00eats \u00e0 prendre la route.<\/p>\n<p class=\"p1\">Lors de la remise des cl\u00e9s, l\u2019\u00e9quipe prend le temps de vous pr\u00e9senter le v\u00e9hicule afin que vous partiez en toute confiance. Et parce que l\u2019accompagnement continue apr\u00e8s le d\u00e9part, VAN-AWAY Remouill\u00e9 reste \u00e0 votre \u00e9coute avant comme apr\u00e8s votre achat.<\/p>\n<p class=\"p1\">Avec VAN-AWAY Remouill\u00e9, partez l\u2019esprit libre !<\/p>\n","protected":false},"featured_media":6144,"template":"","meta":{"_acf_changed":false,"_seopress_robots_primary_cat":"none","_seopress_titles_title":"","_seopress_titles_desc":"","_seopress_robots_index":"","inline_featured_image":false},"product_brand":[],"product_cat":[35,31],"product_tag":[],"options":[],"class_list":{"0":"post-6143","1":"product","2":"type-product","3":"status-publish","4":"has-post-thumbnail","6":"product_cat-van","7":"product_cat-vehicules","9":"first","10":"instock","11":"taxable","12":"shipping-taxable","13":"purchasable","14":"product-type-simple"},"acf":[],"_links":{"self":[{"href":"https:\/\/www.van-away.com\/vente-vans\/wp-json\/wp\/v2\/product\/6143","targetHints":{"allow":["GET"]}}],"collection":[{"href":"https:\/\/www.van-away.com\/vente-vans\/wp-json\/wp\/v2\/product"}],"about":[{"href":"https:\/\/www.van-away.com\/vente-vans\/wp-json\/wp\/v2\/types\/product"}],"wp:featuredmedia":[{"embeddable":true,"href":"https:\/\/www.van-away.com\/vente-vans\/wp-json\/wp\/v2\/media\/6144"}],"wp:attachment":[{"href":"https:\/\/www.van-away.com\/vente-vans\/wp-json\/wp\/v2\/media?parent=6143"}],"wp:term":[{"taxonomy":"product_brand","embeddable":true,"href":"https:\/\/www.van-away.com\/vente-vans\/wp-json\/wp\/v2\/product_brand?post=6143"},{"taxonomy":"product_cat","embeddable":true,"href":"https:\/\/www.van-away.com\/vente-vans\/wp-json\/wp\/v2\/product_cat?post=6143"},{"taxonomy":"product_tag","embeddable":true,"href":"https:\/\/www.van-away.com\/vente-vans\/wp-json\/wp\/v2\/product_tag?post=6143"},{"taxonomy":"options","embeddable":true,"href":"https:\/\/www.van-away.com\/vente-vans\/wp-json\/wp\/v2\/options?post=6143"}],"curies":[{"name":"wp","href":"https:\/\/api.w.org\/{rel}","templated":true}]}}