{"id":5540,"date":"2025-12-22T10:00:28","date_gmt":"2025-12-22T09:00:28","guid":{"rendered":"https:\/\/www.van-away.com\/vente-vans\/?post_type=product&#038;p=5540"},"modified":"2025-12-29T14:40:14","modified_gmt":"2025-12-29T13:40:14","slug":"fiat-ducato-mac-louis-menfys-s-line-3","status":"publish","type":"product","link":"https:\/\/www.van-away.com\/vente-vans\/p\/fiat-ducato-mac-louis-menfys-s-line-3","title":{"rendered":"Fiat Ducato Mac Louis Menfys S-Line 3"},"content":{"rendered":"<p>En vente dans notre agence un Fourgon MC LOUIS sur base Fiat Ducato avec toit relevable 140CH en boite manuelle (6).<\/p>\n<p>Immatriculation 02\/08\/2024, 1\u00e8re r\u00e9vision effectu\u00e9e en &#8211; Pneus avants neufs.<\/p>\n<p>Dimensions et poids : Longueur : 5,99 m &#8211; Largeur : 2,05 m &#8211; Hauteur : 2,66 m &#8211; Poids \u00e0 vide : 2 850 kg &#8211; PTAC : 3 500 kg &#8211; R\u00e9servoir eaux propres : 100 l &#8211; R\u00e9servoir eaux us\u00e9es : 90 l<\/p>\n<p>V\u00e9hicule \u00e9quip\u00e9 d&rsquo;un panneau solaire, un store lat\u00e9ral, Chauffage Webasto, eau chaude au gaz, Frigo sur batterie auxiliaire.<\/p>\n<p>&nbsp;<\/p>\n","protected":false},"excerpt":{"rendered":"<p>L\u2019agence VAN-AWAY Bordeaux vous propose des v\u00e9hicules r\u00e9cents enti\u00e8rement r\u00e9vis\u00e9s et sous garantie constructeur !<\/p>\n<p>Tous nos v\u00e9hicules sont des occasions r\u00e9centes parfaitement entretenus et vendus dans un \u00e9tat proche du neuf.<\/p>\n<p>Nous connaissons bien nos vans et nos fourgons; Autonomie, fonctionnement, choses \u00e0 faire et \u00e0 ne pas faire : nous prendrons au minimum une heure ensemble pour que vous maitrisiez l\u2019utilisation et l\u2019entretien de votre v\u00e9hicule, afin d\u2019en faire le meilleur usage ! Et en cas de question apr\u00e8s l\u2019achat\u2026 nous sommes l\u00e0 !<\/p>\n","protected":false},"featured_media":3672,"template":"","meta":{"_acf_changed":false,"_seopress_robots_primary_cat":"none","_seopress_titles_title":"","_seopress_titles_desc":"","_seopress_robots_index":"","inline_featured_image":false},"product_brand":[],"product_cat":[36,31],"product_tag":[],"options":[],"class_list":{"0":"post-5540","1":"product","2":"type-product","3":"status-publish","4":"has-post-thumbnail","6":"product_cat-fourgon","7":"product_cat-vehicules","9":"first","10":"instock","11":"taxable","12":"shipping-taxable","13":"purchasable","14":"product-type-simple"},"acf":[],"_links":{"self":[{"href":"https:\/\/www.van-away.com\/vente-vans\/wp-json\/wp\/v2\/product\/5540","targetHints":{"allow":["GET"]}}],"collection":[{"href":"https:\/\/www.van-away.com\/vente-vans\/wp-json\/wp\/v2\/product"}],"about":[{"href":"https:\/\/www.van-away.com\/vente-vans\/wp-json\/wp\/v2\/types\/product"}],"wp:featuredmedia":[{"embeddable":true,"href":"https:\/\/www.van-away.com\/vente-vans\/wp-json\/wp\/v2\/media\/3672"}],"wp:attachment":[{"href":"https:\/\/www.van-away.com\/vente-vans\/wp-json\/wp\/v2\/media?parent=5540"}],"wp:term":[{"taxonomy":"product_brand","embeddable":true,"href":"https:\/\/www.van-away.com\/vente-vans\/wp-json\/wp\/v2\/product_brand?post=5540"},{"taxonomy":"product_cat","embeddable":true,"href":"https:\/\/www.van-away.com\/vente-vans\/wp-json\/wp\/v2\/product_cat?post=5540"},{"taxonomy":"product_tag","embeddable":true,"href":"https:\/\/www.van-away.com\/vente-vans\/wp-json\/wp\/v2\/product_tag?post=5540"},{"taxonomy":"options","embeddable":true,"href":"https:\/\/www.van-away.com\/vente-vans\/wp-json\/wp\/v2\/options?post=5540"}],"curies":[{"name":"wp","href":"https:\/\/api.w.org\/{rel}","templated":true}]}}