{"id":4867,"date":"2025-11-26T12:18:13","date_gmt":"2025-11-26T11:18:13","guid":{"rendered":"https:\/\/www.van-away.com\/vente-vans\/?post_type=product&#038;p=4867"},"modified":"2025-11-27T12:08:09","modified_gmt":"2025-11-27T11:08:09","slug":"cooky-box","status":"publish","type":"product","link":"https:\/\/www.van-away.com\/vente-vans\/p\/cooky-box","title":{"rendered":"COOKY BOX"},"content":{"rendered":"<p>Caract\u00e9ristiques : Pliable Corps principal en aluminium, solide , r\u00e9sistant aux hautes temp\u00e9ratures Soutenu par des pieds hauts pliables Comprend une pompe \u00e0 eau tiroirs coulissants pour un meilleur rangement des ustensiles de cuisine. plaque de cuisson amovible, pratique \u00e0 nettoyer<\/p>\n","protected":false},"excerpt":{"rendered":"<p>Taille de la boite de cuisine 123*71*87 cm<\/p>\n<p>Taille ferm\u00e9e 57*41*48.5 cm<\/p>\n<p>Poids net 18 kg<\/p>\n<p>Capacit\u00e9 46 l<\/p>\n<p>Mat\u00e9riel aluminium<\/p>\n","protected":false},"featured_media":4871,"template":"","meta":{"_acf_changed":false,"_seopress_robots_primary_cat":"none","_seopress_titles_title":"","_seopress_titles_desc":"","_seopress_robots_index":"","inline_featured_image":false},"product_brand":[],"product_cat":[32,60],"product_tag":[],"options":[119,108],"class_list":{"0":"post-4867","1":"product","2":"type-product","3":"status-publish","4":"has-post-thumbnail","6":"product_cat-accessoires-amenagements","7":"product_cat-malle-de-voyage","9":"first","10":"instock","11":"taxable","12":"shipping-taxable","13":"purchasable","14":"product-type-simple"},"acf":[],"_links":{"self":[{"href":"https:\/\/www.van-away.com\/vente-vans\/wp-json\/wp\/v2\/product\/4867","targetHints":{"allow":["GET"]}}],"collection":[{"href":"https:\/\/www.van-away.com\/vente-vans\/wp-json\/wp\/v2\/product"}],"about":[{"href":"https:\/\/www.van-away.com\/vente-vans\/wp-json\/wp\/v2\/types\/product"}],"wp:featuredmedia":[{"embeddable":true,"href":"https:\/\/www.van-away.com\/vente-vans\/wp-json\/wp\/v2\/media\/4871"}],"wp:attachment":[{"href":"https:\/\/www.van-away.com\/vente-vans\/wp-json\/wp\/v2\/media?parent=4867"}],"wp:term":[{"taxonomy":"product_brand","embeddable":true,"href":"https:\/\/www.van-away.com\/vente-vans\/wp-json\/wp\/v2\/product_brand?post=4867"},{"taxonomy":"product_cat","embeddable":true,"href":"https:\/\/www.van-away.com\/vente-vans\/wp-json\/wp\/v2\/product_cat?post=4867"},{"taxonomy":"product_tag","embeddable":true,"href":"https:\/\/www.van-away.com\/vente-vans\/wp-json\/wp\/v2\/product_tag?post=4867"},{"taxonomy":"options","embeddable":true,"href":"https:\/\/www.van-away.com\/vente-vans\/wp-json\/wp\/v2\/options?post=4867"}],"curies":[{"name":"wp","href":"https:\/\/api.w.org\/{rel}","templated":true}]}}