{"id":4850,"date":"2025-11-25T17:35:13","date_gmt":"2025-11-25T16:35:13","guid":{"rendered":"https:\/\/www.van-away.com\/vente-vans\/?post_type=product&#038;p=4850"},"modified":"2026-02-23T12:31:04","modified_gmt":"2026-02-23T11:31:04","slug":"renault-trafic-amenage-kit-van-mania","status":"publish","type":"product","link":"https:\/\/www.van-away.com\/vente-vans\/p\/renault-trafic-amenage-kit-van-mania","title":{"rendered":"Renault Trafic am\u00e9nag\u00e9 kit VAN-MANIA"},"content":{"rendered":"<p>Vente occasion r\u00e9cente d\u2019un tr\u00e8s beau Renault Trafic Dci 130cv bleu cumulus \u00e9quip\u00e9 d&rsquo;un kit d\u00e9montable VAN-MANIA (mod\u00e8le nord), chauffage stationnaire, et panneau solaire.<\/p>\n<p>Les kits d\u00e9montables permettent :<\/p>\n<ul>\n<li>De transformer en quelques secondes votre van am\u00e9nag\u00e9 en utilitaire !<\/li>\n<li>Si vous \u00eates professionnel, de r\u00e9cup\u00e9rer la TVA !<\/li>\n<\/ul>\n<p>V\u00e9hicule en parfait \u00e9tat carrosserie \/ mobilier : pas de d\u00e9fauts !<\/p>\n<p>Entretien Renault inclus + Garantie 2 ans porteur + Garantie \u00e0 vie mobilier !<\/p>\n","protected":false},"excerpt":{"rendered":"<p>L\u2019agence VAN-AWAY Toulouse vous propose des v\u00e9hicules r\u00e9cents enti\u00e8rement r\u00e9vis\u00e9s et sous garantie constructeur !<\/p>\n<p>Tous nos vans sont des occasions r\u00e9centes parfaitement entretenus et vendus dans un \u00e9tat proche du neuf : pas de chocs de porti\u00e8re ou de rayures !<\/p>\n<p>Nous connaissons nos vans par coeur ! Autonomie, fonctionnement, choses \u00e0 faire et \u00e0 ne pas faire : nous prendrons au minimum une heure ensemble pour que vous maitrisiez l\u2019utilisation et l\u2019entretien de votre v\u00e9hicule, afin d\u2019en faire le meilleur usage ! Et en cas de question apr\u00e8s l\u2019achat\u2026 nous sommes l\u00e0 !<\/p>\n<p>Vous venez de loin pour voir ou acheter un van ? Nous pouvons venir vous r\u00e9cup\u00e9rer \u00e0 la gare ou a\u00e9roport de Toulouse, puis prendre le temps de vous montrer nos diff\u00e9rents v\u00e9hicules !<\/p>\n<p>Ce van est livr\u00e9 avec r\u00e9vision Renault inclue, 2 ans de garantie sur le porteur et mobilier garanti \u00e0 vie ! Le van est comme neuf, pas de d\u00e9fauts !<\/p>\n","protected":false},"featured_media":4853,"template":"","meta":{"_acf_changed":false,"_seopress_robots_primary_cat":"none","_seopress_titles_title":"Occasion Renault trafic am\u00e9nag\u00e9 avec kit d\u00e9montable van mania","_seopress_titles_desc":"Occasion Renault trafic am\u00e9nag\u00e9 avec kit d\u00e9montable van mania, panneau solaire, isolation, chauffage. TVA r\u00e9cup\u00e9rable.","_seopress_robots_index":"","inline_featured_image":false},"product_brand":[],"product_cat":[35,31],"product_tag":[],"options":[93,113,110,137,138,92,111,104,94,95,101],"class_list":{"0":"post-4850","1":"product","2":"type-product","3":"status-publish","4":"has-post-thumbnail","6":"product_cat-van","7":"product_cat-vehicules","9":"first","10":"instock","11":"taxable","12":"shipping-taxable","13":"purchasable","14":"product-type-simple"},"acf":[],"_links":{"self":[{"href":"https:\/\/www.van-away.com\/vente-vans\/wp-json\/wp\/v2\/product\/4850","targetHints":{"allow":["GET"]}}],"collection":[{"href":"https:\/\/www.van-away.com\/vente-vans\/wp-json\/wp\/v2\/product"}],"about":[{"href":"https:\/\/www.van-away.com\/vente-vans\/wp-json\/wp\/v2\/types\/product"}],"wp:featuredmedia":[{"embeddable":true,"href":"https:\/\/www.van-away.com\/vente-vans\/wp-json\/wp\/v2\/media\/4853"}],"wp:attachment":[{"href":"https:\/\/www.van-away.com\/vente-vans\/wp-json\/wp\/v2\/media?parent=4850"}],"wp:term":[{"taxonomy":"product_brand","embeddable":true,"href":"https:\/\/www.van-away.com\/vente-vans\/wp-json\/wp\/v2\/product_brand?post=4850"},{"taxonomy":"product_cat","embeddable":true,"href":"https:\/\/www.van-away.com\/vente-vans\/wp-json\/wp\/v2\/product_cat?post=4850"},{"taxonomy":"product_tag","embeddable":true,"href":"https:\/\/www.van-away.com\/vente-vans\/wp-json\/wp\/v2\/product_tag?post=4850"},{"taxonomy":"options","embeddable":true,"href":"https:\/\/www.van-away.com\/vente-vans\/wp-json\/wp\/v2\/options?post=4850"}],"curies":[{"name":"wp","href":"https:\/\/api.w.org\/{rel}","templated":true}]}}