{"id":4789,"date":"2025-11-19T12:05:25","date_gmt":"2025-11-19T11:05:25","guid":{"rendered":"https:\/\/www.van-away.com\/vente-vans\/?post_type=product&#038;p=4789"},"modified":"2025-11-19T12:09:43","modified_gmt":"2025-11-19T11:09:43","slug":"van-california-coast-attelage","status":"publish","type":"product","link":"https:\/\/www.van-away.com\/vente-vans\/p\/van-california-coast-attelage","title":{"rendered":"VAN CALIFORNIA COAST ATTELAGE"},"content":{"rendered":"<p>Vente occasion du van coast T6.1 avec attelage avec une extension de garantie gratuite .<\/p>\n<p>Ce van est proche du neuf sans soucis de carosserie !!<\/p>\n","protected":false},"excerpt":{"rendered":"<p>Bienvenue \u00e0 l&rsquo;agence VAN AWAY CLERMONT FERRAND qui vous propose des vans fourgons en vente en tr\u00e8s bon \u00e9tat et avec une extension de garantie gratuite !!<\/p>\n<p>Tous nos v\u00e9hicules sont parfaitement entretenus et casi proches du neuf.<\/p>\n<p>Nous nous rendons disponibles pour vous pr\u00e9senter le van et en discuter<\/p>\n<p>Les accessoires tables chaises sont neufs, ils ont \u00e9t\u00e9 enlev\u00e9s d\u00e8s la premi\u00e8re location<\/p>\n<p>Livr\u00e9 avec la premi\u00e8re r\u00e9vision volskwagen<\/p>\n<p>N&rsquo;h\u00e9sitez plus !!<\/p>\n<p>&nbsp;<\/p>\n","protected":false},"featured_media":426,"template":"","meta":{"_acf_changed":false,"_seopress_robots_primary_cat":"none","_seopress_titles_title":"","_seopress_titles_desc":"","_seopress_robots_index":"","inline_featured_image":false},"product_brand":[],"product_cat":[35,31],"product_tag":[],"options":[113,136,137,128,108,121],"class_list":{"0":"post-4789","1":"product","2":"type-product","3":"status-publish","4":"has-post-thumbnail","6":"product_cat-van","7":"product_cat-vehicules","9":"first","10":"instock","11":"taxable","12":"shipping-taxable","13":"purchasable","14":"product-type-simple"},"acf":[],"_links":{"self":[{"href":"https:\/\/www.van-away.com\/vente-vans\/wp-json\/wp\/v2\/product\/4789","targetHints":{"allow":["GET"]}}],"collection":[{"href":"https:\/\/www.van-away.com\/vente-vans\/wp-json\/wp\/v2\/product"}],"about":[{"href":"https:\/\/www.van-away.com\/vente-vans\/wp-json\/wp\/v2\/types\/product"}],"wp:featuredmedia":[{"embeddable":true,"href":"https:\/\/www.van-away.com\/vente-vans\/wp-json\/wp\/v2\/media\/426"}],"wp:attachment":[{"href":"https:\/\/www.van-away.com\/vente-vans\/wp-json\/wp\/v2\/media?parent=4789"}],"wp:term":[{"taxonomy":"product_brand","embeddable":true,"href":"https:\/\/www.van-away.com\/vente-vans\/wp-json\/wp\/v2\/product_brand?post=4789"},{"taxonomy":"product_cat","embeddable":true,"href":"https:\/\/www.van-away.com\/vente-vans\/wp-json\/wp\/v2\/product_cat?post=4789"},{"taxonomy":"product_tag","embeddable":true,"href":"https:\/\/www.van-away.com\/vente-vans\/wp-json\/wp\/v2\/product_tag?post=4789"},{"taxonomy":"options","embeddable":true,"href":"https:\/\/www.van-away.com\/vente-vans\/wp-json\/wp\/v2\/options?post=4789"}],"curies":[{"name":"wp","href":"https:\/\/api.w.org\/{rel}","templated":true}]}}