{"id":4630,"date":"2025-10-31T16:01:18","date_gmt":"2025-10-31T15:01:18","guid":{"rendered":"https:\/\/www.van-away.com\/vente-vans\/?post_type=product&#038;p=4630"},"modified":"2026-03-21T13:18:26","modified_gmt":"2026-03-21T12:18:26","slug":"volkswagen-california-coast-t6-1-4","status":"publish","type":"product","link":"https:\/\/www.van-away.com\/vente-vans\/p\/volkswagen-california-coast-t6-1-4","title":{"rendered":"Volkswagen California Coast T6.1"},"content":{"rendered":"<p>Vente occasion r\u00e9cente d&rsquo;un superbe van Volkswagen California Coast DSG7 avec covering couleur Cuivre sous garantie 3 ans, \u00e9quip\u00e9 en exclusivit\u00e9 VAN-AWAY de l&rsquo;eau chaude ! V\u00e9hicules de couleur blanche vendus dans un \u00e9tat proche du neuf, sans d\u00e9fauts de carrosserie.<\/p>\n","protected":false},"excerpt":{"rendered":"<p>L&rsquo;agence VAN-AWAY Toulouse vous propose des v\u00e9hicules r\u00e9cents enti\u00e8rement r\u00e9vis\u00e9s et sous garantie constructeur !<\/p>\n<p>Tous nos vans sont des occasions r\u00e9centes parfaitement entretenus et vendus dans un \u00e9tat proche du neuf : pas de chocs de porti\u00e8re ou de rayures !<\/p>\n<p>Nous connaissons nos vans par coeur ! Autonomie, fonctionnement, choses \u00e0 faire et \u00e0 ne pas faire : nous prendrons au minimum une heure ensemble pour que vous maitrisiez l&rsquo;utilisation et l&rsquo;entretien de votre v\u00e9hicule, afin d&rsquo;en faire le meilleur usage ! Et en cas de question apr\u00e8s l&rsquo;achat&#8230; nous sommes l\u00e0 !<\/p>\n<p>Vous venez de loin pour voir ou acheter un van ? Nous pouvons venir vous r\u00e9cup\u00e9rer \u00e0 la gare ou a\u00e9roport de Toulouse, puis prendre le temps de vous montrer nos diff\u00e9rents v\u00e9hicules !<\/p>\n<p>Les accessoires de ce California sont neufs, ils n&rsquo;ont jamais servis : table, chaises, etc. Le v\u00e9hicule n&rsquo;a jamais \u00e9t\u00e9 accident\u00e9, ou n&rsquo;a jamais subi de panne !\u00a0 En exclusivit\u00e9 VAN-AWAY, il dispose d&rsquo;une douche chaude \u00e0 l&rsquo;arri\u00e8re !<\/p>\n<p>Il est livr\u00e9 avec la premi\u00e8re r\u00e9vision Volkswagen et un contr\u00f4le rigoureux effectu\u00e9 par Volkswagen et nous m\u00eame.\u00a0 Il est couvert par la garantie constructeur encore 3 ans !<\/p>\n","protected":false},"featured_media":4631,"template":"","meta":{"_acf_changed":false,"_seopress_robots_primary_cat":"none","_seopress_titles_title":"achat occasion van volkswagen T6.1 dsg7 california coast","_seopress_titles_desc":"superbe occasion van am\u00e9nag\u00e9 volkswagen california T6.1 boite auto DSG couleur blanc 150cv avec attelage","_seopress_robots_index":"","inline_featured_image":false},"product_brand":[],"product_cat":[35,31],"product_tag":[],"options":[93,110,92,109,105,94,95,101],"class_list":{"0":"post-4630","1":"product","2":"type-product","3":"status-publish","4":"has-post-thumbnail","6":"product_cat-van","7":"product_cat-vehicules","9":"first","10":"instock","11":"taxable","12":"shipping-taxable","13":"purchasable","14":"product-type-simple"},"acf":[],"_links":{"self":[{"href":"https:\/\/www.van-away.com\/vente-vans\/wp-json\/wp\/v2\/product\/4630","targetHints":{"allow":["GET"]}}],"collection":[{"href":"https:\/\/www.van-away.com\/vente-vans\/wp-json\/wp\/v2\/product"}],"about":[{"href":"https:\/\/www.van-away.com\/vente-vans\/wp-json\/wp\/v2\/types\/product"}],"wp:featuredmedia":[{"embeddable":true,"href":"https:\/\/www.van-away.com\/vente-vans\/wp-json\/wp\/v2\/media\/4631"}],"wp:attachment":[{"href":"https:\/\/www.van-away.com\/vente-vans\/wp-json\/wp\/v2\/media?parent=4630"}],"wp:term":[{"taxonomy":"product_brand","embeddable":true,"href":"https:\/\/www.van-away.com\/vente-vans\/wp-json\/wp\/v2\/product_brand?post=4630"},{"taxonomy":"product_cat","embeddable":true,"href":"https:\/\/www.van-away.com\/vente-vans\/wp-json\/wp\/v2\/product_cat?post=4630"},{"taxonomy":"product_tag","embeddable":true,"href":"https:\/\/www.van-away.com\/vente-vans\/wp-json\/wp\/v2\/product_tag?post=4630"},{"taxonomy":"options","embeddable":true,"href":"https:\/\/www.van-away.com\/vente-vans\/wp-json\/wp\/v2\/options?post=4630"}],"curies":[{"name":"wp","href":"https:\/\/api.w.org\/{rel}","templated":true}]}}