{"id":4617,"date":"2025-10-30T16:06:40","date_gmt":"2025-10-30T15:06:40","guid":{"rendered":"https:\/\/www.van-away.com\/vente-vans\/?post_type=product&#038;p=4617"},"modified":"2025-10-30T16:10:07","modified_gmt":"2025-10-30T15:10:07","slug":"renault-trafic-iii-kit-sud-vanmania-5","status":"publish","type":"product","link":"https:\/\/www.van-away.com\/vente-vans\/p\/renault-trafic-iii-kit-sud-vanmania-5","title":{"rendered":"Renault Trafic III \u2013 Kit SUD VanMania"},"content":{"rendered":"<p data-start=\"81\" data-end=\"496\">Parfait pour l\u2019\u00e9vasion, ce van modulable combine praticit\u00e9 et confort. Il est \u00e9quip\u00e9 d\u2019une banquette-lit homologu\u00e9e, d\u2019une cuisine amovible utilisable \u00e0 l\u2019int\u00e9rieur comme \u00e0 l\u2019ext\u00e9rieur, ainsi que de nombreux rangements astucieux. Son couchage confortable et son espace optimis\u00e9 en font le compagnon id\u00e9al pour voyager librement, seul, \u00e0 deux ou en famille.<\/p>\n<p data-start=\"498\" data-end=\"629\">Avec ses 4 places assises homologu\u00e9es, il s\u2019utilise aussi bien au quotidien que pour partir en week-end ou en vacances \u00e0 deux !<\/p>\n<p data-start=\"498\" data-end=\"629\">Renault Trafic III DCI130 BVM<\/p>\n<ul>\n<li class=\"cvGsUA direction-ltr align-end para-style-body\"><strong><span class=\"OYPEnA font-feature-liga-off font-feature-clig-off font-feature-calt-off text-decoration-none text-strikethrough-none\">Pack Grand Confort\u00a0<\/span><\/strong><span class=\"OYPEnA font-feature-liga-off font-feature-clig-off font-feature-calt-off text-decoration-none text-strikethrough-none\">: Syst\u00e8me multimedia Easy Link avec \u00e9cran tactile 8\u2032 et r\u00e9plication smartphone \u2013 Climatisation manuelle \u2013 Radar de recul,\u2026<\/span><\/li>\n<li><strong><span class=\"OYPEnA font-feature-liga-off font-feature-clig-off font-feature-calt-off text-decoration-none text-strikethrough-none\">Pack Visibilit\u00e9<\/span><\/strong><span class=\"OYPEnA font-feature-liga-off font-feature-clig-off font-feature-calt-off text-decoration-none text-strikethrough-none\"> : Anti Brouillard<\/span><\/li>\n<li><strong>Pack Easy Park<\/strong> Plus : Cam\u00e9ra de recul \u2013 Miroir grand angle \u2013 Radars avant, arri\u00e8re et lat\u00e9raux<\/li>\n<li><strong>Pack Look Plus :<\/strong> Jantes alliage 17\u2033<\/li>\n<\/ul>\n<p>REF : 288<\/p>\n","protected":false},"excerpt":{"rendered":"<p>Parfait pour l\u2019\u00e9vasion, ce van modulable combine praticit\u00e9 et confort. Il est \u00e9quip\u00e9 d\u2019une banquette-lit homologu\u00e9e, d\u2019une cuisine amovible utilisable \u00e0 l\u2019int\u00e9rieur comme \u00e0 l\u2019ext\u00e9rieur, ainsi que de nombreux rangements astucieux. Son couchage confortable et son espace optimis\u00e9 en font le compagnon id\u00e9al pour voyager librement, seul, \u00e0 deux ou en famille. Avec ses 4 [&hellip;]<\/p>\n","protected":false},"featured_media":4599,"template":"","meta":{"_acf_changed":false,"_seopress_robots_primary_cat":"none","_seopress_titles_title":"","_seopress_titles_desc":"","_seopress_robots_index":"","inline_featured_image":false},"product_brand":[],"product_cat":[35,31],"product_tag":[],"options":[93,110,108,107,92,94,101],"class_list":{"0":"post-4617","1":"product","2":"type-product","3":"status-publish","4":"has-post-thumbnail","6":"product_cat-van","7":"product_cat-vehicules","9":"first","10":"instock","11":"taxable","12":"shipping-taxable","13":"purchasable","14":"product-type-simple"},"acf":[],"_links":{"self":[{"href":"https:\/\/www.van-away.com\/vente-vans\/wp-json\/wp\/v2\/product\/4617","targetHints":{"allow":["GET"]}}],"collection":[{"href":"https:\/\/www.van-away.com\/vente-vans\/wp-json\/wp\/v2\/product"}],"about":[{"href":"https:\/\/www.van-away.com\/vente-vans\/wp-json\/wp\/v2\/types\/product"}],"wp:featuredmedia":[{"embeddable":true,"href":"https:\/\/www.van-away.com\/vente-vans\/wp-json\/wp\/v2\/media\/4599"}],"wp:attachment":[{"href":"https:\/\/www.van-away.com\/vente-vans\/wp-json\/wp\/v2\/media?parent=4617"}],"wp:term":[{"taxonomy":"product_brand","embeddable":true,"href":"https:\/\/www.van-away.com\/vente-vans\/wp-json\/wp\/v2\/product_brand?post=4617"},{"taxonomy":"product_cat","embeddable":true,"href":"https:\/\/www.van-away.com\/vente-vans\/wp-json\/wp\/v2\/product_cat?post=4617"},{"taxonomy":"product_tag","embeddable":true,"href":"https:\/\/www.van-away.com\/vente-vans\/wp-json\/wp\/v2\/product_tag?post=4617"},{"taxonomy":"options","embeddable":true,"href":"https:\/\/www.van-away.com\/vente-vans\/wp-json\/wp\/v2\/options?post=4617"}],"curies":[{"name":"wp","href":"https:\/\/api.w.org\/{rel}","templated":true}]}}