{"id":4347,"date":"2025-10-23T15:26:32","date_gmt":"2025-10-23T13:26:32","guid":{"rendered":"https:\/\/www.van-away.com\/vente-vans\/?post_type=product&#038;p=4347"},"modified":"2026-03-16T17:44:28","modified_gmt":"2026-03-16T16:44:28","slug":"mobilvetta-admiral-5-1","status":"publish","type":"product","link":"https:\/\/www.van-away.com\/vente-vans\/p\/mobilvetta-admiral-5-1","title":{"rendered":"MOBILVETTA  ADMIRAL 5.1"},"content":{"rendered":"<p>Superbe MOBILVETTA ADMIRAL 5.1 de 2025, \u00e9quip\u00e9 avec toutes les options indispensables et un toit relevable (noir) : ! Un fourgon TRES grand confort !<\/p>\n<p>Ce v\u00e9hicule est vendu dans un tr\u00e8s bon \u00e9tat, r\u00e9vis\u00e9 et garantie CONSTRUCTEUR\u00a0 jusqu&rsquo;en avril 2027.<\/p>\n<p>Le compagnon parfait pour vos prochains road trip.<\/p>\n","protected":false},"excerpt":{"rendered":"<p>Superbe MOBILVETTA ADMIRAL 5.1 de 2025, \u00e9quip\u00e9 avec toutes les options indispensables et un toit relevable (noir) : ! Un fourgon TRES grand confort ! Ce v\u00e9hicule est vendu dans un tr\u00e8s bon \u00e9tat, r\u00e9vis\u00e9 et garantie CONSTRUCTEUR\u00a0 jusqu&rsquo;en avril 2027. Le compagnon parfait pour vos prochains road trip.<\/p>\n","protected":false},"featured_media":4361,"template":"","meta":{"_acf_changed":false,"_seopress_robots_primary_cat":"none","_seopress_titles_title":"","_seopress_titles_desc":"","_seopress_robots_index":"","inline_featured_image":false},"product_brand":[],"product_cat":[36,31],"product_tag":[],"options":[],"class_list":{"0":"post-4347","1":"product","2":"type-product","3":"status-publish","4":"has-post-thumbnail","6":"product_cat-fourgon","7":"product_cat-vehicules","9":"first","10":"instock","11":"taxable","12":"shipping-taxable","13":"purchasable","14":"product-type-simple"},"acf":[],"_links":{"self":[{"href":"https:\/\/www.van-away.com\/vente-vans\/wp-json\/wp\/v2\/product\/4347","targetHints":{"allow":["GET"]}}],"collection":[{"href":"https:\/\/www.van-away.com\/vente-vans\/wp-json\/wp\/v2\/product"}],"about":[{"href":"https:\/\/www.van-away.com\/vente-vans\/wp-json\/wp\/v2\/types\/product"}],"wp:featuredmedia":[{"embeddable":true,"href":"https:\/\/www.van-away.com\/vente-vans\/wp-json\/wp\/v2\/media\/4361"}],"wp:attachment":[{"href":"https:\/\/www.van-away.com\/vente-vans\/wp-json\/wp\/v2\/media?parent=4347"}],"wp:term":[{"taxonomy":"product_brand","embeddable":true,"href":"https:\/\/www.van-away.com\/vente-vans\/wp-json\/wp\/v2\/product_brand?post=4347"},{"taxonomy":"product_cat","embeddable":true,"href":"https:\/\/www.van-away.com\/vente-vans\/wp-json\/wp\/v2\/product_cat?post=4347"},{"taxonomy":"product_tag","embeddable":true,"href":"https:\/\/www.van-away.com\/vente-vans\/wp-json\/wp\/v2\/product_tag?post=4347"},{"taxonomy":"options","embeddable":true,"href":"https:\/\/www.van-away.com\/vente-vans\/wp-json\/wp\/v2\/options?post=4347"}],"curies":[{"name":"wp","href":"https:\/\/api.w.org\/{rel}","templated":true}]}}