{"id":4234,"date":"2025-10-12T15:50:28","date_gmt":"2025-10-12T13:50:28","guid":{"rendered":"https:\/\/www.van-away.com\/vente-vans\/?post_type=product&#038;p=4234"},"modified":"2025-12-23T13:06:42","modified_gmt":"2025-12-23T12:06:42","slug":"grand-california","status":"publish","type":"product","link":"https:\/\/www.van-away.com\/vente-vans\/p\/grand-california","title":{"rendered":"Grand California 600"},"content":{"rendered":"<p>Le <strong data-start=\"591\" data-end=\"618\">VW Grand California 600<\/strong> offre un am\u00e9nagement complet pour des voyages tout confort : motorisation 2.0 TDI 177 ch, bo\u00eete automatique DSG7, GPS, cam\u00e9ra de recul, panneau solaire.\u00a0 \u00c0 l\u2019int\u00e9rieur, profitez d\u2019un v\u00e9ritable espace de vie avec cuisine \u00e9quip\u00e9e, salle d\u2019eau avec douche et WC, lit transversal 2 places + couchage d\u2019appoint, chauffage stationnaire, eau chaude et nombreux rangements. L\u2019autonomie id\u00e9ale pour explorer sans contrainte.<\/p>\n<p>En plus : v\u00e9hicule \u00e9quip\u00e9 d&rsquo;un attelage, id\u00e9al pour les v\u00e9los \u00e9lectriques.<\/p>\n","protected":false},"excerpt":{"rendered":"<p>L\u2019agence VAN-AWAY Pierrelatte vous propose des v\u00e9hicules r\u00e9cents enti\u00e8rement r\u00e9vis\u00e9s et sous garantie constructeur !<\/p>\n<p>Tous nos vans sont des occasions r\u00e9centes parfaitement entretenus et vendus dans un \u00e9tat proche du neuf<\/p>\n<p>Nous prendrons au minimum une heure ensemble pour que vous maitrisiez l\u2019utilisation et l\u2019entretien de votre v\u00e9hicule, afin d\u2019en faire le meilleur usage ! Et en cas de question apr\u00e8s l\u2019achat\u2026 nous sommes l\u00e0 !<\/p>\n<p>Nous pouvons venir vous r\u00e9cup\u00e9rer \u00e0 la gare ou vous emmener le van dans d\u2019autres agences .<\/p>\n","protected":false},"featured_media":4263,"template":"","meta":{"_acf_changed":false,"_seopress_robots_primary_cat":"none","_seopress_titles_title":"","_seopress_titles_desc":"","_seopress_robots_index":"","inline_featured_image":false},"product_brand":[],"product_cat":[36,31],"product_tag":[],"options":[],"class_list":{"0":"post-4234","1":"product","2":"type-product","3":"status-publish","4":"has-post-thumbnail","6":"product_cat-fourgon","7":"product_cat-vehicules","9":"first","10":"instock","11":"taxable","12":"shipping-taxable","13":"purchasable","14":"product-type-simple"},"acf":[],"_links":{"self":[{"href":"https:\/\/www.van-away.com\/vente-vans\/wp-json\/wp\/v2\/product\/4234","targetHints":{"allow":["GET"]}}],"collection":[{"href":"https:\/\/www.van-away.com\/vente-vans\/wp-json\/wp\/v2\/product"}],"about":[{"href":"https:\/\/www.van-away.com\/vente-vans\/wp-json\/wp\/v2\/types\/product"}],"wp:featuredmedia":[{"embeddable":true,"href":"https:\/\/www.van-away.com\/vente-vans\/wp-json\/wp\/v2\/media\/4263"}],"wp:attachment":[{"href":"https:\/\/www.van-away.com\/vente-vans\/wp-json\/wp\/v2\/media?parent=4234"}],"wp:term":[{"taxonomy":"product_brand","embeddable":true,"href":"https:\/\/www.van-away.com\/vente-vans\/wp-json\/wp\/v2\/product_brand?post=4234"},{"taxonomy":"product_cat","embeddable":true,"href":"https:\/\/www.van-away.com\/vente-vans\/wp-json\/wp\/v2\/product_cat?post=4234"},{"taxonomy":"product_tag","embeddable":true,"href":"https:\/\/www.van-away.com\/vente-vans\/wp-json\/wp\/v2\/product_tag?post=4234"},{"taxonomy":"options","embeddable":true,"href":"https:\/\/www.van-away.com\/vente-vans\/wp-json\/wp\/v2\/options?post=4234"}],"curies":[{"name":"wp","href":"https:\/\/api.w.org\/{rel}","templated":true}]}}