{"id":4189,"date":"2025-10-09T08:42:37","date_gmt":"2025-10-09T06:42:37","guid":{"rendered":"https:\/\/www.van-away.com\/vente-vans\/?post_type=product&#038;p=4189"},"modified":"2025-12-12T17:42:42","modified_gmt":"2025-12-12T16:42:42","slug":"burstner-campeo-c540-4x4-dangel","status":"publish","type":"product","link":"https:\/\/www.van-away.com\/vente-vans\/p\/burstner-campeo-c540-4x4-dangel","title":{"rendered":"Burstner Campeo C540 4&#215;4 Dangel"},"content":{"rendered":"<p>Superbe Campeo C540 de 2025, faible kilom\u00e9trage, pr\u00e9par\u00e9 par DANGEL avec la transmission int\u00e9grale 4&#215;4, le blocage de diff\u00e9rentiel et la protection moteur. \u00c9galement toutes les options indispensables de chez Burstner : Pack campeo et active, pack lumi\u00e8res, store, panneau solaire 180W, et attelage !<\/p>\n<p>Roue de secours sur rack arri\u00e8re, covering vert et d\u00e9cos qui font tourner les t\u00eates sur votre passage !<\/p>\n<p>Un fourgon unique, compact et passe partout pour les grands baroudeurs qui souhaitent sortir des sentiers battus !<\/p>\n","protected":false},"excerpt":{"rendered":"<p>L\u2019agence VAN-AWAY Toulouse vous propose des v\u00e9hicules r\u00e9cents enti\u00e8rement r\u00e9vis\u00e9s et sous garantie constructeur !<\/p>\n<p>Tous nos vans sont des occasions r\u00e9centes parfaitement entretenus et vendus dans un \u00e9tat proche du neuf : pas de chocs de porti\u00e8re ou de rayures !<\/p>\n<p>Nous connaissons nos vans par coeur ! Autonomie, fonctionnement, choses \u00e0 faire et \u00e0 ne pas faire : nous prendrons au minimum une heure ensemble pour que vous maitrisiez l\u2019utilisation et l\u2019entretien de votre v\u00e9hicule, afin d\u2019en faire le meilleur usage ! Et en cas de question apr\u00e8s l\u2019achat\u2026 nous sommes l\u00e0 !<\/p>\n<p>Vous venez de loin pour voir ou acheter un van ? Nous pouvons venir vous r\u00e9cup\u00e9rer \u00e0 la gare ou a\u00e9roport de Toulouse, puis prendre le temps de vous montrer nos diff\u00e9rents v\u00e9hicules !<\/p>\n","protected":false},"featured_media":4190,"template":"","meta":{"_acf_changed":false,"_seopress_robots_primary_cat":"none","_seopress_titles_title":"occasion fourgon am\u00e9nag\u00e9 burstner Campeo C600","_seopress_titles_desc":"occasion fourgon van am\u00e9nag\u00e9 fiat ducato burstner campeo C600 salle de bain","_seopress_robots_index":"","inline_featured_image":false},"product_brand":[],"product_cat":[36,31],"product_tag":[],"options":[93,110,137,138,92,109,105,104,94],"class_list":{"0":"post-4189","1":"product","2":"type-product","3":"status-publish","4":"has-post-thumbnail","6":"product_cat-fourgon","7":"product_cat-vehicules","9":"first","10":"instock","11":"taxable","12":"shipping-taxable","13":"purchasable","14":"product-type-simple"},"acf":[],"_links":{"self":[{"href":"https:\/\/www.van-away.com\/vente-vans\/wp-json\/wp\/v2\/product\/4189","targetHints":{"allow":["GET"]}}],"collection":[{"href":"https:\/\/www.van-away.com\/vente-vans\/wp-json\/wp\/v2\/product"}],"about":[{"href":"https:\/\/www.van-away.com\/vente-vans\/wp-json\/wp\/v2\/types\/product"}],"wp:featuredmedia":[{"embeddable":true,"href":"https:\/\/www.van-away.com\/vente-vans\/wp-json\/wp\/v2\/media\/4190"}],"wp:attachment":[{"href":"https:\/\/www.van-away.com\/vente-vans\/wp-json\/wp\/v2\/media?parent=4189"}],"wp:term":[{"taxonomy":"product_brand","embeddable":true,"href":"https:\/\/www.van-away.com\/vente-vans\/wp-json\/wp\/v2\/product_brand?post=4189"},{"taxonomy":"product_cat","embeddable":true,"href":"https:\/\/www.van-away.com\/vente-vans\/wp-json\/wp\/v2\/product_cat?post=4189"},{"taxonomy":"product_tag","embeddable":true,"href":"https:\/\/www.van-away.com\/vente-vans\/wp-json\/wp\/v2\/product_tag?post=4189"},{"taxonomy":"options","embeddable":true,"href":"https:\/\/www.van-away.com\/vente-vans\/wp-json\/wp\/v2\/options?post=4189"}],"curies":[{"name":"wp","href":"https:\/\/api.w.org\/{rel}","templated":true}]}}