{"id":4151,"date":"2025-11-03T12:00:51","date_gmt":"2025-11-03T11:00:51","guid":{"rendered":"https:\/\/www.van-away.com\/vente-vans\/?post_type=product&#038;p=4151"},"modified":"2026-01-10T11:35:42","modified_gmt":"2026-01-10T10:35:42","slug":"renault-trafic-iii-kit-sud-vasp-vanmania-8","status":"publish","type":"product","link":"https:\/\/www.van-away.com\/vente-vans\/p\/renault-trafic-iii-kit-sud-vasp-vanmania-8","title":{"rendered":"Renault Trafic III \u2013 Kit SUD VASP VanMania \u2013 765"},"content":{"rendered":"<p>D\u00e9couvrez notre Renault Trafic am\u00e9nag\u00e9 Van Mania Sud : id\u00e9al pour partir \u00e0 4, ce van modulable dispose d\u2019un toit relevable, d\u2019une banquette convertible homologu\u00e9e, et d\u2019une cuisine amovible utilisable dedans comme dehors. Avec ses nombreux rangements, ses couchages confortables et son espace optimis\u00e9, profitez de la libert\u00e9\u2026 en solo ou \u00e0 plusieurs !<\/p>\n<p><span class=\"OYPEnA font-feature-liga-off font-feature-clig-off font-feature-calt-off text-decoration-none text-strikethrough-none\">Renault Trafic L1H1 DCI150 BVA<\/span><\/p>\n<ul>\n<li class=\"cvGsUA direction-ltr align-end para-style-body\"><strong><span class=\"OYPEnA font-feature-liga-off font-feature-clig-off font-feature-calt-off text-decoration-none text-strikethrough-none\">Pack Grand Confort\u00a0<\/span><\/strong><span class=\"OYPEnA font-feature-liga-off font-feature-clig-off font-feature-calt-off text-decoration-none text-strikethrough-none\">: Syst\u00e8me multimedia Easy Link avec \u00e9cran tactile 8\u2032 et r\u00e9plication smartphone \u2013 Climatisation manuelle \u2013 Radar de recul,\u2026<\/span><\/li>\n<li><strong><span class=\"OYPEnA font-feature-liga-off font-feature-clig-off font-feature-calt-off text-decoration-none text-strikethrough-none\">Pack Visibilit\u00e9<\/span><\/strong><span class=\"OYPEnA font-feature-liga-off font-feature-clig-off font-feature-calt-off text-decoration-none text-strikethrough-none\"> : Anti Brouillard<\/span><\/li>\n<li class=\"cvGsUA direction-ltr align-end para-style-body\"><strong><span class=\"OYPEnA font-feature-liga-off font-feature-clig-off font-feature-calt-off text-decoration-none text-strikethrough-none\">Pack Easy Park Plus<\/span><\/strong><span class=\"OYPEnA font-feature-liga-off font-feature-clig-off font-feature-calt-off text-decoration-none text-strikethrough-none\"> : Cam\u00e9ra de recul \u2013 Miroir grand angle \u2013 Radars avant, arri\u00e8re et lat\u00e9raux<\/span><\/li>\n<\/ul>\n<p>REF : 765<\/p>\n<p>Prix applicable pour un kilom\u00e9trage \u00e0 partir de 30 000 km.<\/p>\n","protected":false},"excerpt":{"rendered":"<p data-start=\"353\" data-end=\"682\">\u00c0 l\u2019agence VAN-AWAY Marne-la-Vall\u00e9e, c\u2019est \u00c9lisabeth qui vous accueille avec le sourire et une passion communicative pour les voyages. Apr\u00e8s avoir sillonn\u00e9 les routes du Canada et de l\u2019Australie en van am\u00e9nag\u00e9, elle a pos\u00e9 ses valises \u00e0 Marne-la-Vall\u00e9e pour partager son exp\u00e9rience et vous accompagner dans vos propres aventures.<\/p>\n<p data-start=\"684\" data-end=\"1045\">Avec plus de 4 ans d\u2019exp\u00e9rience \u00e0 l\u2019agence de location Paris-Est, \u00c9lisabeth conna\u00eet chaque van sur le bout des doigts. Tous nos v\u00e9hicules sont des occasions r\u00e9centes, entretenues et r\u00e9vis\u00e9es. Il sont pr\u00eats \u00e0 prendre la route en toute confiance !<\/p>\n<p data-start=\"1047\" data-end=\"1376\">Lors de la remise des cl\u00e9s, comptez sur une pr\u00e9sentation compl\u00e8te du v\u00e9hicule. Nous prenons le temps n\u00e9cessaire pour que vous soyez parfaitement \u00e0 l\u2019aise avant de partir. Et si vous avez des questions apr\u00e8s l\u2019achat, \u00c9lisabeth reste disponible pour vous aider.<\/p>\n<p data-start=\"1754\" data-end=\"1842\">Avec VAN-AWAY Marne-la-Vall\u00e9e, partez l\u2019esprit libre : vous \u00eates entre de bonnes mains !<\/p>\n","protected":false},"featured_media":4155,"template":"","meta":{"_acf_changed":false,"_seopress_robots_primary_cat":"none","_seopress_titles_title":"","_seopress_titles_desc":"","_seopress_robots_index":"","inline_featured_image":false},"product_brand":[],"product_cat":[35,31],"product_tag":[],"options":[93,113,103,110,96,108,92,105,104,94,95,101],"class_list":{"0":"post-4151","1":"product","2":"type-product","3":"status-publish","4":"has-post-thumbnail","6":"product_cat-van","7":"product_cat-vehicules","9":"first","10":"instock","11":"sale","12":"taxable","13":"shipping-taxable","14":"purchasable","15":"product-type-simple"},"acf":[],"_links":{"self":[{"href":"https:\/\/www.van-away.com\/vente-vans\/wp-json\/wp\/v2\/product\/4151","targetHints":{"allow":["GET"]}}],"collection":[{"href":"https:\/\/www.van-away.com\/vente-vans\/wp-json\/wp\/v2\/product"}],"about":[{"href":"https:\/\/www.van-away.com\/vente-vans\/wp-json\/wp\/v2\/types\/product"}],"wp:featuredmedia":[{"embeddable":true,"href":"https:\/\/www.van-away.com\/vente-vans\/wp-json\/wp\/v2\/media\/4155"}],"wp:attachment":[{"href":"https:\/\/www.van-away.com\/vente-vans\/wp-json\/wp\/v2\/media?parent=4151"}],"wp:term":[{"taxonomy":"product_brand","embeddable":true,"href":"https:\/\/www.van-away.com\/vente-vans\/wp-json\/wp\/v2\/product_brand?post=4151"},{"taxonomy":"product_cat","embeddable":true,"href":"https:\/\/www.van-away.com\/vente-vans\/wp-json\/wp\/v2\/product_cat?post=4151"},{"taxonomy":"product_tag","embeddable":true,"href":"https:\/\/www.van-away.com\/vente-vans\/wp-json\/wp\/v2\/product_tag?post=4151"},{"taxonomy":"options","embeddable":true,"href":"https:\/\/www.van-away.com\/vente-vans\/wp-json\/wp\/v2\/options?post=4151"}],"curies":[{"name":"wp","href":"https:\/\/api.w.org\/{rel}","templated":true}]}}