{"id":4008,"date":"2025-10-11T15:23:34","date_gmt":"2025-10-11T13:23:34","guid":{"rendered":"https:\/\/www.van-away.com\/vente-vans\/?post_type=product&#038;p=4008"},"modified":"2026-02-27T07:57:14","modified_gmt":"2026-02-27T06:57:14","slug":"nugget-plus-l2h1","status":"publish","type":"product","link":"https:\/\/www.van-away.com\/vente-vans\/p\/nugget-plus-l2h1","title":{"rendered":"Nugget Plus Active"},"content":{"rendered":"<p>A vendre superbe Ford Custom Nugget Plus Active (5 places carte grise)\u00a0 en version L2H1 \u00e9quip\u00e9 de son wc chimique \u00e0 l\u2019arri\u00e8re, avec frigo 40 litres, double plaque gaz et \u00e9vier, r\u00e9serve en eau 42 litres<\/p>\n<p>Les avantages : chauffe eau et si\u00e8ges chauffants<\/p>\n","protected":false},"excerpt":{"rendered":"<p>L\u2019agence VAN-AWAY Pierrelatte vous propose des v\u00e9hicules r\u00e9cents enti\u00e8rement r\u00e9vis\u00e9s et sous garantie constructeur !<\/p>\n<p>Tous nos vans sont des occasions r\u00e9centes parfaitement entretenus et vendus dans un \u00e9tat proche du neuf : pas de chocs de porti\u00e8re ou de rayures !<\/p>\n<p>Nous connaissons nos vans par coeur ! Autonomie, fonctionnement, choses \u00e0 faire et \u00e0 ne pas faire : nous prendrons au minimum une heure ensemble pour que vous maitrisiez l\u2019utilisation et l\u2019entretien de votre v\u00e9hicule, afin d\u2019en faire le meilleur usage ! Et en cas de question apr\u00e8s l\u2019achat\u2026 nous sommes l\u00e0 !<\/p>\n<p>Vous venez de loin pour voir ou acheter un van ? Nous pouvons venir vous r\u00e9cup\u00e9rer \u00e0 la gare ou Pierrelatte, puis prendre le temps de vous montrer nos diff\u00e9rents v\u00e9hicules !<\/p>\n<p>La table ext\u00e9rieure est neuve, elle n\u2019a pas \u00e9t\u00e9 utilis\u00e9e lors de la location. Le v\u00e9hicule n\u2019a jamais \u00e9t\u00e9 accident\u00e9, ou n\u2019a jamais subi de panne !<\/p>\n<p>Il est couvert par une garantie porteur + cellule de 1 an ou plus si vous le souhaitez.<\/p>\n","protected":false},"featured_media":4498,"template":"","meta":{"_acf_changed":false,"_seopress_robots_primary_cat":"35","_seopress_titles_title":"Ford Nugget Active Plus ann\u00e9e 2025 avec chauffe eau et si\u00e8ges chauffants","_seopress_titles_desc":"VAN-AWAY vous propose un Ford Nugget Plus de 37 500 km, sous garantie constructeur 18 mois, en parfait \u00e9tat, pr\u00eat \u00e0 partir.","_seopress_robots_index":"","inline_featured_image":false},"product_brand":[],"product_cat":[35,31],"product_tag":[],"options":[],"class_list":{"0":"post-4008","1":"product","2":"type-product","3":"status-publish","4":"has-post-thumbnail","6":"product_cat-van","7":"product_cat-vehicules","9":"first","10":"instock","11":"taxable","12":"shipping-taxable","13":"purchasable","14":"product-type-simple"},"acf":[],"_links":{"self":[{"href":"https:\/\/www.van-away.com\/vente-vans\/wp-json\/wp\/v2\/product\/4008","targetHints":{"allow":["GET"]}}],"collection":[{"href":"https:\/\/www.van-away.com\/vente-vans\/wp-json\/wp\/v2\/product"}],"about":[{"href":"https:\/\/www.van-away.com\/vente-vans\/wp-json\/wp\/v2\/types\/product"}],"wp:featuredmedia":[{"embeddable":true,"href":"https:\/\/www.van-away.com\/vente-vans\/wp-json\/wp\/v2\/media\/4498"}],"wp:attachment":[{"href":"https:\/\/www.van-away.com\/vente-vans\/wp-json\/wp\/v2\/media?parent=4008"}],"wp:term":[{"taxonomy":"product_brand","embeddable":true,"href":"https:\/\/www.van-away.com\/vente-vans\/wp-json\/wp\/v2\/product_brand?post=4008"},{"taxonomy":"product_cat","embeddable":true,"href":"https:\/\/www.van-away.com\/vente-vans\/wp-json\/wp\/v2\/product_cat?post=4008"},{"taxonomy":"product_tag","embeddable":true,"href":"https:\/\/www.van-away.com\/vente-vans\/wp-json\/wp\/v2\/product_tag?post=4008"},{"taxonomy":"options","embeddable":true,"href":"https:\/\/www.van-away.com\/vente-vans\/wp-json\/wp\/v2\/options?post=4008"}],"curies":[{"name":"wp","href":"https:\/\/api.w.org\/{rel}","templated":true}]}}