{"id":3761,"date":"2025-09-13T17:07:37","date_gmt":"2025-09-13T15:07:37","guid":{"rendered":"https:\/\/www.van-away.com\/vente-vans\/?post_type=product&#038;p=3761"},"modified":"2026-01-16T16:47:43","modified_gmt":"2026-01-16T15:47:43","slug":"font-vendome-terravan-2","status":"publish","type":"product","link":"https:\/\/www.van-away.com\/vente-vans\/p\/font-vendome-terravan-2","title":{"rendered":"Font Vendome TerraVan"},"content":{"rendered":"<p>Profitez d\u2019une <strong data-start=\"338\" data-end=\"363\">occasion tr\u00e8s r\u00e9cente<\/strong> du tout nouveau <strong data-start=\"380\" data-end=\"413\">TerraVan de chez Font Vend\u00f4me<\/strong>, le <strong data-start=\"418\" data-end=\"446\">fourgon compact 5 places<\/strong> id\u00e9al pour partir en famille, \u00e9t\u00e9 comme hiver.<br data-start=\"493\" data-end=\"496\" \/>Il allie confort, autonomie et praticit\u00e9 avec sa <strong data-start=\"545\" data-end=\"565\">salle de bain XL<\/strong>, son <strong data-start=\"571\" data-end=\"594\">grand r\u00e9frig\u00e9rateur<\/strong> et son <strong data-start=\"602\" data-end=\"636\">chauffage au diesel performant<\/strong>.<\/p>\n<p>Disponible \u00e0 partir du 1er septembre 2026 avec environ 40000 km.\u00a0 (23 000 km fin janvier 2026)<\/p>\n<p>Terravan sur base Fiat Ducato 2.2L Motorisation 2.2 Multijet 3 140 CV en\u00a0<strong>boite Manuelle<br \/>\n<\/strong><strong data-start=\"650\" data-end=\"678\">\u00a0 \u00a0 \u00a0Principaux \u00e9quipements :<\/strong><\/p>\n<ul>\n<li style=\"list-style-type: none;\">\n<ul data-start=\"680\" data-end=\"1090\">\n<li data-start=\"680\" data-end=\"730\"><strong>Attelage\u00a0<\/strong><\/li>\n<li><strong data-start=\"816\" data-end=\"843\">Batterie lithium 120 Ah<\/strong> + <strong data-start=\"846\" data-end=\"867\">Panneaux solaires<\/strong> pour une autonomie optimale<\/li>\n<li><strong data-start=\"900\" data-end=\"943\">Mod\u00e8le sp\u00e9ciale grand nord avec chauffage Diesel. Combi D4 Gasoil<\/strong> avec <strong data-start=\"949\" data-end=\"965\">Kit Altitude<\/strong> pour toutes les saisons<\/li>\n<li><strong>Store ext\u00e9rieur Blanc<\/strong><\/li>\n<li><strong data-start=\"682\" data-end=\"697\">5 couchages<\/strong>, parfait pour toute la famille<\/li>\n<li><strong data-start=\"733\" data-end=\"760\">Lit pavillon \u00e9lectrique<\/strong> (197 x 132 cm) pour un couchage pratique et rapide<\/li>\n<li><strong data-start=\"994\" data-end=\"1018\">Douchette ext\u00e9rieure<\/strong> \u00e0 l\u2019arri\u00e8re, id\u00e9ale pour les retours de plage ou les escapades nature<\/li>\n<li>Pack loisir et multim\u00e9dia <strong>camera de recul<\/strong><\/li>\n<\/ul>\n<\/li>\n<li>Garantie constructeur jusqu\u2019en AVRIL 2027<\/li>\n<\/ul>\n","protected":false},"excerpt":{"rendered":"<p>L\u2019agence VAN-AWAY Pierrelatte vous propose des v\u00e9hicules r\u00e9cents enti\u00e8rement r\u00e9vis\u00e9s et sous garantie constructeur !<\/p>\n<p>Tous nos vans sont des occasions r\u00e9centes parfaitement entretenus et vendus dans un \u00e9tat proche du neuf : pas de chocs de porti\u00e8re ou de rayures !<\/p>\n<p>Nous connaissons nos vans par coeur ! Autonomie, fonctionnement, choses \u00e0 faire et \u00e0 ne pas faire : nous prendrons au minimum une heure ensemble pour que vous maitrisiez l\u2019utilisation et l\u2019entretien de votre v\u00e9hicule, afin d\u2019en faire le meilleur usage ! Et en cas de question apr\u00e8s l\u2019achat\u2026 nous sommes l\u00e0 !<\/p>\n<p>Vous venez de loin pour voir ou acheter un van ? Nous pouvons venir vous r\u00e9cup\u00e9rer \u00e0 la gare de Pierrelatte, puis prendre le temps de vous montrer nos diff\u00e9rents v\u00e9hicules !<\/p>\n<p>Les accessoires d\u2019origine de ce TerraVan sont neufs (lit dinette, sur matelas\u2026). Le v\u00e9hicule n\u2019a jamais \u00e9t\u00e9 accident\u00e9, ou n\u2019a jamais subi de panne !<\/p>\n<p>Il est couvert par une garantie porteur + cellule de 18 mois !<\/p>\n","protected":false},"featured_media":3764,"template":"","meta":{"_acf_changed":false,"_seopress_robots_primary_cat":"none","_seopress_titles_title":"Font Vendome Terravan, Fiat Ducato","_seopress_titles_desc":"Acheter un fourgon ou d'un van Font Vend\u00f4me est vrai bon choix ! Gr\u00e2ce \u00e0 sa longue exp\u00e9rience et son positionnement tr\u00e8s pr\u00e9cis sur le segment des fourgons am\u00e9nag\u00e9s, Font Vend\u00f4me est incontestablement l'une des r\u00e9f\u00e9rences dans le genre.","_seopress_robots_index":"","inline_featured_image":false},"product_brand":[],"product_cat":[36,31],"product_tag":[],"options":[138,107],"class_list":{"0":"post-3761","1":"product","2":"type-product","3":"status-publish","4":"has-post-thumbnail","6":"product_cat-fourgon","7":"product_cat-vehicules","9":"first","10":"instock","11":"taxable","12":"shipping-taxable","13":"purchasable","14":"product-type-simple"},"acf":[],"_links":{"self":[{"href":"https:\/\/www.van-away.com\/vente-vans\/wp-json\/wp\/v2\/product\/3761","targetHints":{"allow":["GET"]}}],"collection":[{"href":"https:\/\/www.van-away.com\/vente-vans\/wp-json\/wp\/v2\/product"}],"about":[{"href":"https:\/\/www.van-away.com\/vente-vans\/wp-json\/wp\/v2\/types\/product"}],"wp:featuredmedia":[{"embeddable":true,"href":"https:\/\/www.van-away.com\/vente-vans\/wp-json\/wp\/v2\/media\/3764"}],"wp:attachment":[{"href":"https:\/\/www.van-away.com\/vente-vans\/wp-json\/wp\/v2\/media?parent=3761"}],"wp:term":[{"taxonomy":"product_brand","embeddable":true,"href":"https:\/\/www.van-away.com\/vente-vans\/wp-json\/wp\/v2\/product_brand?post=3761"},{"taxonomy":"product_cat","embeddable":true,"href":"https:\/\/www.van-away.com\/vente-vans\/wp-json\/wp\/v2\/product_cat?post=3761"},{"taxonomy":"product_tag","embeddable":true,"href":"https:\/\/www.van-away.com\/vente-vans\/wp-json\/wp\/v2\/product_tag?post=3761"},{"taxonomy":"options","embeddable":true,"href":"https:\/\/www.van-away.com\/vente-vans\/wp-json\/wp\/v2\/options?post=3761"}],"curies":[{"name":"wp","href":"https:\/\/api.w.org\/{rel}","templated":true}]}}