{"id":3708,"date":"2025-09-06T14:30:11","date_gmt":"2025-09-06T12:30:11","guid":{"rendered":"https:\/\/www.van-away.com\/vente-vans\/?post_type=product&#038;p=3708"},"modified":"2025-12-12T11:35:05","modified_gmt":"2025-12-12T10:35:05","slug":"van-renault-trafic-amenage-avec-kit-amovible-van-mania-modele-nord","status":"publish","type":"product","link":"https:\/\/www.van-away.com\/vente-vans\/p\/van-renault-trafic-amenage-avec-kit-amovible-van-mania-modele-nord","title":{"rendered":"Renault Trafic am\u00e9nag\u00e9 VAN-MANIA, mod\u00e8le Nord"},"content":{"rendered":"<p>Un van compact id\u00e9al pour partir \u00e0 2, \u00e9quip\u00e9 d\u2019un kit amovible sans outils de la marque VAN-MANIA (mod\u00e8le Nord)<\/p>\n<p>Les plus :\u00a0 Attelage pour un porte v\u00e9lo ou remorque ; Banquette avant pivotante pour avoir plus d&rsquo;espace dans l&rsquo;espace de vie<\/p>\n<p>&nbsp;<\/p>\n","protected":false},"excerpt":{"rendered":"<p>L\u2019am\u00e9nagement est con\u00e7u pour \u00eatre d\u00e9montable sans outils en 20 min, gr\u00e2ce \u00e0 un syst\u00e8me de fixation rapide.<\/p>\n<ul>\n<li>Un r\u00e9chaud autonome qui fonctionne \u00e0 l\u2019aide de recharge de gaz et \u00e9quip\u00e9 d\u2019un syst\u00e8me auto-start<\/li>\n<li>Un lit double et assises en mousses de haute densit\u00e9 (HR 35) de 10 cm d\u2019\u00e9paisseur. Couchage en Lit peigne 130 X 195\u00a0 avec un couchage suppl\u00e9mentaire possible sur les si\u00e8ges avant (option)<\/li>\n<li>La plaque de sol qui constitue la base de l&rsquo;am\u00e9nagement est en contreplaqu\u00e9 marine de 15 mm d\u2019\u00e9paisseur. Avec un rev\u00eatement impr\u00e9gn\u00e9 \u00e0 chaud tr\u00e8s r\u00e9sistant et facile d\u2019entretien<\/li>\n<li>Une table utilisable \u00e0 l\u2019int\u00e9rieur comme \u00e0 l\u2019ext\u00e9rieur<\/li>\n<li>Un voltm\u00e8tre qui vous servira a contr\u00f4ler le niveau de la batterie auxiliaire. Autonomie d&rsquo;environ 2 jours en stationnaire sans vous brancher \u00e0 une borne.<\/li>\n<li>Isolation Armaflex plancher, plafond, parois int\u00e9rieures<\/li>\n<li>R\u00e9servoir de gasoil de 80 L<\/li>\n<\/ul>\n<p>L\u2019agence VAN-AWAY Pierrelatte vous propose des v\u00e9hicules r\u00e9cents enti\u00e8rement r\u00e9vis\u00e9s et sous garantie constructeur !<\/p>\n<p>Tous nos v\u00e9hicules sont des occasions r\u00e9centes parfaitement entretenus et vendus dans un \u00e9tat proche du neuf.<\/p>\n<p>Nous connaissons bien nos vans et nos fourgons; Autonomie, fonctionnement, choses \u00e0 faire et \u00e0 ne pas faire : nous prendrons au minimum une heure ensemble pour que vous maitrisiez l\u2019utilisation et l\u2019entretien de votre v\u00e9hicule, afin d\u2019en faire le meilleur usage ! Et en cas de question apr\u00e8s l\u2019achat\u2026 nous sommes l\u00e0 !<\/p>\n","protected":false},"featured_media":3721,"template":"","meta":{"_acf_changed":false,"_seopress_robots_primary_cat":"none","_seopress_titles_title":"Van Renault Trafic am\u00e9nag\u00e9 avec kit amovible VAN-MANIA, mod\u00e8le Nord","_seopress_titles_desc":"Am\u00e9nagement tr\u00e8s fonctionnel sur ce Trafic tr\u00e8s bien \u00e9quip\u00e9, pour 2 ou 3 personnes.\r\nLes plus : am\u00e9nagement d\u00e9montable en 10 minutes et peut \u00eatre pos\u00e9 dans un autre Renault Trafic. Tout est en bois, donc pas de pi\u00e8ces fragiles.","_seopress_robots_index":"","inline_featured_image":false},"product_brand":[],"product_cat":[35,31],"product_tag":[],"options":[122,113,103,137,108,126,95],"class_list":{"0":"post-3708","1":"product","2":"type-product","3":"status-publish","4":"has-post-thumbnail","6":"product_cat-van","7":"product_cat-vehicules","9":"first","10":"instock","11":"taxable","12":"shipping-taxable","13":"purchasable","14":"product-type-simple"},"acf":[],"_links":{"self":[{"href":"https:\/\/www.van-away.com\/vente-vans\/wp-json\/wp\/v2\/product\/3708","targetHints":{"allow":["GET"]}}],"collection":[{"href":"https:\/\/www.van-away.com\/vente-vans\/wp-json\/wp\/v2\/product"}],"about":[{"href":"https:\/\/www.van-away.com\/vente-vans\/wp-json\/wp\/v2\/types\/product"}],"wp:featuredmedia":[{"embeddable":true,"href":"https:\/\/www.van-away.com\/vente-vans\/wp-json\/wp\/v2\/media\/3721"}],"wp:attachment":[{"href":"https:\/\/www.van-away.com\/vente-vans\/wp-json\/wp\/v2\/media?parent=3708"}],"wp:term":[{"taxonomy":"product_brand","embeddable":true,"href":"https:\/\/www.van-away.com\/vente-vans\/wp-json\/wp\/v2\/product_brand?post=3708"},{"taxonomy":"product_cat","embeddable":true,"href":"https:\/\/www.van-away.com\/vente-vans\/wp-json\/wp\/v2\/product_cat?post=3708"},{"taxonomy":"product_tag","embeddable":true,"href":"https:\/\/www.van-away.com\/vente-vans\/wp-json\/wp\/v2\/product_tag?post=3708"},{"taxonomy":"options","embeddable":true,"href":"https:\/\/www.van-away.com\/vente-vans\/wp-json\/wp\/v2\/options?post=3708"}],"curies":[{"name":"wp","href":"https:\/\/api.w.org\/{rel}","templated":true}]}}