{"id":3690,"date":"2025-09-05T09:36:06","date_gmt":"2025-09-05T07:36:06","guid":{"rendered":"https:\/\/www.van-away.com\/vente-vans\/?post_type=product&#038;p=3690"},"modified":"2026-03-01T12:05:02","modified_gmt":"2026-03-01T11:05:02","slug":"volkswagen-california-coast-4-motion-t6-1","status":"publish","type":"product","link":"https:\/\/www.van-away.com\/vente-vans\/p\/volkswagen-california-coast-4-motion-t6-1","title":{"rendered":"Volkswagen California Coast 4 Motion T6.1"},"content":{"rendered":"<p>Vente occasion r\u00e9cente d&rsquo;un superbe van Volkswagen California Coast DSG7 204cv 4 motion sous garantie 3 ans, \u00e9quip\u00e9 en exclusivit\u00e9 VAN-AWAY de l&rsquo;eau chaude ! V\u00e9hicule de couleur gris ascot avec semi covering noir graphite,\u00a0 jantes 4&#215;4 noir, pneus toute saison, vendu dans un \u00e9tat proche du neuf, sans d\u00e9fauts de carrosserie !<\/p>\n","protected":false},"excerpt":{"rendered":"<p>L&rsquo;agence VAN-AWAY Toulouse vous propose des v\u00e9hicules r\u00e9cents enti\u00e8rement r\u00e9vis\u00e9s et sous garantie constructeur !<\/p>\n<p>Tous nos vans sont des occasions r\u00e9centes parfaitement entretenus et vendus dans un \u00e9tat proche du neuf : pas de chocs de porti\u00e8re ou de rayures !<\/p>\n<p>Nous connaissons nos vans par coeur ! Autonomie, fonctionnement, choses \u00e0 faire et \u00e0 ne pas faire : nous prendrons au minimum une heure ensemble pour que vous maitrisiez l&rsquo;utilisation et l&rsquo;entretien de votre v\u00e9hicule, afin d&rsquo;en faire le meilleur usage ! Et en cas de question apr\u00e8s l&rsquo;achat&#8230; nous sommes l\u00e0 !<\/p>\n<p>Vous venez de loin pour voir ou acheter un van ? Nous pouvons venir vous r\u00e9cup\u00e9rer \u00e0 la gare ou a\u00e9roport de Toulouse, puis prendre le temps de vous montrer nos diff\u00e9rents v\u00e9hicules !<\/p>\n<p>Les accessoires de ce California sont neufs, ils n&rsquo;ont jamais servis : table, chaises, etc. Le v\u00e9hicule n&rsquo;a jamais \u00e9t\u00e9 accident\u00e9, ou n&rsquo;a jamais subi de panne !\u00a0 En exclusivit\u00e9 VAN-AWAY, il dispose d&rsquo;une douche chaude \u00e0 l&rsquo;arri\u00e8re !<\/p>\n<p>Le look de ce California 4&#215;4 de 204cv (4 motion) fait tourner les t\u00eates et vous ne passerez pas inaper\u00e7u ! En outre, son moteur avec beaucoup de couple rend sa conduite extr\u00eamement agr\u00e9able, sans sur-consommation excessive par rapport aux version 150cv traction. Une exp\u00e9rience de conduite encore plus agr\u00e9able !<\/p>\n<p>Il est livr\u00e9 avec la premi\u00e8re r\u00e9vision Volkswagen et un contr\u00f4le rigoureux effectu\u00e9 par Volkswagen et nous m\u00eame.\u00a0 Il est couvert par la garantie constructeur encore 3 ans !<\/p>\n","protected":false},"featured_media":3698,"template":"","meta":{"_acf_changed":false,"_seopress_robots_primary_cat":"none","_seopress_titles_title":"vente occasion van volkswagen T6.1 dsg7 4 motion 4x4 204cv california coast","_seopress_titles_desc":"superbe occasion van am\u00e9nag\u00e9 volkswagen california T6.1 boite auto DSG couleur gris avec covering noir, 204cv, 4x4 ou 4motion","_seopress_robots_index":"","inline_featured_image":false},"product_brand":[],"product_cat":[35,31],"product_tag":[],"options":[93,113,110,137,138,92,109,105,104,94,101],"class_list":{"0":"post-3690","1":"product","2":"type-product","3":"status-publish","4":"has-post-thumbnail","6":"product_cat-van","7":"product_cat-vehicules","9":"first","10":"instock","11":"taxable","12":"shipping-taxable","13":"purchasable","14":"product-type-simple"},"acf":[],"_links":{"self":[{"href":"https:\/\/www.van-away.com\/vente-vans\/wp-json\/wp\/v2\/product\/3690","targetHints":{"allow":["GET"]}}],"collection":[{"href":"https:\/\/www.van-away.com\/vente-vans\/wp-json\/wp\/v2\/product"}],"about":[{"href":"https:\/\/www.van-away.com\/vente-vans\/wp-json\/wp\/v2\/types\/product"}],"wp:featuredmedia":[{"embeddable":true,"href":"https:\/\/www.van-away.com\/vente-vans\/wp-json\/wp\/v2\/media\/3698"}],"wp:attachment":[{"href":"https:\/\/www.van-away.com\/vente-vans\/wp-json\/wp\/v2\/media?parent=3690"}],"wp:term":[{"taxonomy":"product_brand","embeddable":true,"href":"https:\/\/www.van-away.com\/vente-vans\/wp-json\/wp\/v2\/product_brand?post=3690"},{"taxonomy":"product_cat","embeddable":true,"href":"https:\/\/www.van-away.com\/vente-vans\/wp-json\/wp\/v2\/product_cat?post=3690"},{"taxonomy":"product_tag","embeddable":true,"href":"https:\/\/www.van-away.com\/vente-vans\/wp-json\/wp\/v2\/product_tag?post=3690"},{"taxonomy":"options","embeddable":true,"href":"https:\/\/www.van-away.com\/vente-vans\/wp-json\/wp\/v2\/options?post=3690"}],"curies":[{"name":"wp","href":"https:\/\/api.w.org\/{rel}","templated":true}]}}