{"id":3590,"date":"2025-09-01T09:02:59","date_gmt":"2025-09-01T07:02:59","guid":{"rendered":"https:\/\/www.van-away.com\/vente-vans\/?post_type=product&#038;p=3590"},"modified":"2025-11-03T09:03:44","modified_gmt":"2025-11-03T08:03:44","slug":"ford-nugget-plus-active","status":"publish","type":"product","link":"https:\/\/www.van-away.com\/vente-vans\/p\/ford-nugget-plus-active","title":{"rendered":"Ford Nugget Plus Active"},"content":{"rendered":"<p>Vente occasion tr\u00e8s r\u00e9cente d&rsquo;un superbe Ford Nugget Plus dans sa finition la haut de gamme : Active. Ce Ford Nugget sur\u00e9quip\u00e9 (boite auto, allumage auto des feux, GPS, r\u00e9gulateur adaptatif, assistants conduite, phares LED&#8230;) poss\u00e8de tous les \u00e9quipements loisir que peut avoir un van : chauffage, eau chaude, WC, grand toit relevable largeur 140cm&#8230;<\/p>\n","protected":false},"excerpt":{"rendered":"<p>L\u2019agence VAN-AWAY Toulouse vous propose des v\u00e9hicules r\u00e9cents enti\u00e8rement r\u00e9vis\u00e9s et sous garantie constructeur !<\/p>\n<p>Tous nos vans sont des occasions r\u00e9centes parfaitement entretenus et vendus dans un \u00e9tat proche du neuf : pas de chocs de porti\u00e8re ou de rayures !<\/p>\n<p>Nous connaissons nos vans par coeur ! Autonomie, fonctionnement, choses \u00e0 faire et \u00e0 ne pas faire : nous prendrons au minimum une heure ensemble pour que vous maitrisiez l\u2019utilisation et l\u2019entretien de votre v\u00e9hicule, afin d\u2019en faire le meilleur usage ! Et en cas de question apr\u00e8s l\u2019achat\u2026 nous sommes l\u00e0 !<\/p>\n<p>Vous venez de loin pour voir ou acheter un van ? Nous pouvons venir vous r\u00e9cup\u00e9rer \u00e0 la gare ou a\u00e9roport de Toulouse, puis prendre le temps de vous montrer nos diff\u00e9rents v\u00e9hicules !<\/p>\n<p>Les accessoires de ce Nugget sont neufs, ils n\u2019ont jamais servis : chaises, filet anti chute lit, tapis de sol, etc. Le v\u00e9hicule n\u2019a jamais \u00e9t\u00e9 accident\u00e9, ou n\u2019a jamais subi de panne !<\/p>\n<p>Il est livr\u00e9 avec la premi\u00e8re r\u00e9vision Ford et un contr\u00f4le rigoureux effectu\u00e9 par Ford et nous m\u00eame. Il est couvert par la garantie constructeur pendant encore 2 ans !<\/p>\n","protected":false},"featured_media":3593,"template":"","meta":{"_acf_changed":false,"_seopress_robots_primary_cat":"none","_seopress_titles_title":"Occasion van am\u00e9nag\u00e9 ford nugget plus active boite auto L2","_seopress_titles_desc":"achat vente Superbe occasion van am\u00e9nag\u00e9 ford nugget plus L2 finition active avec eau chaude chauffage wc","_seopress_robots_index":"","inline_featured_image":false},"product_brand":[],"product_cat":[35,31],"product_tag":[],"options":[93,113,110,137,138,92,109,105,94],"class_list":{"0":"post-3590","1":"product","2":"type-product","3":"status-publish","4":"has-post-thumbnail","6":"product_cat-van","7":"product_cat-vehicules","9":"first","10":"instock","11":"taxable","12":"shipping-taxable","13":"purchasable","14":"product-type-simple"},"acf":[],"_links":{"self":[{"href":"https:\/\/www.van-away.com\/vente-vans\/wp-json\/wp\/v2\/product\/3590","targetHints":{"allow":["GET"]}}],"collection":[{"href":"https:\/\/www.van-away.com\/vente-vans\/wp-json\/wp\/v2\/product"}],"about":[{"href":"https:\/\/www.van-away.com\/vente-vans\/wp-json\/wp\/v2\/types\/product"}],"wp:featuredmedia":[{"embeddable":true,"href":"https:\/\/www.van-away.com\/vente-vans\/wp-json\/wp\/v2\/media\/3593"}],"wp:attachment":[{"href":"https:\/\/www.van-away.com\/vente-vans\/wp-json\/wp\/v2\/media?parent=3590"}],"wp:term":[{"taxonomy":"product_brand","embeddable":true,"href":"https:\/\/www.van-away.com\/vente-vans\/wp-json\/wp\/v2\/product_brand?post=3590"},{"taxonomy":"product_cat","embeddable":true,"href":"https:\/\/www.van-away.com\/vente-vans\/wp-json\/wp\/v2\/product_cat?post=3590"},{"taxonomy":"product_tag","embeddable":true,"href":"https:\/\/www.van-away.com\/vente-vans\/wp-json\/wp\/v2\/product_tag?post=3590"},{"taxonomy":"options","embeddable":true,"href":"https:\/\/www.van-away.com\/vente-vans\/wp-json\/wp\/v2\/options?post=3590"}],"curies":[{"name":"wp","href":"https:\/\/api.w.org\/{rel}","templated":true}]}}