{"id":3572,"date":"2025-07-30T18:27:09","date_gmt":"2025-07-30T16:27:09","guid":{"rendered":"https:\/\/www.van-away.com\/vente-vans\/?post_type=product&#038;p=3572"},"modified":"2025-12-12T17:43:29","modified_gmt":"2025-12-12T16:43:29","slug":"ford-panama-p10","status":"publish","type":"product","link":"https:\/\/www.van-away.com\/vente-vans\/p\/ford-panama-p10","title":{"rendered":"Ford Panama P10"},"content":{"rendered":"<p>Vente occasion tr\u00e8s r\u00e9cente de Ford Panama P10 bas\u00e9s sur le tout nouveau porteur Ford Tourneo ! Ce nouveau Ford pr\u00e9sente des \u00e9quipements et une planche de bord dignes d&rsquo;une berline. L&rsquo;am\u00e9nagement\u00a0 P10 est tr\u00e8s complet avec chauffage, convertisseur, panneau solaire, store&#8230;<\/p>\n","protected":false},"excerpt":{"rendered":"<p>L\u2019agence VAN-AWAY Toulouse vous propose des v\u00e9hicules r\u00e9cents enti\u00e8rement r\u00e9vis\u00e9s et sous garantie constructeur !<\/p>\n<p>Tous nos vans sont des occasions r\u00e9centes parfaitement entretenus et vendus dans un \u00e9tat proche du neuf : pas de chocs de porti\u00e8re ou de rayures !<\/p>\n<p>Nous connaissons nos vans par coeur ! Autonomie, fonctionnement, choses \u00e0 faire et \u00e0 ne pas faire : nous prendrons au minimum une heure ensemble pour que vous maitrisiez l\u2019utilisation et l\u2019entretien de votre v\u00e9hicule, afin d\u2019en faire le meilleur usage ! Et en cas de question apr\u00e8s l\u2019achat\u2026 nous sommes l\u00e0 !<\/p>\n<p>Vous venez de loin pour voir ou acheter un van ? Nous pouvons venir vous r\u00e9cup\u00e9rer \u00e0 la gare ou a\u00e9roport de Toulouse, puis prendre le temps de vous montrer nos diff\u00e9rents v\u00e9hicules !<\/p>\n<p>Les accessoires de ce Panama sont neufs, ils n\u2019ont jamais servis : tables ext et int\u00e9rieures, chaises, WC, etc. Le v\u00e9hicule n\u2019a jamais \u00e9t\u00e9 accident\u00e9, ou n\u2019a jamais subi de panne !<\/p>\n<p>Il est livr\u00e9 avec la premi\u00e8re r\u00e9vision Ford et un contr\u00f4le rigoureux effectu\u00e9 par Ford et nous m\u00eame. Il est couvert par la garantie constructeur encore plus d&rsquo;un an !<\/p>\n","protected":false},"featured_media":3542,"template":"","meta":{"_acf_changed":false,"_seopress_robots_primary_cat":"none","_seopress_titles_title":"vente occasion van am\u00e9nag\u00e9 ford panama P10 pas cher","_seopress_titles_desc":"Vente achat occasion van am\u00e9nag\u00e9 ford panama tr\u00e8s r\u00e9cent P10 5 places toit relevable","_seopress_robots_index":"","inline_featured_image":false},"product_brand":[],"product_cat":[35,31],"product_tag":[],"options":[93,113,110,114,137,138,92,105,94],"class_list":{"0":"post-3572","1":"product","2":"type-product","3":"status-publish","4":"has-post-thumbnail","6":"product_cat-van","7":"product_cat-vehicules","9":"first","10":"instock","11":"taxable","12":"shipping-taxable","13":"purchasable","14":"product-type-simple"},"acf":[],"_links":{"self":[{"href":"https:\/\/www.van-away.com\/vente-vans\/wp-json\/wp\/v2\/product\/3572","targetHints":{"allow":["GET"]}}],"collection":[{"href":"https:\/\/www.van-away.com\/vente-vans\/wp-json\/wp\/v2\/product"}],"about":[{"href":"https:\/\/www.van-away.com\/vente-vans\/wp-json\/wp\/v2\/types\/product"}],"wp:featuredmedia":[{"embeddable":true,"href":"https:\/\/www.van-away.com\/vente-vans\/wp-json\/wp\/v2\/media\/3542"}],"wp:attachment":[{"href":"https:\/\/www.van-away.com\/vente-vans\/wp-json\/wp\/v2\/media?parent=3572"}],"wp:term":[{"taxonomy":"product_brand","embeddable":true,"href":"https:\/\/www.van-away.com\/vente-vans\/wp-json\/wp\/v2\/product_brand?post=3572"},{"taxonomy":"product_cat","embeddable":true,"href":"https:\/\/www.van-away.com\/vente-vans\/wp-json\/wp\/v2\/product_cat?post=3572"},{"taxonomy":"product_tag","embeddable":true,"href":"https:\/\/www.van-away.com\/vente-vans\/wp-json\/wp\/v2\/product_tag?post=3572"},{"taxonomy":"options","embeddable":true,"href":"https:\/\/www.van-away.com\/vente-vans\/wp-json\/wp\/v2\/options?post=3572"}],"curies":[{"name":"wp","href":"https:\/\/api.w.org\/{rel}","templated":true}]}}