{"id":3458,"date":"2025-08-30T11:33:27","date_gmt":"2025-08-30T09:33:27","guid":{"rendered":"https:\/\/www.van-away.com\/vente-vans\/?post_type=product&#038;p=3458"},"modified":"2026-03-09T14:53:11","modified_gmt":"2026-03-09T13:53:11","slug":"volkswagen-california-ocean-t6-1","status":"publish","type":"product","link":"https:\/\/www.van-away.com\/vente-vans\/p\/volkswagen-california-ocean-t6-1","title":{"rendered":"Vendu &#8211; Volkswagen California Oc\u00e9an T6.1"},"content":{"rendered":"<p>Encore sous garantie constructeur, superbe California <strong>Oc\u00e9an<\/strong> T6.1 \u00e0 vendre.<\/p>\n<p>Ses atouts : toit relevable \u00e9lectrique, attelage, couleur bleu starlight et feux led.<\/p>\n","protected":false},"excerpt":{"rendered":"<p>Encore sous garantie constructeur, superbe California Oc\u00e9an T6.1 \u00e0 vendre. Ses atouts : toit relevable \u00e9lectrique, attelage, couleur bleu starlight et feux led.<\/p>\n","protected":false},"featured_media":3461,"template":"","meta":{"_acf_changed":false,"_seopress_robots_primary_cat":"none","_seopress_titles_title":"","_seopress_titles_desc":"","_seopress_robots_index":"","inline_featured_image":false},"product_brand":[],"product_cat":[35,31],"product_tag":[],"options":[],"class_list":{"0":"post-3458","1":"product","2":"type-product","3":"status-publish","4":"has-post-thumbnail","6":"product_cat-van","7":"product_cat-vehicules","9":"first","10":"instock","11":"taxable","12":"shipping-taxable","13":"purchasable","14":"product-type-simple"},"acf":[],"_links":{"self":[{"href":"https:\/\/www.van-away.com\/vente-vans\/wp-json\/wp\/v2\/product\/3458","targetHints":{"allow":["GET"]}}],"collection":[{"href":"https:\/\/www.van-away.com\/vente-vans\/wp-json\/wp\/v2\/product"}],"about":[{"href":"https:\/\/www.van-away.com\/vente-vans\/wp-json\/wp\/v2\/types\/product"}],"wp:featuredmedia":[{"embeddable":true,"href":"https:\/\/www.van-away.com\/vente-vans\/wp-json\/wp\/v2\/media\/3461"}],"wp:attachment":[{"href":"https:\/\/www.van-away.com\/vente-vans\/wp-json\/wp\/v2\/media?parent=3458"}],"wp:term":[{"taxonomy":"product_brand","embeddable":true,"href":"https:\/\/www.van-away.com\/vente-vans\/wp-json\/wp\/v2\/product_brand?post=3458"},{"taxonomy":"product_cat","embeddable":true,"href":"https:\/\/www.van-away.com\/vente-vans\/wp-json\/wp\/v2\/product_cat?post=3458"},{"taxonomy":"product_tag","embeddable":true,"href":"https:\/\/www.van-away.com\/vente-vans\/wp-json\/wp\/v2\/product_tag?post=3458"},{"taxonomy":"options","embeddable":true,"href":"https:\/\/www.van-away.com\/vente-vans\/wp-json\/wp\/v2\/options?post=3458"}],"curies":[{"name":"wp","href":"https:\/\/api.w.org\/{rel}","templated":true}]}}