{"id":3435,"date":"2025-08-27T14:25:05","date_gmt":"2025-08-27T12:25:05","guid":{"rendered":"https:\/\/www.van-away.com\/vente-vans\/?post_type=product&#038;p=3435"},"modified":"2026-01-15T15:54:32","modified_gmt":"2026-01-15T14:54:32","slug":"ci-kyros-5go","status":"publish","type":"product","link":"https:\/\/www.van-away.com\/vente-vans\/p\/ci-kyros-5go","title":{"rendered":"CI KYROS 5GO  ****VENDU****"},"content":{"rendered":"<p>Magnifique Kyros de 2024, \u00e9quip\u00e9 avec toutes les options indispensables :\u00a0 Pack style, Pack confort, Marche pied \u00e9lectrique, store,\u00a0 \u00e9clairage ext\u00e9rieur, panneau solaire, attelage\u00a0 ! Un fourgon tout confort\u00a0 port\u00e9 par le Fiat Ducato 140cv !!<\/p>\n<p>Ce v\u00e9hicule est vendu dans un tr\u00e8s bon \u00e9tat, r\u00e9vis\u00e9 et SOUS GARANTIE CONSTRUCTEUR jusqu&rsquo;en juillet 2026. Possibilit\u00e9 de prolonger la garantie<\/p>\n","protected":false},"excerpt":{"rendered":"<p>Magnifique Kyros de 2024, \u00e9quip\u00e9 avec toutes les options indispensables :\u00a0 Pack style, Pack confort, Marche pied \u00e9lectrique, store,\u00a0 \u00e9clairage ext\u00e9rieur, panneau solaire, attelage\u00a0 ! Un fourgon tout confort\u00a0 port\u00e9 par le Fiat Ducato 140cv !! Ce v\u00e9hicule est vendu dans un tr\u00e8s bon \u00e9tat, r\u00e9vis\u00e9 et SOUS GARANTIE CONSTRUCTEUR jusqu&rsquo;en juillet 2026. Possibilit\u00e9 de [&hellip;]<\/p>\n","protected":false},"featured_media":3439,"template":"","meta":{"_acf_changed":false,"_seopress_robots_primary_cat":"none","_seopress_titles_title":"","_seopress_titles_desc":"","_seopress_robots_index":"","inline_featured_image":false},"product_brand":[],"product_cat":[36,31],"product_tag":[],"options":[113,103],"class_list":{"0":"post-3435","1":"product","2":"type-product","3":"status-publish","4":"has-post-thumbnail","6":"product_cat-fourgon","7":"product_cat-vehicules","9":"first","10":"instock","11":"taxable","12":"shipping-taxable","13":"purchasable","14":"product-type-simple"},"acf":[],"_links":{"self":[{"href":"https:\/\/www.van-away.com\/vente-vans\/wp-json\/wp\/v2\/product\/3435","targetHints":{"allow":["GET"]}}],"collection":[{"href":"https:\/\/www.van-away.com\/vente-vans\/wp-json\/wp\/v2\/product"}],"about":[{"href":"https:\/\/www.van-away.com\/vente-vans\/wp-json\/wp\/v2\/types\/product"}],"wp:featuredmedia":[{"embeddable":true,"href":"https:\/\/www.van-away.com\/vente-vans\/wp-json\/wp\/v2\/media\/3439"}],"wp:attachment":[{"href":"https:\/\/www.van-away.com\/vente-vans\/wp-json\/wp\/v2\/media?parent=3435"}],"wp:term":[{"taxonomy":"product_brand","embeddable":true,"href":"https:\/\/www.van-away.com\/vente-vans\/wp-json\/wp\/v2\/product_brand?post=3435"},{"taxonomy":"product_cat","embeddable":true,"href":"https:\/\/www.van-away.com\/vente-vans\/wp-json\/wp\/v2\/product_cat?post=3435"},{"taxonomy":"product_tag","embeddable":true,"href":"https:\/\/www.van-away.com\/vente-vans\/wp-json\/wp\/v2\/product_tag?post=3435"},{"taxonomy":"options","embeddable":true,"href":"https:\/\/www.van-away.com\/vente-vans\/wp-json\/wp\/v2\/options?post=3435"}],"curies":[{"name":"wp","href":"https:\/\/api.w.org\/{rel}","templated":true}]}}