{"id":3277,"date":"2025-08-24T21:40:59","date_gmt":"2025-08-24T19:40:59","guid":{"rendered":"https:\/\/www.van-away.com\/vente-vans\/?post_type=product&#038;p=3277"},"modified":"2026-02-27T07:58:15","modified_gmt":"2026-02-27T06:58:15","slug":"california-coast-t6-1-sdg7","status":"publish","type":"product","link":"https:\/\/www.van-away.com\/vente-vans\/p\/california-coast-t6-1-sdg7","title":{"rendered":"California Coast T6.1 DSG7"},"content":{"rendered":"<p data-start=\"353\" data-end=\"697\">D\u00e9couvrez l\u2019<strong data-start=\"365\" data-end=\"391\">ic\u00f4ne du voyage en van<\/strong> : le <strong data-start=\"397\" data-end=\"422\">California Coast T6.1<\/strong>, dans sa version DSG7 r\u00e9cente, soigneusement entretenue et sous garantie 1 an.<br data-start=\"501\" data-end=\"504\" \/>Ce van am\u00e9nag\u00e9 allie <strong data-start=\"525\" data-end=\"554\">style, confort et libert\u00e9<\/strong>, et cette version exclusive <strong data-start=\"583\" data-end=\"595\">VAN-AWAY<\/strong> est encore plus polyvalente gr\u00e2ce \u00e0 l\u2019ajout de l\u2019<strong data-start=\"645\" data-end=\"659\">eau chaude<\/strong>, un vrai plus pour les longs s\u00e9jours.<\/p>\n<h4 data-start=\"892\" data-end=\"914\"><strong data-start=\"898\" data-end=\"914\">Ses atouts :<\/strong><\/h4>\n<ul>\n<li data-start=\"1167\" data-end=\"1241\"><strong data-start=\"1167\" data-end=\"1188\">Attelage amovible<\/strong> : id\u00e9al pour un porte-v\u00e9los ou une remorque l\u00e9g\u00e8re<\/li>\n<li data-start=\"1167\" data-end=\"1241\"><strong data-start=\"1244\" data-end=\"1269\">Plancher effet bateau<\/strong> : robuste, \u00e9l\u00e9gant et facile \u00e0 nettoyer<\/li>\n<li data-start=\"1167\" data-end=\"1241\"><strong data-start=\"1010\" data-end=\"1032\">Hauteur &lt; 2 m\u00e8tres<\/strong> : acc\u00e8s facile aux parkings souterrains et en ville<\/li>\n<li data-start=\"1167\" data-end=\"1241\"><strong data-start=\"1089\" data-end=\"1141\">Prise 220V utilisable sans branchement ext\u00e9rieur<\/strong> : autonomie garantie<\/li>\n<li style=\"list-style-type: none;\"><\/li>\n<\/ul>\n","protected":false},"excerpt":{"rendered":"<p>L\u2019agence VAN-AWAY Pierrelatte vous propose des v\u00e9hicules r\u00e9cents enti\u00e8rement r\u00e9vis\u00e9s et sous garantie constructeur !<\/p>\n<p>Tous nos vans sont des occasions r\u00e9centes parfaitement entretenus et vendus dans un \u00e9tat proche du neuf : pas de chocs de porti\u00e8re ou de rayures !<\/p>\n<p>Nous connaissons nos vans par coeur ! Autonomie, fonctionnement, choses \u00e0 faire et \u00e0 ne pas faire : nous prendrons au minimum une heure ensemble pour que vous maitrisiez l\u2019utilisation et l\u2019entretien de votre v\u00e9hicule, afin d\u2019en faire le meilleur usage ! Et en cas de question apr\u00e8s l\u2019achat\u2026 nous sommes l\u00e0 !<\/p>\n<p>Vous venez de loin pour voir ou acheter un van ? Nous pouvons venir vous r\u00e9cup\u00e9rer \u00e0 la gare ou Pierrelatte, puis prendre le temps de vous montrer nos diff\u00e9rents v\u00e9hicules !<\/p>\n<p>La table ext\u00e9rieure est neuve, elle n&rsquo;a pas \u00e9t\u00e9 utilis\u00e9e lors de la location. Le v\u00e9hicule n\u2019a jamais \u00e9t\u00e9 accident\u00e9, ou n\u2019a jamais subi de panne !<\/p>\n<p>Il est couvert par une garantie porteur + cellule de 1 an ou plus si vous le souhaitez.<\/p>\n","protected":false},"featured_media":3280,"template":"","meta":{"_acf_changed":false,"_seopress_robots_primary_cat":"none","_seopress_titles_title":"California Coast TDI 150 CV, boite automatique, Van Away","_seopress_titles_desc":"California Coast T6.1 DSG7, \u00e9quip\u00e9 d'un chauffe eau d'une boule d'attelage et d'un plancher bateau et livrable fin septembre, Agence VAN AWAY Pierrelatte","_seopress_robots_index":"","inline_featured_image":false},"product_brand":[],"product_cat":[35,31],"product_tag":[],"options":[113,103,96],"class_list":{"0":"post-3277","1":"product","2":"type-product","3":"status-publish","4":"has-post-thumbnail","6":"product_cat-van","7":"product_cat-vehicules","9":"first","10":"instock","11":"taxable","12":"shipping-taxable","13":"purchasable","14":"product-type-simple"},"acf":[],"_links":{"self":[{"href":"https:\/\/www.van-away.com\/vente-vans\/wp-json\/wp\/v2\/product\/3277","targetHints":{"allow":["GET"]}}],"collection":[{"href":"https:\/\/www.van-away.com\/vente-vans\/wp-json\/wp\/v2\/product"}],"about":[{"href":"https:\/\/www.van-away.com\/vente-vans\/wp-json\/wp\/v2\/types\/product"}],"wp:featuredmedia":[{"embeddable":true,"href":"https:\/\/www.van-away.com\/vente-vans\/wp-json\/wp\/v2\/media\/3280"}],"wp:attachment":[{"href":"https:\/\/www.van-away.com\/vente-vans\/wp-json\/wp\/v2\/media?parent=3277"}],"wp:term":[{"taxonomy":"product_brand","embeddable":true,"href":"https:\/\/www.van-away.com\/vente-vans\/wp-json\/wp\/v2\/product_brand?post=3277"},{"taxonomy":"product_cat","embeddable":true,"href":"https:\/\/www.van-away.com\/vente-vans\/wp-json\/wp\/v2\/product_cat?post=3277"},{"taxonomy":"product_tag","embeddable":true,"href":"https:\/\/www.van-away.com\/vente-vans\/wp-json\/wp\/v2\/product_tag?post=3277"},{"taxonomy":"options","embeddable":true,"href":"https:\/\/www.van-away.com\/vente-vans\/wp-json\/wp\/v2\/options?post=3277"}],"curies":[{"name":"wp","href":"https:\/\/api.w.org\/{rel}","templated":true}]}}