{"id":3067,"date":"2025-08-09T14:20:33","date_gmt":"2025-08-09T12:20:33","guid":{"rendered":"https:\/\/www.van-away.com\/vente-vans\/?post_type=product&#038;p=3067"},"modified":"2025-08-29T19:19:21","modified_gmt":"2025-08-29T17:19:21","slug":"malle-de-voyage-la-box-de-van-mania","status":"publish","type":"product","link":"https:\/\/www.van-away.com\/vente-vans\/p\/malle-de-voyage-la-box-de-van-mania","title":{"rendered":"Malle de voyage \u00ab\u00a0La Box\u00a0\u00bb de VAN-MANIA"},"content":{"rendered":"<p>VAN-MANIA, l&rsquo;un des leaders des kits d&rsquo;am\u00e9nagement d\u00e9montables en France, propose \u00e9galement de superbes malles de voyages adaptables dans des vans, monospaces, ludospaces.<\/p>\n<p>Ce mod\u00e8le d&rsquo;expo, disponible dans notre agence, convient pour tout type d&rsquo;utilitaire ou van proposant une largeur d&rsquo;au moins 120cm \u00e0 l&rsquo;arri\u00e8re.<\/p>\n<p>Astucieuse, la \u00ab\u00a0Box\u00a0\u00bb de chez VAN-MANIA offre une qualit\u00e9 de finition, un rendu esth\u00e9tique, et un niveau de fonctionnalit\u00e9s in\u00e9gal\u00e9s sur le march\u00e9.<\/p>\n<p>Et en plus : la fabrication fran\u00e7aise et le mobilier est garanti \u00e0 vie !<\/p>\n","protected":false},"excerpt":{"rendered":"<p>L\u2019agence VAN-AWAY Toulouse vous propose des accessoires et am\u00e9nagements de qualit\u00e9 pour transformer vos voitures, ludospaces ou vans en v\u00e9hicules de loisir !<\/p>\n<p>Tentes de toit, malles de voyages, kits d&rsquo;am\u00e9nagement d\u00e9montables : nous vous proposons toutes les solutions du march\u00e9 pour vos vacances, adaptables sur votre v\u00e9hicule.<\/p>\n<p>Nous pouvons dans notre show room vous faire la pr\u00e9sentation et d\u00e9monstration de nos produits, et \u00e9tudier avec vous l&rsquo;option la plus compatible avec votre v\u00e9hicule, et avec vos projets de voyage ! Pour cela, merci de nous contacter pour prendre rendez vous !<\/p>\n","protected":false},"featured_media":3071,"template":"","meta":{"_acf_changed":false,"_seopress_robots_primary_cat":"none","_seopress_titles_title":"Malle de voyage pas cher van-mania la box pour van","_seopress_titles_desc":"Vente malle de voyage box pour van ou ludospace \u00e0 installer dans le coffre avec cuisine et rangements","_seopress_robots_index":"","inline_featured_image":false},"product_brand":[],"product_cat":[32,60],"product_tag":[],"options":[122,132,127,134,119,126,125,120,121],"class_list":{"0":"post-3067","1":"product","2":"type-product","3":"status-publish","4":"has-post-thumbnail","6":"product_cat-accessoires-amenagements","7":"product_cat-malle-de-voyage","9":"first","10":"instock","11":"purchasable","12":"product-type-simple"},"acf":[],"_links":{"self":[{"href":"https:\/\/www.van-away.com\/vente-vans\/wp-json\/wp\/v2\/product\/3067","targetHints":{"allow":["GET"]}}],"collection":[{"href":"https:\/\/www.van-away.com\/vente-vans\/wp-json\/wp\/v2\/product"}],"about":[{"href":"https:\/\/www.van-away.com\/vente-vans\/wp-json\/wp\/v2\/types\/product"}],"wp:featuredmedia":[{"embeddable":true,"href":"https:\/\/www.van-away.com\/vente-vans\/wp-json\/wp\/v2\/media\/3071"}],"wp:attachment":[{"href":"https:\/\/www.van-away.com\/vente-vans\/wp-json\/wp\/v2\/media?parent=3067"}],"wp:term":[{"taxonomy":"product_brand","embeddable":true,"href":"https:\/\/www.van-away.com\/vente-vans\/wp-json\/wp\/v2\/product_brand?post=3067"},{"taxonomy":"product_cat","embeddable":true,"href":"https:\/\/www.van-away.com\/vente-vans\/wp-json\/wp\/v2\/product_cat?post=3067"},{"taxonomy":"product_tag","embeddable":true,"href":"https:\/\/www.van-away.com\/vente-vans\/wp-json\/wp\/v2\/product_tag?post=3067"},{"taxonomy":"options","embeddable":true,"href":"https:\/\/www.van-away.com\/vente-vans\/wp-json\/wp\/v2\/options?post=3067"}],"curies":[{"name":"wp","href":"https:\/\/api.w.org\/{rel}","templated":true}]}}