{"id":2991,"date":"2025-08-11T15:00:00","date_gmt":"2025-08-11T13:00:00","guid":{"rendered":"https:\/\/www.van-away.com\/vente-vans\/?post_type=product&#038;p=2991"},"modified":"2026-03-26T15:06:39","modified_gmt":"2026-03-26T14:06:39","slug":"renault-trafic-iii-kit-sud-vasp-vanmania-5","status":"publish","type":"product","link":"https:\/\/www.van-away.com\/vente-vans\/p\/renault-trafic-iii-kit-sud-vasp-vanmania-5","title":{"rendered":"Renault Trafic III \u2013 Kit SUD VASP VanMania \u2013 797"},"content":{"rendered":"<p>D\u00e9couvrez notre Renault Trafic am\u00e9nag\u00e9 Van Mania Sud : id\u00e9al pour partir \u00e0 4, ce van modulable dispose d\u2019un toit relevable, d\u2019une banquette convertible homologu\u00e9e, et d\u2019une cuisine amovible utilisable dedans comme dehors. Avec ses nombreux rangements, ses couchages confortables et son espace optimis\u00e9, profitez de la libert\u00e9\u2026 en solo ou \u00e0 plusieurs !<\/p>\n<p><span class=\"OYPEnA font-feature-liga-off font-feature-clig-off font-feature-calt-off text-decoration-none text-strikethrough-none\">Renault Trafic L1H1 DCI150 BVA<\/span><\/p>\n<ul>\n<li class=\"cvGsUA direction-ltr align-end para-style-body\"><strong><span class=\"OYPEnA font-feature-liga-off font-feature-clig-off font-feature-calt-off text-decoration-none text-strikethrough-none\">Pack Grand Confort\u00a0<\/span><\/strong><span class=\"OYPEnA font-feature-liga-off font-feature-clig-off font-feature-calt-off text-decoration-none text-strikethrough-none\">: Syst\u00e8me multimedia Easy Link avec \u00e9cran tactile 8\u2032 et r\u00e9plication smartphone \u2013 Climatisation manuelle \u2013 Radar de recul,\u2026<\/span><\/li>\n<li><strong>Pack Look<\/strong> : Pack Style enjoliveurs 16&Prime; maxi Siras<\/li>\n<\/ul>\n<p>REF : 797<\/p>\n<p>Prix applicable pour un kilom\u00e9trage \u00e0 partir de 30 000 km.<\/p>\n","protected":false},"excerpt":{"rendered":"<p class=\"p1\">\u00c0 l\u2019agence VAN-AWAY Remouill\u00e9, Antoine et son \u00e9quipe vous accueillent avec passion et authenticit\u00e9. Baroudeur dans l\u2019\u00e2me, Antoine a parcouru l\u2019Europe et l\u2019Oc\u00e9anie en van am\u00e9nag\u00e9 et met aujourd\u2019hui son exp\u00e9rience au service de vos projets d\u2019\u00e9vasion.<\/p>\n<p class=\"p1\">Depuis 2016, il explore toutes les facettes de l\u2019univers du van am\u00e9nag\u00e9. Son savoir-faire et son \u00e9quipe de passionn\u00e9s du van garantissent des v\u00e9hicules pens\u00e9s dans les moindres d\u00e9tails, r\u00e9cents, entretenus et pr\u00eats \u00e0 prendre la route.<\/p>\n<p class=\"p1\">Lors de la remise des cl\u00e9s, l\u2019\u00e9quipe prend le temps de vous pr\u00e9senter le v\u00e9hicule afin que vous partiez en toute confiance. Et parce que l\u2019accompagnement continue apr\u00e8s le d\u00e9part, VAN-AWAY Remouill\u00e9 reste \u00e0 votre \u00e9coute avant comme apr\u00e8s votre achat.<\/p>\n<p class=\"p1\">Avec VAN-AWAY Remouill\u00e9, partez l\u2019esprit libre.<\/p>\n","protected":false},"featured_media":2993,"template":"","meta":{"_acf_changed":false,"_seopress_robots_primary_cat":"none","_seopress_titles_title":"","_seopress_titles_desc":"","_seopress_robots_index":"","inline_featured_image":false},"product_brand":[],"product_cat":[35,31],"product_tag":[],"options":[93,113,103,110,108,92,105,104,94,95,101],"class_list":{"0":"post-2991","1":"product","2":"type-product","3":"status-publish","4":"has-post-thumbnail","6":"product_cat-van","7":"product_cat-vehicules","9":"first","10":"instock","11":"sale","12":"taxable","13":"shipping-taxable","14":"purchasable","15":"product-type-simple"},"acf":[],"_links":{"self":[{"href":"https:\/\/www.van-away.com\/vente-vans\/wp-json\/wp\/v2\/product\/2991","targetHints":{"allow":["GET"]}}],"collection":[{"href":"https:\/\/www.van-away.com\/vente-vans\/wp-json\/wp\/v2\/product"}],"about":[{"href":"https:\/\/www.van-away.com\/vente-vans\/wp-json\/wp\/v2\/types\/product"}],"wp:featuredmedia":[{"embeddable":true,"href":"https:\/\/www.van-away.com\/vente-vans\/wp-json\/wp\/v2\/media\/2993"}],"wp:attachment":[{"href":"https:\/\/www.van-away.com\/vente-vans\/wp-json\/wp\/v2\/media?parent=2991"}],"wp:term":[{"taxonomy":"product_brand","embeddable":true,"href":"https:\/\/www.van-away.com\/vente-vans\/wp-json\/wp\/v2\/product_brand?post=2991"},{"taxonomy":"product_cat","embeddable":true,"href":"https:\/\/www.van-away.com\/vente-vans\/wp-json\/wp\/v2\/product_cat?post=2991"},{"taxonomy":"product_tag","embeddable":true,"href":"https:\/\/www.van-away.com\/vente-vans\/wp-json\/wp\/v2\/product_tag?post=2991"},{"taxonomy":"options","embeddable":true,"href":"https:\/\/www.van-away.com\/vente-vans\/wp-json\/wp\/v2\/options?post=2991"}],"curies":[{"name":"wp","href":"https:\/\/api.w.org\/{rel}","templated":true}]}}