{"id":2983,"date":"2025-09-22T14:40:44","date_gmt":"2025-09-22T12:40:44","guid":{"rendered":"https:\/\/www.van-away.com\/vente-vans\/?post_type=product&#038;p=2983"},"modified":"2026-01-10T11:39:19","modified_gmt":"2026-01-10T10:39:19","slug":"renault-trafic-iii-kit-est-vasp-vanmania-2","status":"publish","type":"product","link":"https:\/\/www.van-away.com\/vente-vans\/p\/renault-trafic-iii-kit-est-vasp-vanmania-2","title":{"rendered":"Renault Trafic III \u2013 Kit EST VASP VanMania \u2013 593"},"content":{"rendered":"<p>Voyagez \u00e0 5 gr\u00e2ce \u00e0 ce van homologu\u00e9 VASP, pens\u00e9 pour la route et la vie \u00e0 bord. Il dispose d\u2019un toit relevable, d\u2019une banquette-lit 3 places sur rails, d\u2019une cuisine int\u00e9rieure tout \u00e9quip\u00e9e, et de nombreux rangements astucieux. Confortable, modulable et pr\u00eat pour l\u2019aventure, \u00e9t\u00e9 comme hiver !<\/p>\n<p class=\"p1\">Renault Trafic L1H1 DCI150 BVM<\/p>\n<ul>\n<li class=\"p1\"><strong>Pack Grand Confort<\/strong>\u00a0: Syst\u00e8me multimedia Easy Link avec \u00e9cran tactile 8\u2032 et r\u00e9plication smartphone \u2013 Climatisation manuelle \u2013 Radar de recul,\u2026<\/li>\n<li class=\"p1\"><strong>Pack Visibilit\u00e9 <\/strong>: Anti Brouillard<\/li>\n<li class=\"p1\"><strong>Pack Look<\/strong>\u00a0: Pack style enjoliveurs 16\u2033maxi Siras\u00a0\u00bb<\/li>\n<\/ul>\n<p>REF : 593<\/p>\n<p>Prix applicable pour un kilom\u00e9trage \u00e0 partir de 30 000 km.<\/p>\n","protected":false},"excerpt":{"rendered":"<p class=\"p1\">\u00c0 l\u2019agence VAN-AWAY Remouill\u00e9, Antoine et son \u00e9quipe vous accueillent avec passion et authenticit\u00e9. Baroudeur dans l\u2019\u00e2me, Antoine a parcouru l\u2019Europe et l\u2019Oc\u00e9anie en van am\u00e9nag\u00e9 et met aujourd\u2019hui son exp\u00e9rience au service de vos projets d\u2019\u00e9vasion.<\/p>\n<p class=\"p1\">Depuis 2016, il explore toutes les facettes de l\u2019univers du van am\u00e9nag\u00e9. Son savoir-faire et son \u00e9quipe de passionn\u00e9s du van garantissent des v\u00e9hicules pens\u00e9s dans les moindres d\u00e9tails, r\u00e9cents, entretenus et pr\u00eats \u00e0 prendre la route.<\/p>\n<p class=\"p1\">Lors de la remise des cl\u00e9s, l\u2019\u00e9quipe prend le temps de vous pr\u00e9senter le v\u00e9hicule afin que vous partiez en toute confiance. Et parce que l\u2019accompagnement continue apr\u00e8s le d\u00e9part, VAN-AWAY Remouill\u00e9 reste \u00e0 votre \u00e9coute avant comme apr\u00e8s votre achat.<\/p>\n<p class=\"p1\">Avec VAN-AWAY Remouill\u00e9, partez l\u2019esprit libre.<\/p>\n","protected":false},"featured_media":2986,"template":"","meta":{"_acf_changed":false,"_seopress_robots_primary_cat":"none","_seopress_titles_title":"","_seopress_titles_desc":"","_seopress_robots_index":"","inline_featured_image":false},"product_brand":[],"product_cat":[35,31],"product_tag":[],"options":[93,110,114,96,108,92,105,104,95,101],"class_list":{"0":"post-2983","1":"product","2":"type-product","3":"status-publish","4":"has-post-thumbnail","6":"product_cat-van","7":"product_cat-vehicules","9":"first","10":"instock","11":"taxable","12":"shipping-taxable","13":"purchasable","14":"product-type-simple"},"acf":[],"_links":{"self":[{"href":"https:\/\/www.van-away.com\/vente-vans\/wp-json\/wp\/v2\/product\/2983","targetHints":{"allow":["GET"]}}],"collection":[{"href":"https:\/\/www.van-away.com\/vente-vans\/wp-json\/wp\/v2\/product"}],"about":[{"href":"https:\/\/www.van-away.com\/vente-vans\/wp-json\/wp\/v2\/types\/product"}],"wp:featuredmedia":[{"embeddable":true,"href":"https:\/\/www.van-away.com\/vente-vans\/wp-json\/wp\/v2\/media\/2986"}],"wp:attachment":[{"href":"https:\/\/www.van-away.com\/vente-vans\/wp-json\/wp\/v2\/media?parent=2983"}],"wp:term":[{"taxonomy":"product_brand","embeddable":true,"href":"https:\/\/www.van-away.com\/vente-vans\/wp-json\/wp\/v2\/product_brand?post=2983"},{"taxonomy":"product_cat","embeddable":true,"href":"https:\/\/www.van-away.com\/vente-vans\/wp-json\/wp\/v2\/product_cat?post=2983"},{"taxonomy":"product_tag","embeddable":true,"href":"https:\/\/www.van-away.com\/vente-vans\/wp-json\/wp\/v2\/product_tag?post=2983"},{"taxonomy":"options","embeddable":true,"href":"https:\/\/www.van-away.com\/vente-vans\/wp-json\/wp\/v2\/options?post=2983"}],"curies":[{"name":"wp","href":"https:\/\/api.w.org\/{rel}","templated":true}]}}