{"id":2908,"date":"2025-07-28T18:05:38","date_gmt":"2025-07-28T16:05:38","guid":{"rendered":"https:\/\/www.van-away.com\/vente-vans\/?post_type=product&#038;p=2908"},"modified":"2026-03-20T15:29:30","modified_gmt":"2026-03-20T14:29:30","slug":"california-t6-1-1ere-immatriculation-novembre-2024-150-cv-boite-auto-dsg7-eau-chaude","status":"publish","type":"product","link":"https:\/\/www.van-away.com\/vente-vans\/p\/california-t6-1-1ere-immatriculation-novembre-2024-150-cv-boite-auto-dsg7-eau-chaude","title":{"rendered":"California T6.1 Novembre 2024 150 CV Bo\u00eete auto DSG7 Eau Chaude VENDU"},"content":{"rendered":"<p>La r\u00e9f\u00e9rence du van am\u00e9nag\u00e9 pour 4 personnes, avec un confort haut de gamme, et le petit plus VAN-AWAY : l\u2019eau chaude ! Volkswagen France<\/p>\n<p>1\u00e8re immatriculation Novembre 2024 faible kilom\u00e9trage estimation 75 000 KM pour SEPTEMBRE 2026<\/p>\n<p>sous garantie constructeur Octobre 2028<\/p>\n<p>Tr\u00e8s bon \u00e9tat garantie<\/p>\n","protected":false},"excerpt":{"rendered":"<p>Un confort haut de gamme, et le petit plus VAN-AWAY : l\u2019eau chaude<\/p>\n<p>Dernier mod\u00e8le sortie d&rsquo;usine avant l&rsquo;arr\u00eat de l&#8217;embl\u00e9matique T6.1 parfaitement optionn\u00e9<\/p>\n","protected":false},"featured_media":2917,"template":"","meta":{"_acf_changed":false,"_seopress_robots_primary_cat":"none","_seopress_titles_title":"","_seopress_titles_desc":"","_seopress_robots_index":"","inline_featured_image":false},"product_brand":[],"product_cat":[35,31],"product_tag":[],"options":[113,103,114,96,108,107],"class_list":{"0":"post-2908","1":"product","2":"type-product","3":"status-publish","4":"has-post-thumbnail","6":"product_cat-van","7":"product_cat-vehicules","9":"first","10":"instock","11":"sale","12":"taxable","13":"shipping-taxable","14":"purchasable","15":"product-type-simple"},"acf":[],"_links":{"self":[{"href":"https:\/\/www.van-away.com\/vente-vans\/wp-json\/wp\/v2\/product\/2908","targetHints":{"allow":["GET"]}}],"collection":[{"href":"https:\/\/www.van-away.com\/vente-vans\/wp-json\/wp\/v2\/product"}],"about":[{"href":"https:\/\/www.van-away.com\/vente-vans\/wp-json\/wp\/v2\/types\/product"}],"wp:featuredmedia":[{"embeddable":true,"href":"https:\/\/www.van-away.com\/vente-vans\/wp-json\/wp\/v2\/media\/2917"}],"wp:attachment":[{"href":"https:\/\/www.van-away.com\/vente-vans\/wp-json\/wp\/v2\/media?parent=2908"}],"wp:term":[{"taxonomy":"product_brand","embeddable":true,"href":"https:\/\/www.van-away.com\/vente-vans\/wp-json\/wp\/v2\/product_brand?post=2908"},{"taxonomy":"product_cat","embeddable":true,"href":"https:\/\/www.van-away.com\/vente-vans\/wp-json\/wp\/v2\/product_cat?post=2908"},{"taxonomy":"product_tag","embeddable":true,"href":"https:\/\/www.van-away.com\/vente-vans\/wp-json\/wp\/v2\/product_tag?post=2908"},{"taxonomy":"options","embeddable":true,"href":"https:\/\/www.van-away.com\/vente-vans\/wp-json\/wp\/v2\/options?post=2908"}],"curies":[{"name":"wp","href":"https:\/\/api.w.org\/{rel}","templated":true}]}}