{"id":2701,"date":"2025-07-12T19:43:59","date_gmt":"2025-07-12T17:43:59","guid":{"rendered":"https:\/\/www.van-away.com\/vente-vans\/?post_type=product&#038;p=2701"},"modified":"2026-03-21T13:19:51","modified_gmt":"2026-03-21T12:19:51","slug":"font-vendome-terravan","status":"publish","type":"product","link":"https:\/\/www.van-away.com\/vente-vans\/p\/font-vendome-terravan","title":{"rendered":"Font Vendome Terravan"},"content":{"rendered":"<p>Vente occasion tr\u00e8s r\u00e9cente du nouveau Terravan de chez Font Vendome, le fourgon compact 5 places. Salle de bain XL, beau frigo, couchages confortable et espaces de rangements g\u00e9n\u00e9reux : c&rsquo;est LE fourgon familial par excellence<\/p>\n","protected":false},"excerpt":{"rendered":"<p>L\u2019agence VAN-AWAY Toulouse vous propose des v\u00e9hicules r\u00e9cents enti\u00e8rement r\u00e9vis\u00e9s et sous garantie constructeur !<\/p>\n<p>Tous nos vans sont des occasions r\u00e9centes parfaitement entretenus et vendus dans un \u00e9tat proche du neuf : pas de chocs de porti\u00e8re ou de rayures !<\/p>\n<p>Nous connaissons nos vans par coeur ! Autonomie, fonctionnement, choses \u00e0 faire et \u00e0 ne pas faire : nous prendrons au minimum une heure ensemble pour que vous maitrisiez l\u2019utilisation et l\u2019entretien de votre v\u00e9hicule, afin d\u2019en faire le meilleur usage ! Et en cas de question apr\u00e8s l\u2019achat\u2026 nous sommes l\u00e0 !<\/p>\n<p>Vous venez de loin pour voir ou acheter un van ? Nous pouvons venir vous r\u00e9cup\u00e9rer \u00e0 la gare ou a\u00e9roport de Toulouse, puis prendre le temps de vous montrer nos diff\u00e9rents v\u00e9hicules !<\/p>\n<p>Les accessoires d&rsquo;origine de ce Terravan sont neufs (lit dinette, sur matelas&#8230;). Le v\u00e9hicule n\u2019a jamais \u00e9t\u00e9 accident\u00e9, ou n\u2019a jamais subi de panne !<\/p>\n<p>Il est couvert par une garantie porteur + cellule de 18 mois !<\/p>\n","protected":false},"featured_media":2702,"template":"","meta":{"_acf_changed":false,"_seopress_robots_primary_cat":"none","_seopress_titles_title":"vente OCCASION FOURGON am\u00e9nag\u00e9 5 places font vendome terravan","_seopress_titles_desc":"vente achat superbe fourgon am\u00e9nag\u00e9 5 places occasion grande salle de bain","_seopress_robots_index":"","inline_featured_image":false},"product_brand":[],"product_cat":[36,31],"product_tag":[],"options":[93,110,108,107,92,105,94],"class_list":{"0":"post-2701","1":"product","2":"type-product","3":"status-publish","4":"has-post-thumbnail","6":"product_cat-fourgon","7":"product_cat-vehicules","9":"first","10":"instock","11":"taxable","12":"shipping-taxable","13":"purchasable","14":"product-type-simple"},"acf":[],"_links":{"self":[{"href":"https:\/\/www.van-away.com\/vente-vans\/wp-json\/wp\/v2\/product\/2701","targetHints":{"allow":["GET"]}}],"collection":[{"href":"https:\/\/www.van-away.com\/vente-vans\/wp-json\/wp\/v2\/product"}],"about":[{"href":"https:\/\/www.van-away.com\/vente-vans\/wp-json\/wp\/v2\/types\/product"}],"wp:featuredmedia":[{"embeddable":true,"href":"https:\/\/www.van-away.com\/vente-vans\/wp-json\/wp\/v2\/media\/2702"}],"wp:attachment":[{"href":"https:\/\/www.van-away.com\/vente-vans\/wp-json\/wp\/v2\/media?parent=2701"}],"wp:term":[{"taxonomy":"product_brand","embeddable":true,"href":"https:\/\/www.van-away.com\/vente-vans\/wp-json\/wp\/v2\/product_brand?post=2701"},{"taxonomy":"product_cat","embeddable":true,"href":"https:\/\/www.van-away.com\/vente-vans\/wp-json\/wp\/v2\/product_cat?post=2701"},{"taxonomy":"product_tag","embeddable":true,"href":"https:\/\/www.van-away.com\/vente-vans\/wp-json\/wp\/v2\/product_tag?post=2701"},{"taxonomy":"options","embeddable":true,"href":"https:\/\/www.van-away.com\/vente-vans\/wp-json\/wp\/v2\/options?post=2701"}],"curies":[{"name":"wp","href":"https:\/\/api.w.org\/{rel}","templated":true}]}}