{"id":2678,"date":"2025-07-12T18:46:51","date_gmt":"2025-07-12T16:46:51","guid":{"rendered":"https:\/\/www.van-away.com\/vente-vans\/?post_type=product&#038;p=2678"},"modified":"2025-12-17T18:18:26","modified_gmt":"2025-12-17T17:18:26","slug":"volkswagen-california-t7-ocean-2","status":"publish","type":"product","link":"https:\/\/www.van-away.com\/vente-vans\/p\/volkswagen-california-t7-ocean-2","title":{"rendered":"Volkswagen California T7 Ocean"},"content":{"rendered":"<p>Vente occasion tr\u00e8s r\u00e9cente d\u2019un tout nouveau van Volkswagen Multivan California Ocean (g\u00e9n\u00e9ration T7) avec encore plus de 3 ans de garantie, \u00e9quip\u00e9 en exclusivit\u00e9 VAN-AWAY de l\u2019eau chaude ! La finition Ocean est toute option ! V\u00e9hicule tr\u00e8s \u00e9quip\u00e9, et tr\u00e8s moderne. Ce v\u00e9hicule est vendu dans un \u00e9tat proche du neuf, sans d\u00e9fauoccts de carrosserie. Semi covering possible en option (rouge-blanc, vert-blanc, cuivre-blanc, bleu-blanc&#8230;) !<\/p>\n","protected":false},"excerpt":{"rendered":"<p>L\u2019agence VAN-AWAY Toulouse vous propose des v\u00e9hicules r\u00e9cents enti\u00e8rement r\u00e9vis\u00e9s et sous garantie constructeur !<\/p>\n<p>Tous nos vans sont des occasions r\u00e9centes parfaitement entretenus et vendus dans un \u00e9tat proche du neuf : pas de chocs de porti\u00e8re ou de rayures !<\/p>\n<p>Nous connaissons nos vans par coeur ! Autonomie, fonctionnement, choses \u00e0 faire et \u00e0 ne pas faire : nous prendrons au minimum une heure ensemble pour que vous maitrisiez l\u2019utilisation et l\u2019entretien de votre v\u00e9hicule, afin d\u2019en faire le meilleur usage ! Et en cas de question apr\u00e8s l\u2019achat\u2026 nous sommes l\u00e0 !<\/p>\n<p>Vous venez de loin pour voir ou acheter un van ? Nous pouvons venir vous r\u00e9cup\u00e9rer \u00e0 la gare ou a\u00e9roport de Toulouse, puis prendre le temps de vous montrer nos diff\u00e9rents v\u00e9hicules !<\/p>\n<p>Les accessoires de ce California sont neufs, ils n\u2019ont jamais servis : table, chaises, occultants, etc. Le v\u00e9hicule n\u2019a jamais \u00e9t\u00e9 accident\u00e9, ou n\u2019a jamais subi de panne ! En exclusivit\u00e9 VAN-AWAY, il dispose d\u2019une douche chaude \u00e0 l\u2019arri\u00e8re !<\/p>\n<p>Il est livr\u00e9 apr\u00e8s un contr\u00f4le rigoureux effectu\u00e9 par Volkswagen et nous m\u00eame. Il est couvert par la garantie constructeur encore plus de 3 ans !<\/p>\n","protected":false},"featured_media":2681,"template":"","meta":{"_acf_changed":false,"_seopress_robots_primary_cat":"none","_seopress_titles_title":"acheter occasion van volkswagen multivan T7 california ocean","_seopress_titles_desc":"Recente occasion van am\u00e9nag\u00e9 volkswagen california T7 derni\u00e8re g\u00e9n\u00e9ration finition ocean avec attelage","_seopress_robots_index":"","inline_featured_image":false},"product_brand":[],"product_cat":[35,31],"product_tag":[],"options":[93,110,106,108,107,92,94],"class_list":{"0":"post-2678","1":"product","2":"type-product","3":"status-publish","4":"has-post-thumbnail","6":"product_cat-van","7":"product_cat-vehicules","9":"first","10":"instock","11":"taxable","12":"shipping-taxable","13":"purchasable","14":"product-type-simple"},"acf":[],"_links":{"self":[{"href":"https:\/\/www.van-away.com\/vente-vans\/wp-json\/wp\/v2\/product\/2678","targetHints":{"allow":["GET"]}}],"collection":[{"href":"https:\/\/www.van-away.com\/vente-vans\/wp-json\/wp\/v2\/product"}],"about":[{"href":"https:\/\/www.van-away.com\/vente-vans\/wp-json\/wp\/v2\/types\/product"}],"wp:featuredmedia":[{"embeddable":true,"href":"https:\/\/www.van-away.com\/vente-vans\/wp-json\/wp\/v2\/media\/2681"}],"wp:attachment":[{"href":"https:\/\/www.van-away.com\/vente-vans\/wp-json\/wp\/v2\/media?parent=2678"}],"wp:term":[{"taxonomy":"product_brand","embeddable":true,"href":"https:\/\/www.van-away.com\/vente-vans\/wp-json\/wp\/v2\/product_brand?post=2678"},{"taxonomy":"product_cat","embeddable":true,"href":"https:\/\/www.van-away.com\/vente-vans\/wp-json\/wp\/v2\/product_cat?post=2678"},{"taxonomy":"product_tag","embeddable":true,"href":"https:\/\/www.van-away.com\/vente-vans\/wp-json\/wp\/v2\/product_tag?post=2678"},{"taxonomy":"options","embeddable":true,"href":"https:\/\/www.van-away.com\/vente-vans\/wp-json\/wp\/v2\/options?post=2678"}],"curies":[{"name":"wp","href":"https:\/\/api.w.org\/{rel}","templated":true}]}}