{"id":2382,"date":"2025-06-18T17:35:33","date_gmt":"2025-06-18T15:35:33","guid":{"rendered":"https:\/\/van-away.com\/vente-vans\/?post_type=product&#038;p=2382"},"modified":"2026-03-14T15:23:41","modified_gmt":"2026-03-14T14:23:41","slug":"campereve-family-van-5-places","status":"publish","type":"product","link":"https:\/\/www.van-away.com\/vente-vans\/p\/campereve-family-van-5-places","title":{"rendered":"CAMPEREVE FAMILY VAN 5 PLACES"},"content":{"rendered":"<p>Superbe Campereve Family Van, le fourgon 5 places le plus haut de gamme et confortable du march\u00e9!<\/p>\n<p>Ultra fonctionnel avec sa salle de bain vario, tr\u00e8s grand frigidaire et cuisine optimis\u00e9!<\/p>\n<p>Tr\u00e8s peu de kilom\u00e8tres, parfait \u00e9tat.<\/p>\n","protected":false},"excerpt":{"rendered":"<p>Ce v\u00e9hicule est propos\u00e9 par notre agence Van Away Tours, sp\u00e9cialis\u00e9e dans la vente de vans d\u2019occasion en parfait \u00e9tat et toujours sous garantie constructeur. Tous nos v\u00e9hicules sont soigneusement entretenus, proches du neuf, sans aucun d\u00e9faut de carrosserie ou d\u2019int\u00e9rieur. Nous mettons un point d\u2019honneur \u00e0 proposer des vans fiables, propres et pr\u00eats \u00e0 partir, pour que vous puissiez prendre la route l\u2019esprit l\u00e9ger.<\/p>\n<p>&nbsp;<\/p>\n<p>En tant que professionnels passionn\u00e9s, nous prenons le temps de vous accompagner pleinement dans votre achat : explications d\u00e9taill\u00e9es, mise en main compl\u00e8te, conseils personnalis\u00e9s\u2026 Tout est fait pour que vous partiez sereins, avec toutes les cl\u00e9s en main. Et m\u00eame apr\u00e8s l\u2019achat, nous restons disponibles pour r\u00e9pondre \u00e0 toutes vos questions.<\/p>\n<p>&nbsp;<\/p>\n<p>Vous souhaitez venir voir le v\u00e9hicule ou finaliser votre achat sur place ? Nous vous accueillons avec plaisir et pouvons m\u00eame venir vous chercher gratuitement \u00e0 la gare ou \u00e0 l\u2019a\u00e9roport de Tours.<\/p>\n<p>&nbsp;<\/p>\n<p>\u00c0 tr\u00e8s bient\u00f4t chez Van Away Tours !<\/p>\n<p>&nbsp;<\/p>\n","protected":false},"featured_media":2433,"template":"","meta":{"_acf_changed":false,"_seopress_robots_primary_cat":"none","_seopress_titles_title":"","_seopress_titles_desc":"","_seopress_robots_index":"","inline_featured_image":false},"product_brand":[],"product_cat":[36,31],"product_tag":[],"options":[110,108,92,109,104,94],"class_list":{"0":"post-2382","1":"product","2":"type-product","3":"status-publish","4":"has-post-thumbnail","6":"product_cat-fourgon","7":"product_cat-vehicules","9":"first","10":"instock","11":"taxable","12":"shipping-taxable","13":"purchasable","14":"product-type-simple"},"acf":[],"_links":{"self":[{"href":"https:\/\/www.van-away.com\/vente-vans\/wp-json\/wp\/v2\/product\/2382","targetHints":{"allow":["GET"]}}],"collection":[{"href":"https:\/\/www.van-away.com\/vente-vans\/wp-json\/wp\/v2\/product"}],"about":[{"href":"https:\/\/www.van-away.com\/vente-vans\/wp-json\/wp\/v2\/types\/product"}],"wp:featuredmedia":[{"embeddable":true,"href":"https:\/\/www.van-away.com\/vente-vans\/wp-json\/wp\/v2\/media\/2433"}],"wp:attachment":[{"href":"https:\/\/www.van-away.com\/vente-vans\/wp-json\/wp\/v2\/media?parent=2382"}],"wp:term":[{"taxonomy":"product_brand","embeddable":true,"href":"https:\/\/www.van-away.com\/vente-vans\/wp-json\/wp\/v2\/product_brand?post=2382"},{"taxonomy":"product_cat","embeddable":true,"href":"https:\/\/www.van-away.com\/vente-vans\/wp-json\/wp\/v2\/product_cat?post=2382"},{"taxonomy":"product_tag","embeddable":true,"href":"https:\/\/www.van-away.com\/vente-vans\/wp-json\/wp\/v2\/product_tag?post=2382"},{"taxonomy":"options","embeddable":true,"href":"https:\/\/www.van-away.com\/vente-vans\/wp-json\/wp\/v2\/options?post=2382"}],"curies":[{"name":"wp","href":"https:\/\/api.w.org\/{rel}","templated":true}]}}