{"id":2366,"date":"2025-08-27T14:19:52","date_gmt":"2025-08-27T12:19:52","guid":{"rendered":"https:\/\/van-away.com\/vente-vans\/?post_type=product&#038;p=2366"},"modified":"2025-12-08T14:06:13","modified_gmt":"2025-12-08T13:06:13","slug":"burstner-campeo-c600-6","status":"publish","type":"product","link":"https:\/\/www.van-away.com\/vente-vans\/p\/burstner-campeo-c600-6","title":{"rendered":"Burstner Camp\u00e9o C600 *****VENDU*****"},"content":{"rendered":"<p>Superbe Campeo C600 de 2024, \u00e9quip\u00e9 avec toutes les options indispensables : Pack campeo et active, pack lumi\u00e8res, store,\u00a0 \u00e9clairage ext\u00e9rieur\u00a0 ! Un fourgon grand confort !<\/p>\n<p>Ce v\u00e9hicule est vendu en bon \u00e9tat, r\u00e9vis\u00e9 et garantie 12 mois. Le compagnon parfait pour vos prochains road trip.<\/p>\n","protected":false},"excerpt":{"rendered":"<p>Superbe Campeo C600 de 2024, \u00e9quip\u00e9 avec toutes les options indispensables : Pack campeo et active, pack lumi\u00e8res, store,\u00a0 \u00e9clairage ext\u00e9rieur\u00a0 ! Un fourgon grand confort ! Ce v\u00e9hicule est vendu en bon \u00e9tat, r\u00e9vis\u00e9 et garantie 12 mois. Le compagnon parfait pour vos prochains road trip.<\/p>\n","protected":false},"featured_media":3404,"template":"","meta":{"_acf_changed":false,"_seopress_robots_primary_cat":"none","_seopress_titles_title":"","_seopress_titles_desc":"","_seopress_robots_index":"","inline_featured_image":false},"product_brand":[],"product_cat":[36,31],"product_tag":[],"options":[103,101],"class_list":{"0":"post-2366","1":"product","2":"type-product","3":"status-publish","4":"has-post-thumbnail","6":"product_cat-fourgon","7":"product_cat-vehicules","9":"first","10":"instock","11":"taxable","12":"shipping-taxable","13":"purchasable","14":"product-type-simple"},"acf":[],"_links":{"self":[{"href":"https:\/\/www.van-away.com\/vente-vans\/wp-json\/wp\/v2\/product\/2366","targetHints":{"allow":["GET"]}}],"collection":[{"href":"https:\/\/www.van-away.com\/vente-vans\/wp-json\/wp\/v2\/product"}],"about":[{"href":"https:\/\/www.van-away.com\/vente-vans\/wp-json\/wp\/v2\/types\/product"}],"wp:featuredmedia":[{"embeddable":true,"href":"https:\/\/www.van-away.com\/vente-vans\/wp-json\/wp\/v2\/media\/3404"}],"wp:attachment":[{"href":"https:\/\/www.van-away.com\/vente-vans\/wp-json\/wp\/v2\/media?parent=2366"}],"wp:term":[{"taxonomy":"product_brand","embeddable":true,"href":"https:\/\/www.van-away.com\/vente-vans\/wp-json\/wp\/v2\/product_brand?post=2366"},{"taxonomy":"product_cat","embeddable":true,"href":"https:\/\/www.van-away.com\/vente-vans\/wp-json\/wp\/v2\/product_cat?post=2366"},{"taxonomy":"product_tag","embeddable":true,"href":"https:\/\/www.van-away.com\/vente-vans\/wp-json\/wp\/v2\/product_tag?post=2366"},{"taxonomy":"options","embeddable":true,"href":"https:\/\/www.van-away.com\/vente-vans\/wp-json\/wp\/v2\/options?post=2366"}],"curies":[{"name":"wp","href":"https:\/\/api.w.org\/{rel}","templated":true}]}}