{"id":2359,"date":"2025-06-14T09:34:56","date_gmt":"2025-06-14T07:34:56","guid":{"rendered":"https:\/\/van-away.com\/vente-vans\/?post_type=product&#038;p=2359"},"modified":"2026-03-01T12:07:22","modified_gmt":"2026-03-01T11:07:22","slug":"burstner-campeo-c600","status":"publish","type":"product","link":"https:\/\/www.van-away.com\/vente-vans\/p\/burstner-campeo-c600","title":{"rendered":"Burstner Campeo C600"},"content":{"rendered":"<p>Superbe Campeo C600 de 2025, faible kilom\u00e9trage, \u00e9quip\u00e9 avec toutes les options indispensables : Pack campeo et active, pack lumi\u00e8res, store, panneau solaire 180W, \u00e9clairage ext\u00e9rieur, chauffage et chauffe eau gazole + \u00e9lectricit\u00e9 (option rare sur les fourgons Burstner, et vraiment tr\u00e8s confortable) ! Un fourgon grand confort et grande qualit\u00e9 port\u00e9 par le tout nouveau Fiat Ducato 140cv !<\/p>\n<p>Disponible en boite manuelle \u00e9galement.<\/p>\n","protected":false},"excerpt":{"rendered":"<p>L\u2019agence VAN-AWAY Toulouse vous propose des v\u00e9hicules r\u00e9cents enti\u00e8rement r\u00e9vis\u00e9s et sous garantie constructeur !<\/p>\n<p>Tous nos vans sont des occasions r\u00e9centes parfaitement entretenus et vendus dans un \u00e9tat proche du neuf : pas de chocs de porti\u00e8re ou de rayures !<\/p>\n<p>Nous connaissons nos vans par coeur ! Autonomie, fonctionnement, choses \u00e0 faire et \u00e0 ne pas faire : nous prendrons au minimum une heure ensemble pour que vous maitrisiez l\u2019utilisation et l\u2019entretien de votre v\u00e9hicule, afin d\u2019en faire le meilleur usage ! Et en cas de question apr\u00e8s l\u2019achat\u2026 nous sommes l\u00e0 !<\/p>\n<p>Vous venez de loin pour voir ou acheter un van ? Nous pouvons venir vous r\u00e9cup\u00e9rer \u00e0 la gare ou a\u00e9roport de Toulouse, puis prendre le temps de vous montrer nos diff\u00e9rents v\u00e9hicules !<\/p>\n","protected":false},"featured_media":2338,"template":"","meta":{"_acf_changed":false,"_seopress_robots_primary_cat":"none","_seopress_titles_title":"occasion fourgon am\u00e9nag\u00e9 burstner Campeo C600","_seopress_titles_desc":"occasion fourgon van am\u00e9nag\u00e9 fiat ducato burstner campeo C600 salle de bain","_seopress_robots_index":"","inline_featured_image":false},"product_brand":[],"product_cat":[36,31],"product_tag":[],"options":[93,110,92,109,105,94],"class_list":{"0":"post-2359","1":"product","2":"type-product","3":"status-publish","4":"has-post-thumbnail","6":"product_cat-fourgon","7":"product_cat-vehicules","9":"first","10":"instock","11":"taxable","12":"shipping-taxable","13":"purchasable","14":"product-type-simple"},"acf":[],"_links":{"self":[{"href":"https:\/\/www.van-away.com\/vente-vans\/wp-json\/wp\/v2\/product\/2359","targetHints":{"allow":["GET"]}}],"collection":[{"href":"https:\/\/www.van-away.com\/vente-vans\/wp-json\/wp\/v2\/product"}],"about":[{"href":"https:\/\/www.van-away.com\/vente-vans\/wp-json\/wp\/v2\/types\/product"}],"wp:featuredmedia":[{"embeddable":true,"href":"https:\/\/www.van-away.com\/vente-vans\/wp-json\/wp\/v2\/media\/2338"}],"wp:attachment":[{"href":"https:\/\/www.van-away.com\/vente-vans\/wp-json\/wp\/v2\/media?parent=2359"}],"wp:term":[{"taxonomy":"product_brand","embeddable":true,"href":"https:\/\/www.van-away.com\/vente-vans\/wp-json\/wp\/v2\/product_brand?post=2359"},{"taxonomy":"product_cat","embeddable":true,"href":"https:\/\/www.van-away.com\/vente-vans\/wp-json\/wp\/v2\/product_cat?post=2359"},{"taxonomy":"product_tag","embeddable":true,"href":"https:\/\/www.van-away.com\/vente-vans\/wp-json\/wp\/v2\/product_tag?post=2359"},{"taxonomy":"options","embeddable":true,"href":"https:\/\/www.van-away.com\/vente-vans\/wp-json\/wp\/v2\/options?post=2359"}],"curies":[{"name":"wp","href":"https:\/\/api.w.org\/{rel}","templated":true}]}}