{"id":197,"date":"2024-11-27T12:27:02","date_gmt":"2024-11-27T11:27:02","guid":{"rendered":"https:\/\/van-away-shop.d.pilot-in.net\/index.php\/product\/fourgon-amenage-fiat-ducato-2l2-140cv-challenger-v114-max-start-edition-paris-beauvais-3\/"},"modified":"2025-04-28T17:21:24","modified_gmt":"2025-04-28T15:21:24","slug":"fourgon-amenage-fiat-ducato-2l2-140cv-challenger-v114-max-start-edition-paris-beauvais-3","status":"publish","type":"product","link":"https:\/\/www.van-away.com\/vente-vans\/p\/fourgon-amenage-fiat-ducato-2l2-140cv-challenger-v114-max-start-edition-paris-beauvais-3","title":{"rendered":"CHALLENGER V114 MAX START EDITION"},"content":{"rendered":"<p>Ce fourgon pour 4 personnes \u00e0 lits superpos\u00e9s offre flexibilit\u00e9 (partir \u00e0 2 ou \u00e0 4) et facilit\u00e9 pour partir en toute saison dans le plus grand confort !<\/p>\n","protected":false},"excerpt":{"rendered":"<p>L\u00e9a est votre interlocutrice pour l&rsquo;essai (location possible) et la vente de ce superbe fourgon pour 4 personnes !<\/p>\n<p><strong>VAN-AWAY<\/strong>\u00a0vous propose depuis maintenant\u00a0<strong>plus de 13 ans<\/strong>\u00a0des\u00a0<strong>occasions r\u00e9centes de vans et fourgons am\u00e9nag\u00e9s<\/strong> pour vous \u00e9vader en toute libert\u00e9 et en toute tranquillit\u00e9 ! Entretien professionnel, mise en main du v\u00e9hicule, extensions de garantie, financements : contactez nous pour en savoir plus sur nos occasions de qualit\u00e9 et nos services disponibles !<\/p>\n","protected":false},"featured_media":1362,"template":"","meta":{"_acf_changed":false,"_seopress_robots_primary_cat":"none","_seopress_titles_title":"","_seopress_titles_desc":"","_seopress_robots_index":"","inline_featured_image":false},"product_brand":[],"product_cat":[36,31],"product_tag":[],"options":[],"class_list":{"0":"post-197","1":"product","2":"type-product","3":"status-publish","4":"has-post-thumbnail","6":"product_cat-fourgon","7":"product_cat-vehicules","9":"first","10":"instock","11":"purchasable","12":"product-type-simple"},"acf":[],"_links":{"self":[{"href":"https:\/\/www.van-away.com\/vente-vans\/wp-json\/wp\/v2\/product\/197","targetHints":{"allow":["GET"]}}],"collection":[{"href":"https:\/\/www.van-away.com\/vente-vans\/wp-json\/wp\/v2\/product"}],"about":[{"href":"https:\/\/www.van-away.com\/vente-vans\/wp-json\/wp\/v2\/types\/product"}],"wp:featuredmedia":[{"embeddable":true,"href":"https:\/\/www.van-away.com\/vente-vans\/wp-json\/wp\/v2\/media\/1362"}],"wp:attachment":[{"href":"https:\/\/www.van-away.com\/vente-vans\/wp-json\/wp\/v2\/media?parent=197"}],"wp:term":[{"taxonomy":"product_brand","embeddable":true,"href":"https:\/\/www.van-away.com\/vente-vans\/wp-json\/wp\/v2\/product_brand?post=197"},{"taxonomy":"product_cat","embeddable":true,"href":"https:\/\/www.van-away.com\/vente-vans\/wp-json\/wp\/v2\/product_cat?post=197"},{"taxonomy":"product_tag","embeddable":true,"href":"https:\/\/www.van-away.com\/vente-vans\/wp-json\/wp\/v2\/product_tag?post=197"},{"taxonomy":"options","embeddable":true,"href":"https:\/\/www.van-away.com\/vente-vans\/wp-json\/wp\/v2\/options?post=197"}],"curies":[{"name":"wp","href":"https:\/\/api.w.org\/{rel}","templated":true}]}}