{"id":196,"date":"2024-11-25T10:58:14","date_gmt":"2024-11-25T09:58:14","guid":{"rendered":"https:\/\/van-away-shop.d.pilot-in.net\/index.php\/product\/renault-traffic-boite-auto-150-cv-22000-kms-44000-euros\/"},"modified":"2025-11-10T14:49:44","modified_gmt":"2025-11-10T13:49:44","slug":"renault-traffic-boite-auto-150-cv-22000-kms-44000-euros","status":"publish","type":"product","link":"https:\/\/www.van-away.com\/vente-vans\/p\/renault-traffic-boite-auto-150-cv-22000-kms-44000-euros","title":{"rendered":"Renault Trafic + am\u00e9nagement VAN-MANIA"},"content":{"rendered":"<p>Un van compact id\u00e9al pour partir \u00e0 2, \u00e9quip\u00e9 d&rsquo;un kit amovible sans outils de la marque VAN-MANIA (mod\u00e8le Nord)<\/p>\n","protected":false},"excerpt":{"rendered":"<p>David sera votre interlocuteur pour la vente de ce van tr\u00e8s r\u00e9cent \u00e9quip\u00e9 d&rsquo;un kit amovible de la marque VAN-MANIA (mod\u00e8le Nord), parfait pour une utilisation mixte utilitaire \/ loisir.<\/p>\n<p><strong>VAN-AWAY<\/strong>\u00a0vous propose depuis maintenant\u00a0<strong>plus de 13 ans<\/strong>\u00a0des\u00a0<strong>occasions r\u00e9centes de vans et fourgons am\u00e9nag\u00e9s<\/strong>\u00a0pour vous \u00e9vader en toute libert\u00e9 et en toute tranquillit\u00e9 !<\/p>\n","protected":false},"featured_media":1356,"template":"","meta":{"_acf_changed":false,"_seopress_robots_primary_cat":"none","_seopress_titles_title":"","_seopress_titles_desc":"","_seopress_robots_index":"","inline_featured_image":false},"product_brand":[],"product_cat":[35,31],"product_tag":[],"options":[],"class_list":{"0":"post-196","1":"product","2":"type-product","3":"status-publish","4":"has-post-thumbnail","6":"product_cat-van","7":"product_cat-vehicules","9":"first","10":"instock","11":"purchasable","12":"product-type-simple"},"acf":[],"_links":{"self":[{"href":"https:\/\/www.van-away.com\/vente-vans\/wp-json\/wp\/v2\/product\/196","targetHints":{"allow":["GET"]}}],"collection":[{"href":"https:\/\/www.van-away.com\/vente-vans\/wp-json\/wp\/v2\/product"}],"about":[{"href":"https:\/\/www.van-away.com\/vente-vans\/wp-json\/wp\/v2\/types\/product"}],"wp:featuredmedia":[{"embeddable":true,"href":"https:\/\/www.van-away.com\/vente-vans\/wp-json\/wp\/v2\/media\/1356"}],"wp:attachment":[{"href":"https:\/\/www.van-away.com\/vente-vans\/wp-json\/wp\/v2\/media?parent=196"}],"wp:term":[{"taxonomy":"product_brand","embeddable":true,"href":"https:\/\/www.van-away.com\/vente-vans\/wp-json\/wp\/v2\/product_brand?post=196"},{"taxonomy":"product_cat","embeddable":true,"href":"https:\/\/www.van-away.com\/vente-vans\/wp-json\/wp\/v2\/product_cat?post=196"},{"taxonomy":"product_tag","embeddable":true,"href":"https:\/\/www.van-away.com\/vente-vans\/wp-json\/wp\/v2\/product_tag?post=196"},{"taxonomy":"options","embeddable":true,"href":"https:\/\/www.van-away.com\/vente-vans\/wp-json\/wp\/v2\/options?post=196"}],"curies":[{"name":"wp","href":"https:\/\/api.w.org\/{rel}","templated":true}]}}