{"id":195,"date":"2024-10-18T08:19:05","date_gmt":"2024-10-18T06:19:05","guid":{"rendered":"https:\/\/van-away-shop.d.pilot-in.net\/index.php\/product\/ford-custom-nugget-plus-14000-kilometres-clermont-ferrand-60000-euros\/"},"modified":"2025-09-08T12:48:16","modified_gmt":"2025-09-08T10:48:16","slug":"ford-custom-nugget-plus-14000-kilometres-clermont-ferrand-60000-euros","status":"publish","type":"product","link":"https:\/\/www.van-away.com\/vente-vans\/p\/ford-custom-nugget-plus-14000-kilometres-clermont-ferrand-60000-euros","title":{"rendered":"Ford Westfalia Nugget Plus L2H1"},"content":{"rendered":"<p>Le fors Nugget Plus (L2) est le v\u00e9hicule am\u00e9nag\u00e9 par Westfalia id\u00e9al pour les s\u00e9jours \u00e0 5 dans un v\u00e9hicule compact et confortable<\/p>\n","protected":false},"excerpt":{"rendered":"<p>LE TRANSIT CUSTOM DEVIENDRA VOTRE MAISON SUR QUATRE ROUES<\/p>\n","protected":false},"featured_media":1347,"template":"","meta":{"_acf_changed":false,"_seopress_robots_primary_cat":"none","_seopress_titles_title":"","_seopress_titles_desc":"","_seopress_robots_index":"","inline_featured_image":false},"product_brand":[],"product_cat":[35,31],"product_tag":[],"options":[],"class_list":{"0":"post-195","1":"product","2":"type-product","3":"status-publish","4":"has-post-thumbnail","6":"product_cat-van","7":"product_cat-vehicules","9":"first","10":"instock","11":"purchasable","12":"product-type-simple"},"acf":[],"_links":{"self":[{"href":"https:\/\/www.van-away.com\/vente-vans\/wp-json\/wp\/v2\/product\/195","targetHints":{"allow":["GET"]}}],"collection":[{"href":"https:\/\/www.van-away.com\/vente-vans\/wp-json\/wp\/v2\/product"}],"about":[{"href":"https:\/\/www.van-away.com\/vente-vans\/wp-json\/wp\/v2\/types\/product"}],"wp:featuredmedia":[{"embeddable":true,"href":"https:\/\/www.van-away.com\/vente-vans\/wp-json\/wp\/v2\/media\/1347"}],"wp:attachment":[{"href":"https:\/\/www.van-away.com\/vente-vans\/wp-json\/wp\/v2\/media?parent=195"}],"wp:term":[{"taxonomy":"product_brand","embeddable":true,"href":"https:\/\/www.van-away.com\/vente-vans\/wp-json\/wp\/v2\/product_brand?post=195"},{"taxonomy":"product_cat","embeddable":true,"href":"https:\/\/www.van-away.com\/vente-vans\/wp-json\/wp\/v2\/product_cat?post=195"},{"taxonomy":"product_tag","embeddable":true,"href":"https:\/\/www.van-away.com\/vente-vans\/wp-json\/wp\/v2\/product_tag?post=195"},{"taxonomy":"options","embeddable":true,"href":"https:\/\/www.van-away.com\/vente-vans\/wp-json\/wp\/v2\/options?post=195"}],"curies":[{"name":"wp","href":"https:\/\/api.w.org\/{rel}","templated":true}]}}