{"id":190,"date":"2024-10-04T21:11:40","date_gmt":"2024-10-04T19:11:40","guid":{"rendered":"https:\/\/van-away-shop.d.pilot-in.net\/index.php\/product\/fourgon-burstner-campeo-c540-140cv-20000km-63900e-pierrelatte-drome\/"},"modified":"2026-01-14T19:23:10","modified_gmt":"2026-01-14T18:23:10","slug":"fourgon-burstner-campeo-c540-140cv-20000km-63900e-pierrelatte-drome","status":"publish","type":"product","link":"https:\/\/www.van-away.com\/vente-vans\/p\/fourgon-burstner-campeo-c540-140cv-20000km-63900e-pierrelatte-drome","title":{"rendered":"Burstner Campeo C540"},"content":{"rendered":"<p>Superbe Campeo C540 de 2025, faible kilom\u00e9trage, \u00e9quip\u00e9 avec toutes les options indispensables :<br \/>\nChauffe eau et chauffage au diesel et \u00e0 l&rsquo;\u00e9lectrique : id\u00e9al pour les longs s\u00e9jours \u00e0 l&rsquo;\u00e9tranger.<br \/>\nR\u00e9servoir d&rsquo;eau us\u00e9e chauff\u00e9 : id\u00e9al pour les s\u00e9jours en hiver,<br \/>\nPack lumi\u00e8res,<br \/>\nAuvent ext\u00e9rieur,<br \/>\nPanneau solaire 180W,<br \/>\nAttelage<br \/>\nUn fourgon grand confort et grande qualit\u00e9 port\u00e9 par le Fiat Ducato 140cv !<\/p>\n<p>Kilom\u00e9trage maximum estim\u00e9 : 45000 km. Disponible fin septembre 2026<\/p>\n","protected":false},"excerpt":{"rendered":"<p>L\u2019agence VAN-AWAY Pierrelatte vous propose des v\u00e9hicules r\u00e9cents enti\u00e8rement r\u00e9vis\u00e9s et sous garantie constructeur !<\/p>\n<p>Tous nos vans sont des occasions r\u00e9centes parfaitement entretenus et vendus dans un \u00e9tat proche du neuf<\/p>\n<p>Nous prendrons au minimum une heure ensemble pour que vous maitrisiez l\u2019utilisation et l\u2019entretien de votre v\u00e9hicule, afin d\u2019en faire le meilleur usage ! Et en cas de question apr\u00e8s l\u2019achat\u2026 nous sommes l\u00e0 !<\/p>\n<p>Nous pouvons venir vous r\u00e9cup\u00e9rer \u00e0 la gare ou vous emmener le van dans d\u2019autres agences .<\/p>\n","protected":false},"featured_media":3330,"template":"","meta":{"_acf_changed":false,"_seopress_robots_primary_cat":"none","_seopress_titles_title":"Burstner Fiat Ducato Campeo 540","_seopress_titles_desc":"Fourgon am\u00e9nag\u00e9 premium \u00e0 Pierrelatte : 4 couchages, cuisine \u00e9quip\u00e9e, toit relevable, chauffage hiver et faible kilom\u00e9trage. Dispo d\u00e8s le 25\/09 !","_seopress_robots_index":"","inline_featured_image":false},"product_brand":[],"product_cat":[36,31],"product_tag":[],"options":[],"class_list":{"0":"post-190","1":"product","2":"type-product","3":"status-publish","4":"has-post-thumbnail","6":"product_cat-fourgon","7":"product_cat-vehicules","9":"first","10":"instock","11":"purchasable","12":"product-type-simple"},"acf":[],"_links":{"self":[{"href":"https:\/\/www.van-away.com\/vente-vans\/wp-json\/wp\/v2\/product\/190","targetHints":{"allow":["GET"]}}],"collection":[{"href":"https:\/\/www.van-away.com\/vente-vans\/wp-json\/wp\/v2\/product"}],"about":[{"href":"https:\/\/www.van-away.com\/vente-vans\/wp-json\/wp\/v2\/types\/product"}],"wp:featuredmedia":[{"embeddable":true,"href":"https:\/\/www.van-away.com\/vente-vans\/wp-json\/wp\/v2\/media\/3330"}],"wp:attachment":[{"href":"https:\/\/www.van-away.com\/vente-vans\/wp-json\/wp\/v2\/media?parent=190"}],"wp:term":[{"taxonomy":"product_brand","embeddable":true,"href":"https:\/\/www.van-away.com\/vente-vans\/wp-json\/wp\/v2\/product_brand?post=190"},{"taxonomy":"product_cat","embeddable":true,"href":"https:\/\/www.van-away.com\/vente-vans\/wp-json\/wp\/v2\/product_cat?post=190"},{"taxonomy":"product_tag","embeddable":true,"href":"https:\/\/www.van-away.com\/vente-vans\/wp-json\/wp\/v2\/product_tag?post=190"},{"taxonomy":"options","embeddable":true,"href":"https:\/\/www.van-away.com\/vente-vans\/wp-json\/wp\/v2\/options?post=190"}],"curies":[{"name":"wp","href":"https:\/\/api.w.org\/{rel}","templated":true}]}}