{"id":175,"date":"2024-09-23T17:04:43","date_gmt":"2024-09-23T15:04:43","guid":{"rendered":"https:\/\/van-away-shop.d.pilot-in.net\/index.php\/product\/fourgon-burstner-campeo-c600-140cv-20000km-65900e-lyon\/"},"modified":"2025-04-23T22:02:33","modified_gmt":"2025-04-23T20:02:33","slug":"fourgon-burstner-campeo-c600-140cv-20000km-65900e-lyon","status":"publish","type":"product","link":"https:\/\/www.van-away.com\/vente-vans\/p\/fourgon-burstner-campeo-c600-140cv-20000km-65900e-lyon","title":{"rendered":"FOURGON BURSTNER CAMPEO C600 140CV \u201320000KM \u2013 65900\u20ac \u2013 LYON"},"content":{"rendered":"","protected":false},"excerpt":{"rendered":"<p>Le fourgon id\u00e9al pour partir jusque 4 personnes. R\u00e9put\u00e9 le plus fiable du march\u00e9 et valid\u00e9 par l&rsquo;\u00e9quipe de Van Away lyon.<\/p>\n","protected":false},"featured_media":1126,"template":"","meta":{"_acf_changed":false,"_seopress_robots_primary_cat":"none","_seopress_titles_title":"","_seopress_titles_desc":"","_seopress_robots_index":"","inline_featured_image":false},"product_brand":[],"product_cat":[36,31],"product_tag":[],"options":[],"class_list":{"0":"post-175","1":"product","2":"type-product","3":"status-publish","4":"has-post-thumbnail","6":"product_cat-fourgon","7":"product_cat-vehicules","9":"first","10":"instock","11":"purchasable","12":"product-type-simple"},"acf":[],"_links":{"self":[{"href":"https:\/\/www.van-away.com\/vente-vans\/wp-json\/wp\/v2\/product\/175","targetHints":{"allow":["GET"]}}],"collection":[{"href":"https:\/\/www.van-away.com\/vente-vans\/wp-json\/wp\/v2\/product"}],"about":[{"href":"https:\/\/www.van-away.com\/vente-vans\/wp-json\/wp\/v2\/types\/product"}],"wp:featuredmedia":[{"embeddable":true,"href":"https:\/\/www.van-away.com\/vente-vans\/wp-json\/wp\/v2\/media\/1126"}],"wp:attachment":[{"href":"https:\/\/www.van-away.com\/vente-vans\/wp-json\/wp\/v2\/media?parent=175"}],"wp:term":[{"taxonomy":"product_brand","embeddable":true,"href":"https:\/\/www.van-away.com\/vente-vans\/wp-json\/wp\/v2\/product_brand?post=175"},{"taxonomy":"product_cat","embeddable":true,"href":"https:\/\/www.van-away.com\/vente-vans\/wp-json\/wp\/v2\/product_cat?post=175"},{"taxonomy":"product_tag","embeddable":true,"href":"https:\/\/www.van-away.com\/vente-vans\/wp-json\/wp\/v2\/product_tag?post=175"},{"taxonomy":"options","embeddable":true,"href":"https:\/\/www.van-away.com\/vente-vans\/wp-json\/wp\/v2\/options?post=175"}],"curies":[{"name":"wp","href":"https:\/\/api.w.org\/{rel}","templated":true}]}}