{"id":169,"date":"2024-09-13T21:50:51","date_gmt":"2024-09-13T19:50:51","guid":{"rendered":"https:\/\/van-away-shop.d.pilot-in.net\/index.php\/product\/fourgon-burstner-campeo-c600-140cv-18000km-62800e-pierrelatte-drome\/"},"modified":"2025-12-12T11:34:04","modified_gmt":"2025-12-12T10:34:04","slug":"fourgon-burstner-campeo-c600-140cv-18000km-62800e-pierrelatte-drome","status":"publish","type":"product","link":"https:\/\/www.van-away.com\/vente-vans\/p\/fourgon-burstner-campeo-c600-140cv-18000km-62800e-pierrelatte-drome","title":{"rendered":"Burstner Campeo C600 ACTIVE"},"content":{"rendered":"<p>Superbe Campeo C600 de 2024, \u00e9quip\u00e9 avec toutes les options indispensables : Un fourgon grand confort et grande qualit\u00e9 port\u00e9 par le tout nouveau Fiat Ducato 140cv !<\/p>\n<p>Disponible \u00e0 partir du 18 octobre<\/p>\n<h4 data-start=\"892\" data-end=\"914\"><strong data-start=\"898\" data-end=\"914\">\u00a0 \u00a0Ses atouts :<\/strong><\/h4>\n<ul data-start=\"916\" data-end=\"1311\">\n<li data-start=\"1165\" data-end=\"1241\"><strong data-start=\"846\" data-end=\"867\">Panneaux solaires<\/strong> 180 W: pour une autonomie optimale<\/li>\n<li data-start=\"1165\" data-end=\"1241\">\n<p data-start=\"1167\" data-end=\"1241\"><strong data-start=\"1167\" data-end=\"1188\">Attelage <\/strong>: id\u00e9al pour un porte-v\u00e9los ou une remorque l\u00e9g\u00e8re<\/p>\n<\/li>\n<li data-start=\"1165\" data-end=\"1241\"><strong>Auvent :<\/strong> pour vous prot\u00e9ger du soleil et de la pluie<\/li>\n<\/ul>\n<p>&nbsp;<\/p>\n<p>&nbsp;<\/p>\n<p>&nbsp;<\/p>\n","protected":false},"excerpt":{"rendered":"<p>L\u2019agence VAN-AWAY Pierrelatte vous propose des v\u00e9hicules r\u00e9cents enti\u00e8rement r\u00e9vis\u00e9s et sous garantie constructeur !<\/p>\n<p>Nous connaissons nos vans par coeur ! Autonomie, fonctionnement, choses \u00e0 faire et \u00e0 ne pas faire : nous prendrons au minimum une heure ensemble pour que vous maitrisiez l\u2019utilisation et l\u2019entretien de votre v\u00e9hicule, afin d\u2019en faire le meilleur usage ! Et en cas de question apr\u00e8s l\u2019achat\u2026 nous sommes l\u00e0 !<\/p>\n<p>Vous venez de loin pour voir ou acheter un van ? Nous pouvons venir vous r\u00e9cup\u00e9rer \u00e0 la gare de Pierrelatte, puis prendre le temps de vous montrer nos diff\u00e9rents v\u00e9hicules !<\/p>\n<p>Le v\u00e9hicule n\u2019a jamais \u00e9t\u00e9 accident\u00e9, ou n\u2019a jamais subi de panne !<\/p>\n<p>Il est couvert par une garantie porteur + cellule de 1 an ou plus si vous le souhaitez.<\/p>\n<p>&nbsp;<\/p>\n","protected":false},"featured_media":1060,"template":"","meta":{"_acf_changed":false,"_seopress_robots_primary_cat":"none","_seopress_titles_title":"Burstner Campeo C600 ACTIVE 2024","_seopress_titles_desc":"Fourgon am\u00e9nag\u00e9 Burstner \u00e0 Pierrelatte : 4 couchages, cuisine \u00e9quip\u00e9e, toit relevable, chauffage hiver. Dispo d\u00e8s  la fin octobre !","_seopress_robots_index":"","inline_featured_image":false},"product_brand":[],"product_cat":[36,31],"product_tag":[],"options":[137,107],"class_list":{"0":"post-169","1":"product","2":"type-product","3":"status-publish","4":"has-post-thumbnail","6":"product_cat-fourgon","7":"product_cat-vehicules","9":"first","10":"instock","11":"purchasable","12":"product-type-simple"},"acf":[],"_links":{"self":[{"href":"https:\/\/www.van-away.com\/vente-vans\/wp-json\/wp\/v2\/product\/169","targetHints":{"allow":["GET"]}}],"collection":[{"href":"https:\/\/www.van-away.com\/vente-vans\/wp-json\/wp\/v2\/product"}],"about":[{"href":"https:\/\/www.van-away.com\/vente-vans\/wp-json\/wp\/v2\/types\/product"}],"wp:featuredmedia":[{"embeddable":true,"href":"https:\/\/www.van-away.com\/vente-vans\/wp-json\/wp\/v2\/media\/1060"}],"wp:attachment":[{"href":"https:\/\/www.van-away.com\/vente-vans\/wp-json\/wp\/v2\/media?parent=169"}],"wp:term":[{"taxonomy":"product_brand","embeddable":true,"href":"https:\/\/www.van-away.com\/vente-vans\/wp-json\/wp\/v2\/product_brand?post=169"},{"taxonomy":"product_cat","embeddable":true,"href":"https:\/\/www.van-away.com\/vente-vans\/wp-json\/wp\/v2\/product_cat?post=169"},{"taxonomy":"product_tag","embeddable":true,"href":"https:\/\/www.van-away.com\/vente-vans\/wp-json\/wp\/v2\/product_tag?post=169"},{"taxonomy":"options","embeddable":true,"href":"https:\/\/www.van-away.com\/vente-vans\/wp-json\/wp\/v2\/options?post=169"}],"curies":[{"name":"wp","href":"https:\/\/api.w.org\/{rel}","templated":true}]}}