{"id":167,"date":"2024-09-11T08:14:16","date_gmt":"2024-09-11T06:14:16","guid":{"rendered":"https:\/\/van-away-shop.d.pilot-in.net\/index.php\/product\/volkswagen-t6-1-transporteur-150-cv-58000km-68500e-nantes-guerande\/"},"modified":"2025-08-12T15:18:59","modified_gmt":"2025-08-12T13:18:59","slug":"volkswagen-t6-1-transporteur-150-cv-58000km-68500e-nantes-guerande","status":"publish","type":"product","link":"https:\/\/www.van-away.com\/vente-vans\/p\/volkswagen-t6-1-transporteur-150-cv-58000km-68500e-nantes-guerande","title":{"rendered":"Volkswagen T6.1 Transporteur + am\u00e9nagement L&rsquo;UNIK Van"},"content":{"rendered":"<p>Un am\u00e9nagement unique et fonctionnel propos\u00e9 par Unik Van, pour partir \u00e0 5 !<\/p>\n","protected":false},"excerpt":{"rendered":"<p>Van sur mesure, tr\u00e8s polyvalent, robuste, tr\u00e8s fiable, simple et pour 5 personnes<\/p>\n","protected":false},"featured_media":1041,"template":"","meta":{"_acf_changed":false,"_seopress_robots_primary_cat":"none","_seopress_titles_title":"","_seopress_titles_desc":"","_seopress_robots_index":"","inline_featured_image":false},"product_brand":[],"product_cat":[35,31],"product_tag":[],"options":[],"class_list":{"0":"post-167","1":"product","2":"type-product","3":"status-publish","4":"has-post-thumbnail","6":"product_cat-van","7":"product_cat-vehicules","9":"first","10":"instock","11":"purchasable","12":"product-type-simple"},"acf":[],"_links":{"self":[{"href":"https:\/\/www.van-away.com\/vente-vans\/wp-json\/wp\/v2\/product\/167","targetHints":{"allow":["GET"]}}],"collection":[{"href":"https:\/\/www.van-away.com\/vente-vans\/wp-json\/wp\/v2\/product"}],"about":[{"href":"https:\/\/www.van-away.com\/vente-vans\/wp-json\/wp\/v2\/types\/product"}],"wp:featuredmedia":[{"embeddable":true,"href":"https:\/\/www.van-away.com\/vente-vans\/wp-json\/wp\/v2\/media\/1041"}],"wp:attachment":[{"href":"https:\/\/www.van-away.com\/vente-vans\/wp-json\/wp\/v2\/media?parent=167"}],"wp:term":[{"taxonomy":"product_brand","embeddable":true,"href":"https:\/\/www.van-away.com\/vente-vans\/wp-json\/wp\/v2\/product_brand?post=167"},{"taxonomy":"product_cat","embeddable":true,"href":"https:\/\/www.van-away.com\/vente-vans\/wp-json\/wp\/v2\/product_cat?post=167"},{"taxonomy":"product_tag","embeddable":true,"href":"https:\/\/www.van-away.com\/vente-vans\/wp-json\/wp\/v2\/product_tag?post=167"},{"taxonomy":"options","embeddable":true,"href":"https:\/\/www.van-away.com\/vente-vans\/wp-json\/wp\/v2\/options?post=167"}],"curies":[{"name":"wp","href":"https:\/\/api.w.org\/{rel}","templated":true}]}}