{"id":164,"date":"2024-09-08T18:33:20","date_gmt":"2024-09-08T16:33:20","guid":{"rendered":"https:\/\/van-away-shop.d.pilot-in.net\/index.php\/product\/hanroad-trek-5-140-cv-boite-auto-58900e-nantes-guerande\/"},"modified":"2026-01-12T18:03:51","modified_gmt":"2026-01-12T17:03:51","slug":"hanroad-trek-5-140-cv-boite-auto-58900e-nantes-guerande","status":"publish","type":"product","link":"https:\/\/www.van-away.com\/vente-vans\/p\/hanroad-trek-5-140-cv-boite-auto-58900e-nantes-guerande","title":{"rendered":"Renault Trafic HANROAD TREK 5+"},"content":{"rendered":"<p>Renault Trafic Extr\u00eame Edition Hanroad : fiabilit\u00e9, fonctionnalit\u00e9, et confort !<\/p>\n","protected":false},"excerpt":{"rendered":"<p>5 places, tr\u00e8s spacieux, modulable et confortable. Tout confort<\/p>\n","protected":false},"featured_media":1000,"template":"","meta":{"_acf_changed":false,"_seopress_robots_primary_cat":"none","_seopress_titles_title":"","_seopress_titles_desc":"","_seopress_robots_index":"","inline_featured_image":false},"product_brand":[],"product_cat":[35,31],"product_tag":[],"options":[],"class_list":{"0":"post-164","1":"product","2":"type-product","3":"status-publish","4":"has-post-thumbnail","6":"product_cat-van","7":"product_cat-vehicules","9":"first","10":"instock","11":"purchasable","12":"product-type-simple"},"acf":[],"_links":{"self":[{"href":"https:\/\/www.van-away.com\/vente-vans\/wp-json\/wp\/v2\/product\/164","targetHints":{"allow":["GET"]}}],"collection":[{"href":"https:\/\/www.van-away.com\/vente-vans\/wp-json\/wp\/v2\/product"}],"about":[{"href":"https:\/\/www.van-away.com\/vente-vans\/wp-json\/wp\/v2\/types\/product"}],"wp:featuredmedia":[{"embeddable":true,"href":"https:\/\/www.van-away.com\/vente-vans\/wp-json\/wp\/v2\/media\/1000"}],"wp:attachment":[{"href":"https:\/\/www.van-away.com\/vente-vans\/wp-json\/wp\/v2\/media?parent=164"}],"wp:term":[{"taxonomy":"product_brand","embeddable":true,"href":"https:\/\/www.van-away.com\/vente-vans\/wp-json\/wp\/v2\/product_brand?post=164"},{"taxonomy":"product_cat","embeddable":true,"href":"https:\/\/www.van-away.com\/vente-vans\/wp-json\/wp\/v2\/product_cat?post=164"},{"taxonomy":"product_tag","embeddable":true,"href":"https:\/\/www.van-away.com\/vente-vans\/wp-json\/wp\/v2\/product_tag?post=164"},{"taxonomy":"options","embeddable":true,"href":"https:\/\/www.van-away.com\/vente-vans\/wp-json\/wp\/v2\/options?post=164"}],"curies":[{"name":"wp","href":"https:\/\/api.w.org\/{rel}","templated":true}]}}