{"id":162,"date":"2026-02-18T09:00:13","date_gmt":"2026-02-18T08:00:13","guid":{"rendered":"https:\/\/van-away-shop.d.pilot-in.net\/index.php\/product\/fourgon-burstner-campeo-c600-140cv-63900e-toulouse\/"},"modified":"2026-02-18T09:07:09","modified_gmt":"2026-02-18T08:07:09","slug":"fourgon-burstner-campeo-c600-140cv-63900e-toulouse","status":"publish","type":"product","link":"https:\/\/www.van-away.com\/vente-vans\/p\/fourgon-burstner-campeo-c600-140cv-63900e-toulouse","title":{"rendered":"Burstner Campeo Campeo B66"},"content":{"rendered":"<p>Issu de la maison Hymer \/ Burstner en Allemagne, le Campeo B66 r\u00e9volutionne en 2025 le monde\u00a0 du fourgon am\u00e9nag\u00e9 avec un rapport prix \/ \u00e9quipement et un look uniques sur le march\u00e9. Avec la fiabilit\u00e9 et qualit\u00e9 Burstner, c&rsquo;est selon nous, avec ce sch\u00e9ma d&rsquo;am\u00e9nagement classique et \u00e9prouv\u00e9, le meilleur fourgon du march\u00e9 !<\/p>\n","protected":false},"excerpt":{"rendered":"<p>Le fourgon am\u00e9nag\u00e9 Burstner Campeo B66 est le compagnon id\u00e9al pour des escapades \u00e0 2, 3 ou 4 dans un v\u00e9hicule beaucoup plus compact qu&rsquo;un camping-car, mais suffisamment \u00e9quip\u00e9 pour une belle autonomie et un grand confort !<\/p>\n<p>R\u00e9serves d&rsquo;eau importantes, autonomie \u00e9lectrique assur\u00e9e gr\u00e2ce au panneau solaire 180W, nombreux rangements, et qualit\u00e9 Burstner de l&rsquo;immobilier sont l\u00e0 pour des escapades r\u00e9ussies !<\/p>\n<p>Notre agence de VAN-AWAY Toulouse vous assure une livraison du v\u00e9hicule dans un \u00e9tat proche du neuf : pneumatiques, carrosserie, \u00e9tat int\u00e9rieur&#8230; Le contr\u00f4le \u00e9tanch\u00e9it\u00e9 est inclus, et nous nous occupons des d\u00e9marches de carte grise !<\/p>\n","protected":false},"featured_media":6516,"template":"","meta":{"_acf_changed":false,"_seopress_robots_primary_cat":"none","_seopress_titles_title":"Vente achat occasion fourgon Burstner campeo B66","_seopress_titles_desc":"Occasion r\u00e9cente fourgon burstner Campeo B66 boite automatique attelage panneau solaire store ext\u00e9rieur et toit relevable. Fourgon ideal pour famille de 4 personnes","_seopress_robots_index":"","inline_featured_image":false},"product_brand":[],"product_cat":[36,31],"product_tag":[],"options":[93,110,92,109,104,94],"class_list":{"0":"post-162","1":"product","2":"type-product","3":"status-publish","4":"has-post-thumbnail","6":"product_cat-fourgon","7":"product_cat-vehicules","9":"first","10":"instock","11":"purchasable","12":"product-type-simple"},"acf":[],"_links":{"self":[{"href":"https:\/\/www.van-away.com\/vente-vans\/wp-json\/wp\/v2\/product\/162","targetHints":{"allow":["GET"]}}],"collection":[{"href":"https:\/\/www.van-away.com\/vente-vans\/wp-json\/wp\/v2\/product"}],"about":[{"href":"https:\/\/www.van-away.com\/vente-vans\/wp-json\/wp\/v2\/types\/product"}],"wp:featuredmedia":[{"embeddable":true,"href":"https:\/\/www.van-away.com\/vente-vans\/wp-json\/wp\/v2\/media\/6516"}],"wp:attachment":[{"href":"https:\/\/www.van-away.com\/vente-vans\/wp-json\/wp\/v2\/media?parent=162"}],"wp:term":[{"taxonomy":"product_brand","embeddable":true,"href":"https:\/\/www.van-away.com\/vente-vans\/wp-json\/wp\/v2\/product_brand?post=162"},{"taxonomy":"product_cat","embeddable":true,"href":"https:\/\/www.van-away.com\/vente-vans\/wp-json\/wp\/v2\/product_cat?post=162"},{"taxonomy":"product_tag","embeddable":true,"href":"https:\/\/www.van-away.com\/vente-vans\/wp-json\/wp\/v2\/product_tag?post=162"},{"taxonomy":"options","embeddable":true,"href":"https:\/\/www.van-away.com\/vente-vans\/wp-json\/wp\/v2\/options?post=162"}],"curies":[{"name":"wp","href":"https:\/\/api.w.org\/{rel}","templated":true}]}}