{"id":155,"date":"2024-09-03T14:14:52","date_gmt":"2024-09-03T12:14:52","guid":{"rendered":"https:\/\/van-away-shop.d.pilot-in.net\/index.php\/product\/mercedes-marco-polo-220d-auto-9g-tronic-2024\/"},"modified":"2026-03-07T14:28:15","modified_gmt":"2026-03-07T13:28:15","slug":"mercedes-marco-polo-220d-auto-9g-tronic-2024","status":"publish","type":"product","link":"https:\/\/www.van-away.com\/vente-vans\/p\/mercedes-marco-polo-220d-auto-9g-tronic-2024","title":{"rendered":"VAN AMENAGE MERCEDES MARCO POLO 220D 9G TRONIC"},"content":{"rendered":"<p>Le van am\u00e9nag\u00e9 haut de gamme sur base de Mercedes Class V, am\u00e9nag\u00e9 par Westfalia parfaitement \u00e9quip\u00e9<\/p>\n<p>&nbsp;<\/p>\n<p>1\u00e8re main immatricul\u00e9 F\u00e9vrier 2024 valeur neuve 93500 euros<\/p>\n<p>&nbsp;<\/p>\n<p>PREMIER ENTRETIEN COMPLET EFFECTUE sous garantie constructeur<\/p>\n<p>EN OPTION CONTRAT D&rsquo;ENTRETIEN ET GARANTI CONSTRUCTEUR jusqu&rsquo;\u00e0 80 000 KM ou 48 mois pour 1254 euros<\/p>\n","protected":false},"excerpt":{"rendered":"<p>MARCO POLO MERCEDES BOITE AUTO haut de gamme PARFAITEMENT EQUIPE<\/p>\n<p>Visio et visite sur RDV<\/p>\n","protected":false},"featured_media":867,"template":"","meta":{"_acf_changed":false,"_seopress_robots_primary_cat":"none","_seopress_titles_title":"","_seopress_titles_desc":"","_seopress_robots_index":"","inline_featured_image":false},"product_brand":[],"product_cat":[35,31],"product_tag":[],"options":[],"class_list":{"0":"post-155","1":"product","2":"type-product","3":"status-publish","4":"has-post-thumbnail","6":"product_cat-van","7":"product_cat-vehicules","9":"first","10":"instock","11":"sale","12":"purchasable","13":"product-type-simple"},"acf":[],"_links":{"self":[{"href":"https:\/\/www.van-away.com\/vente-vans\/wp-json\/wp\/v2\/product\/155","targetHints":{"allow":["GET"]}}],"collection":[{"href":"https:\/\/www.van-away.com\/vente-vans\/wp-json\/wp\/v2\/product"}],"about":[{"href":"https:\/\/www.van-away.com\/vente-vans\/wp-json\/wp\/v2\/types\/product"}],"wp:featuredmedia":[{"embeddable":true,"href":"https:\/\/www.van-away.com\/vente-vans\/wp-json\/wp\/v2\/media\/867"}],"wp:attachment":[{"href":"https:\/\/www.van-away.com\/vente-vans\/wp-json\/wp\/v2\/media?parent=155"}],"wp:term":[{"taxonomy":"product_brand","embeddable":true,"href":"https:\/\/www.van-away.com\/vente-vans\/wp-json\/wp\/v2\/product_brand?post=155"},{"taxonomy":"product_cat","embeddable":true,"href":"https:\/\/www.van-away.com\/vente-vans\/wp-json\/wp\/v2\/product_cat?post=155"},{"taxonomy":"product_tag","embeddable":true,"href":"https:\/\/www.van-away.com\/vente-vans\/wp-json\/wp\/v2\/product_tag?post=155"},{"taxonomy":"options","embeddable":true,"href":"https:\/\/www.van-away.com\/vente-vans\/wp-json\/wp\/v2\/options?post=155"}],"curies":[{"name":"wp","href":"https:\/\/api.w.org\/{rel}","templated":true}]}}